{"id":503892,"date":"2023-05-14T16:34:33","date_gmt":"2023-05-14T14:34:33","guid":{"rendered":"https:\/\/lucacastelli.com\/prodotto\/agria-ferngesteuerter-akku-geraetetraeger-9700e\/"},"modified":"2023-05-14T16:34:33","modified_gmt":"2023-05-14T14:34:33","slug":"agria-ferngesteuerter-akku-geraetetraeger-9700e","status":"publish","type":"product","link":"https:\/\/lucacastelli.com\/de\/produkt\/agria-ferngesteuerter-akku-geraetetraeger-9700e\/","title":{"rendered":"AGRIA Ferngesteuerter Akku-Ger\u00e4tetr\u00e4ger 9700e"},"content":{"rendered":"<p>Die revolution\u00e4re neue Maschine von Agria. Dank der Dreipunktaufh\u00e4ngung sind die Einsatzm\u00f6glichkeiten endlos. Mit dem optionalen Ger\u00e4teadapter Agria 3400\/5900 k\u00f6nnen Sie auch Anbauger\u00e4te verwenden, die sich bereits in Ihrem Fuhrpark befinden. Dank seines emissionsfreien Betriebs kann der 9700e auch f\u00fcr exotischere Arbeiten wie den Materialtransport in Industriegeb\u00e4uden eingesetzt werden.   <\/p>\n<p>Deutlich reduzierter Ger\u00e4uschpegel w\u00e4hrend des Betriebs. Abgasfrei und emissionsfrei sch\u00fctzt es die Umwelt und Ihre Gesundheit. Nahezu wartungsfreier Betrieb im Vergleich zu einem Verbrennungsmotor. Sehr lange Akkulaufzeit (Mulchen ca. 5 Stunden, M\u00e4hbalken ca. 8 Stunden) mit kurzen Ladezeiten (je nach Ladebuchse 5 oder 10 Stunden bei vollst\u00e4ndiger Entladung).   <\/p>\n<p>&#8211; 48V \/ 480Ah<br \/>\n Lithium-Ionen-Akku- Standard-Dreipunktaufh\u00e4ngung (Kat. 1)<br \/>\n&#8211; Hubkraft 300 kg<br \/>\n&#8211; Zapfwelle 540 &#8211; 1000 U\/min, umkehrbare<br \/>\n Drehrichtung- Umkehrbare<br \/>\n Fahrrichtung- Geschwindigkeit 0 &#8211; 9 km\/h<br \/>\n&#8211; Steigung: 50<br \/>\n&#8211; Abmessungen (LxBxH): 180 x 120 x 84,7-92 cm<br \/>\n&#8211; Gewicht: 780 kg<\/p>\n<table class=\"data-table\">\n<colgroup>\n<col width=\"25%\">\n<col>\n                <\/colgroup>\n<tbody>\n<tr class=\"odd\">\n<td class=\"spec-name\">\n<\/td>\n<td class=\"spec-value\">\n48V <\/td>\n<p> Volt<br \/>\n                        <\/tr>\n<tr class=\"even\">\n<td class=\"spec-name\">\n moteur\n                            <\/td>\n<td class=\"spec-value\">\nElektro\/Akku <\/td>\n<\/tr>\n<tr class=\"odd\">\n<td class=\"spec-name\">\n Dispositif d&#8217;entra\u00eenement\n                            <\/td>\n<td class=\"spec-value\">\noui <\/td>\n<\/tr>\n<tr class=\"even\">\n<td class=\"spec-name\">\n Vitesses\n                            <\/td>\n<td class=\"spec-value\">\n\u00e9lectric <\/td>\n<\/tr>\n<tr class=\"odd\">\n<td class=\"spec-name\">\n T\u00e9l\u00e9commande\n                            <\/td>\n<td class=\"spec-value\">\noui <\/td>\n<\/tr>\n<\/tbody>\n<\/table>\n","protected":false},"excerpt":{"rendered":"<p>Die revolution\u00e4re neue Maschine von Agria. Dank der Dreipunktaufh\u00e4ngung sind die Einsatzm\u00f6glichkeiten endlos. Mit dem optionalen Ger\u00e4teadapter Agria 3400\/5900 k\u00f6nnen<\/p>\n","protected":false},"featured_media":55238,"template":"","meta":{"_seopress_robots_primary_cat":"","_seopress_titles_title":"","_seopress_titles_desc":"","_seopress_robots_index":""},"product_brand":[4413],"product_cat":[169,1656,1663],"product_tag":[],"class_list":{"0":"post-503892","1":"product","2":"type-product","3":"status-publish","4":"has-post-thumbnail","6":"product_brand-agria-de","7":"product_cat-maschinen","8":"product_cat-rasenmaher-und-roboter","9":"product_cat-rasenmaher-roboter","10":"sws-gruppo-macchinari-de","11":"sws-conto-ricavi-merci-rivendita-macchinari-de","12":"sws-gruppo-iva-iva81-de","14":"first","15":"onbackorder","16":"shipping-taxable","17":"purchasable","18":"product-type-simple"},"_links":{"self":[{"href":"https:\/\/lucacastelli.com\/de\/wp-json\/wp\/v2\/product\/503892","targetHints":{"allow":["GET"]}}],"collection":[{"href":"https:\/\/lucacastelli.com\/de\/wp-json\/wp\/v2\/product"}],"about":[{"href":"https:\/\/lucacastelli.com\/de\/wp-json\/wp\/v2\/types\/product"}],"wp:featuredmedia":[{"embeddable":true,"href":"https:\/\/lucacastelli.com\/de\/wp-json\/wp\/v2\/media\/55238"}],"wp:attachment":[{"href":"https:\/\/lucacastelli.com\/de\/wp-json\/wp\/v2\/media?parent=503892"}],"wp:term":[{"taxonomy":"product_brand","embeddable":true,"href":"https:\/\/lucacastelli.com\/de\/wp-json\/wp\/v2\/product_brand?post=503892"},{"taxonomy":"product_cat","embeddable":true,"href":"https:\/\/lucacastelli.com\/de\/wp-json\/wp\/v2\/product_cat?post=503892"},{"taxonomy":"product_tag","embeddable":true,"href":"https:\/\/lucacastelli.com\/de\/wp-json\/wp\/v2\/product_tag?post=503892"}],"curies":[{"name":"wp","href":"https:\/\/api.w.org\/{rel}","templated":true}]}}