{"id":503887,"date":"2023-05-27T09:11:18","date_gmt":"2023-05-27T07:11:18","guid":{"rendered":"https:\/\/lucacastelli.com\/prodotto\/agria-kreiselmaeher-8000-comfort-mit-hondamotor\/"},"modified":"2023-05-27T09:11:18","modified_gmt":"2023-05-27T07:11:18","slug":"agria-kreiselmaeher-8000-comfort-mit-hondamotor","status":"publish","type":"product","link":"https:\/\/lucacastelli.com\/de\/produkt\/agria-kreiselmaeher-8000-comfort-mit-hondamotor\/","title":{"rendered":"AGRIA Kreiselm\u00e4her 8000 comfort mit Hondamotor"},"content":{"rendered":"<p>Der wartungsarme Kreiselm\u00e4her f\u00fcr gleichm\u00e4\u00dfiges M\u00e4hen und Verlegen von hohem Gras.<\/p>\n<p>Das Einsatzgebiet dieses Freischneiders liegt zwischen dem Freischneider (Freischneider) und dem Balkenrasenm\u00e4her. In F\u00e4llen, in denen der M\u00e4hbalken zu breit oder zu schwer ist, k\u00f6nnen Sie diesen kleinen Rasenm\u00e4her verwenden. <\/p>\n<p>Rillenschutz f\u00fcr gleichm\u00e4\u00dfiges Positionieren von Schnittresten<br \/>\nEinfache werkzeuglose<br \/>\nGriffh\u00f6henverstellung Attraktives Preis-Leistungs-Verh\u00e4ltnis<br \/>\nGeringer Wartungsaufwand<br \/>\nSeitenschutz f\u00fcr maximale Sicherheit<br \/>\nRobuster Tragegriff<br \/>\nEinfacher Transport im Auto durch geringes Gewicht und kompakte Bauweise Einfacher Transport im Auto<\/p>\n","protected":false},"excerpt":{"rendered":"<p>Der wartungsarme Kreiselm\u00e4her f\u00fcr gleichm\u00e4\u00dfiges M\u00e4hen und Verlegen von hohem Gras. Das Einsatzgebiet dieses Freischneiders liegt zwischen dem Freischneider (Freischneider)<\/p>\n","protected":false},"featured_media":56200,"template":"","meta":{"_seopress_robots_primary_cat":"","_seopress_titles_title":"","_seopress_titles_desc":"","_seopress_robots_index":""},"product_brand":[4413],"product_cat":[1454,1500,169],"product_tag":[],"class_list":{"0":"post-503887","1":"product","2":"type-product","3":"status-publish","4":"has-post-thumbnail","6":"product_brand-agria-de","7":"product_cat-andere-gerate","8":"product_cat-mahmaschinen","9":"product_cat-maschinen","10":"sws-gruppo-macchinari-de","11":"sws-conto-ricavi-merci-rivendita-macchinari-de","12":"sws-gruppo-iva-iva81-de","14":"first","15":"onbackorder","16":"shipping-taxable","17":"purchasable","18":"product-type-simple"},"_links":{"self":[{"href":"https:\/\/lucacastelli.com\/de\/wp-json\/wp\/v2\/product\/503887","targetHints":{"allow":["GET"]}}],"collection":[{"href":"https:\/\/lucacastelli.com\/de\/wp-json\/wp\/v2\/product"}],"about":[{"href":"https:\/\/lucacastelli.com\/de\/wp-json\/wp\/v2\/types\/product"}],"wp:featuredmedia":[{"embeddable":true,"href":"https:\/\/lucacastelli.com\/de\/wp-json\/wp\/v2\/media\/56200"}],"wp:attachment":[{"href":"https:\/\/lucacastelli.com\/de\/wp-json\/wp\/v2\/media?parent=503887"}],"wp:term":[{"taxonomy":"product_brand","embeddable":true,"href":"https:\/\/lucacastelli.com\/de\/wp-json\/wp\/v2\/product_brand?post=503887"},{"taxonomy":"product_cat","embeddable":true,"href":"https:\/\/lucacastelli.com\/de\/wp-json\/wp\/v2\/product_cat?post=503887"},{"taxonomy":"product_tag","embeddable":true,"href":"https:\/\/lucacastelli.com\/de\/wp-json\/wp\/v2\/product_tag?post=503887"}],"curies":[{"name":"wp","href":"https:\/\/api.w.org\/{rel}","templated":true}]}}