{"id":503885,"date":"2023-05-14T11:35:42","date_gmt":"2023-05-14T09:35:42","guid":{"rendered":"https:\/\/lucacastelli.com\/prodotto\/agria-ferngesteuerter-hochgras-sichelmulcher-9500-70-bs\/"},"modified":"2023-05-14T11:35:42","modified_gmt":"2023-05-14T09:35:42","slug":"agria-ferngesteuerter-hochgras-sichelmulcher-9500-70-bs","status":"publish","type":"product","link":"https:\/\/lucacastelli.com\/de\/produkt\/agria-ferngesteuerter-hochgras-sichelmulcher-9500-70-bs\/","title":{"rendered":"AGRIA Ferngesteuerter Hochgras- Sichelmulcher 9500-70 (B&amp;S)"},"content":{"rendered":"<p>Der funkgesteuerte Hochschlegelm\u00e4her f\u00fcr den t\u00e4glichen Einsatz im professionellen Gartenbau.<\/p>\n<p>Besondere<br \/>\nMerkmale Sehr niedriger Schwerpunkt und ideale Gewichtsverteilung, erg\u00e4nzt durch Raupen f\u00fcr sicheres Arbeiten auf jedem Gel\u00e4nde<br \/>\nNullumkehr<br \/>\nExtrem wendig in steilen H\u00e4ngen bis ca. 45\u00b0 (100 %)<br \/>\nHervorragende Schnittqualit\u00e4t mit Mulcheffekt sowohl vorw\u00e4rts als auch r\u00fcckw\u00e4rts<br \/>\nInnovatives Hybridantriebskonzept: Elektroantrieb und leistungsstarker Verbrennungsmotor<br \/>\nGleichm\u00e4\u00dfige Verteilung des Schnittguts<br \/>\nFeines Schnittergebnis, ideal f\u00fcr repr\u00e4sentative Bereiche, z.B. in Parks<br \/>\nGeringer Kraftstoffverbrauch und hohe Leistung dank Hybrid-Elektroantrieb<br \/>\nDer Bediener ist immer sicher und vor Staub, Vibrationen, L\u00e4rm und Abgasen<br \/>\ngesch\u00fctzt G\u00fcnstiges Einsteigermodell<\/p>\n<table class=\"data-table\">\n<colgroup>\n<col width=\"25%\">\n<col>\n                <\/colgroup>\n<tbody>\n<tr class=\"odd\">\n<td class=\"spec-name\">\n L\u00e4nge 70\n                            <\/td>\n<td class=\"spec-value\">\ncm <\/td>\n<\/tr>\n<tr class=\"even\">\n<td class=\"spec-name\">\n<\/td>\n<td class=\"spec-value\">\nLeistung 16,2 PS <\/td>\n<\/tr>\n<tr class=\"odd\">\n<td class=\"spec-name\">\n T\u00e9l\u00e9commande\n                            <\/td>\n<td class=\"spec-value\">\noui <\/td>\n<\/tr>\n<tr class=\"even\">\n<td class=\"spec-name\">\n moteur\n                            <\/td>\n<td class=\"spec-value\">\nessence 4T <\/td>\n<\/tr>\n<tr class=\"odd\">\n<td class=\"spec-name\">\n zylindre\n                            <\/td>\n<td class=\"spec-value\">\n2 zylindre <\/td>\n<\/tr>\n<tr class=\"even\">\n<td class=\"spec-name\">\n d\u00e9marreur \u00e9lectrique\n                            <\/td>\n<td class=\"spec-value\">\noui <\/td>\n<\/tr>\n<tr class=\"odd\">\n<td class=\"spec-name\">\n Dispositif d&#8217;entra\u00eenement\n                            <\/td>\n<td class=\"spec-value\">\noui <\/td>\n<\/tr>\n<tr class=\"even\">\n<td class=\"spec-name\">\n Moyen de Propulsion\n                            <\/td>\n<td class=\"spec-value\">\nHybride <\/td>\n<\/tr>\n<tr class=\"odd\">\n<td class=\"spec-name\">\n Vitesses\n                            <\/td>\n<td class=\"spec-value\">\n\u00e9lectric <\/td>\n<\/tr>\n<\/tbody>\n<\/table>\n","protected":false},"excerpt":{"rendered":"<p>Der funkgesteuerte Hochschlegelm\u00e4her f\u00fcr den t\u00e4glichen Einsatz im professionellen Gartenbau. Besondere Merkmale Sehr niedriger Schwerpunkt und ideale Gewichtsverteilung, erg\u00e4nzt durch<\/p>\n","protected":false},"featured_media":55233,"template":"","meta":{"_seopress_robots_primary_cat":"","_seopress_titles_title":"","_seopress_titles_desc":"","_seopress_robots_index":""},"product_brand":[4413],"product_cat":[169,1656,1663],"product_tag":[],"class_list":{"0":"post-503885","1":"product","2":"type-product","3":"status-publish","4":"has-post-thumbnail","6":"product_brand-agria-de","7":"product_cat-maschinen","8":"product_cat-rasenmaher-und-roboter","9":"product_cat-rasenmaher-roboter","10":"sws-gruppo-macchinari-de","11":"sws-conto-ricavi-merci-rivendita-macchinari-de","12":"sws-gruppo-iva-iva81-de","14":"first","15":"onbackorder","16":"shipping-taxable","17":"purchasable","18":"product-type-simple"},"_links":{"self":[{"href":"https:\/\/lucacastelli.com\/de\/wp-json\/wp\/v2\/product\/503885","targetHints":{"allow":["GET"]}}],"collection":[{"href":"https:\/\/lucacastelli.com\/de\/wp-json\/wp\/v2\/product"}],"about":[{"href":"https:\/\/lucacastelli.com\/de\/wp-json\/wp\/v2\/types\/product"}],"wp:featuredmedia":[{"embeddable":true,"href":"https:\/\/lucacastelli.com\/de\/wp-json\/wp\/v2\/media\/55233"}],"wp:attachment":[{"href":"https:\/\/lucacastelli.com\/de\/wp-json\/wp\/v2\/media?parent=503885"}],"wp:term":[{"taxonomy":"product_brand","embeddable":true,"href":"https:\/\/lucacastelli.com\/de\/wp-json\/wp\/v2\/product_brand?post=503885"},{"taxonomy":"product_cat","embeddable":true,"href":"https:\/\/lucacastelli.com\/de\/wp-json\/wp\/v2\/product_cat?post=503885"},{"taxonomy":"product_tag","embeddable":true,"href":"https:\/\/lucacastelli.com\/de\/wp-json\/wp\/v2\/product_tag?post=503885"}],"curies":[{"name":"wp","href":"https:\/\/api.w.org\/{rel}","templated":true}]}}