{"id":503884,"date":"2023-05-14T11:33:24","date_gmt":"2023-05-14T09:33:24","guid":{"rendered":"https:\/\/lucacastelli.com\/prodotto\/agria-hochgras-sichelmulcher-9600-112-kawa\/"},"modified":"2023-05-14T11:33:24","modified_gmt":"2023-05-14T09:33:24","slug":"agria-hochgras-sichelmulcher-9600-112-kawa","status":"publish","type":"product","link":"https:\/\/lucacastelli.com\/de\/produkt\/agria-hochgras-sichelmulcher-9600-112-kawa\/","title":{"rendered":"AGRIA Hochgras- Sichelmulcher 9600-112 (Kawa)"},"content":{"rendered":"<p>Der ferngesteuerte Hochrasenm\u00e4her 9600 von Agria mit dem innovativen Hybridantriebskonzept: Elektroantrieb und leistungsstarker Verbrennungsmotor. Die Profi-Maschine mit einer Schnittbreite von 112 cm f\u00fcr den wirtschaftlichen Einsatz in Problemzonen mit umfangreicher Wartung. M\u00e4hen an fast allen H\u00e4ngen bis zu einer Neigung von ca. 55\u00b0 (143%).  <\/p>\n<p>Der hohe Grasm\u00e4her 9600 von Agria mit Kehrsteuerung bietet ein hervorragendes M\u00e4hergebnis sowohl im Vorw\u00e4rts- als auch im R\u00fcckw\u00e4rtsgang. Dadurch wird das Wendeman\u00f6ver \u00fcberfl\u00fcssig. Die beiden leistungsstarken 48 Volt Elektroantriebe (b\u00fcrstenlos) erm\u00f6glichen eine \u00e4u\u00dferst feinf\u00fchlige und direkte Steuerung der Maschine.  <\/p>\n<p>Die ausgekl\u00fcgelte und ausgewogene Gewichtsverteilung, der niedrige Schwerpunkt und nicht zuletzt das zuverl\u00e4ssige Raupenfahrwerk mit Null-Wenderadius sorgen f\u00fcr einen sicheren und bodenschonenden Betrieb in &#8220;Problemzonen&#8221;.<\/p>\n<p>Das Elektro-Hybrid-Antriebskonzept erm\u00f6glicht es, den Wartungsaufwand enorm zu reduzieren. Durch die Verwendung einer minimalen Anzahl von Schmierstoffen und die Verwendung von wartungsfreien Kugellagern wird der Halbmondm\u00e4her AGRIA 9600 haupts\u00e4chlich auf dem Feld und nicht in der Garage eingesetzt. <\/p>\n<table class=\"data-table\">\n<colgroup>\n<col width=\"25%\">\n<col>\n                <\/colgroup>\n<tbody>\n<tr class=\"odd\">\n<td class=\"spec-name\">\n L\u00e4nge der Travail\n                            <\/td>\n<td class=\"spec-value\">\n112 cm <\/td>\n<\/tr>\n<tr class=\"even\">\n<td class=\"spec-name\">\n<\/td>\n<td class=\"spec-value\">\nLeistung 22,3 PS <\/td>\n<\/tr>\n<tr class=\"odd\">\n<td class=\"spec-name\">\n moteur\n                            <\/td>\n<td class=\"spec-value\">\nessence 4T <\/td>\n<\/tr>\n<tr class=\"even\">\n<td class=\"spec-name\">\n zylindre\n                            <\/td>\n<td class=\"spec-value\">\n2 zylindre <\/td>\n<\/tr>\n<tr class=\"odd\">\n<td class=\"spec-name\">\n d\u00e9marreur \u00e9lectrique\n                            <\/td>\n<td class=\"spec-value\">\noui <\/td>\n<\/tr>\n<tr class=\"even\">\n<td class=\"spec-name\">\n Dispositif d&#8217;entra\u00eenement\n                            <\/td>\n<td class=\"spec-value\">\noui <\/td>\n<\/tr>\n<tr class=\"odd\">\n<td class=\"spec-name\">\n Moyen de Propulsion\n                            <\/td>\n<td class=\"spec-value\">\nHybride <\/td>\n<\/tr>\n<tr class=\"even\">\n<td class=\"spec-name\">\n Vitesses\n                            <\/td>\n<td class=\"spec-value\">\n\u00e9lectric <\/td>\n<\/tr>\n<tr class=\"odd\">\n<td class=\"spec-name\">\n T\u00e9l\u00e9commande\n                            <\/td>\n<td class=\"spec-value\">\noui <\/td>\n<\/tr>\n<tr class=\"even\">\n<td class=\"spec-name\">\n accessoire optionnel\n                            <\/td>\n<td class=\"spec-value\">\noui <\/td>\n<\/tr>\n<tr class=\"odd\">\n<td class=\"spec-name\">\n sp\u00e9cialit\u00e9s\n                            <\/td>\n<td class=\"spec-value\">\nAlle Funktionen per Fehrnsteuerung bedienbar <\/td>\n<\/tr>\n<\/tbody>\n<\/table>\n","protected":false},"excerpt":{"rendered":"<p>Der ferngesteuerte Hochrasenm\u00e4her 9600 von Agria mit dem innovativen Hybridantriebskonzept: Elektroantrieb und leistungsstarker Verbrennungsmotor. Die Profi-Maschine mit einer Schnittbreite von<\/p>\n","protected":false},"featured_media":55207,"template":"","meta":{"_seopress_robots_primary_cat":"","_seopress_titles_title":"","_seopress_titles_desc":"","_seopress_robots_index":""},"product_brand":[4413],"product_cat":[169,1656,1663],"product_tag":[],"class_list":{"0":"post-503884","1":"product","2":"type-product","3":"status-publish","4":"has-post-thumbnail","6":"product_brand-agria-de","7":"product_cat-maschinen","8":"product_cat-rasenmaher-und-roboter","9":"product_cat-rasenmaher-roboter","10":"sws-gruppo-macchinari-de","11":"sws-conto-ricavi-merci-rivendita-macchinari-de","12":"sws-gruppo-iva-iva81-de","14":"first","15":"onbackorder","16":"shipping-taxable","17":"purchasable","18":"product-type-simple"},"_links":{"self":[{"href":"https:\/\/lucacastelli.com\/de\/wp-json\/wp\/v2\/product\/503884","targetHints":{"allow":["GET"]}}],"collection":[{"href":"https:\/\/lucacastelli.com\/de\/wp-json\/wp\/v2\/product"}],"about":[{"href":"https:\/\/lucacastelli.com\/de\/wp-json\/wp\/v2\/types\/product"}],"wp:featuredmedia":[{"embeddable":true,"href":"https:\/\/lucacastelli.com\/de\/wp-json\/wp\/v2\/media\/55207"}],"wp:attachment":[{"href":"https:\/\/lucacastelli.com\/de\/wp-json\/wp\/v2\/media?parent=503884"}],"wp:term":[{"taxonomy":"product_brand","embeddable":true,"href":"https:\/\/lucacastelli.com\/de\/wp-json\/wp\/v2\/product_brand?post=503884"},{"taxonomy":"product_cat","embeddable":true,"href":"https:\/\/lucacastelli.com\/de\/wp-json\/wp\/v2\/product_cat?post=503884"},{"taxonomy":"product_tag","embeddable":true,"href":"https:\/\/lucacastelli.com\/de\/wp-json\/wp\/v2\/product_tag?post=503884"}],"curies":[{"name":"wp","href":"https:\/\/api.w.org\/{rel}","templated":true}]}}