{"id":503879,"date":"2023-05-14T11:34:03","date_gmt":"2023-05-14T09:34:03","guid":{"rendered":"https:\/\/lucacastelli.com\/prodotto\/agria-hochgras-sichelmulcher-9500-80-kawa\/"},"modified":"2023-05-14T11:34:03","modified_gmt":"2023-05-14T09:34:03","slug":"agria-hochgras-sichelmulcher-9500-80-kawa","status":"publish","type":"product","link":"https:\/\/lucacastelli.com\/de\/produkt\/agria-hochgras-sichelmulcher-9500-80-kawa\/","title":{"rendered":"AGRIA Hochgras Sichelmulcher 9500-80 (Kawa)"},"content":{"rendered":"<p>  Der funkgesteuerte Hochschlegelm\u00e4her f\u00fcr den t\u00e4glichen Einsatz im professionellen Gartenbau.<\/p>\n<p>Besonderheiten<br \/>\nSehr niedriger Schwerpunkt und ideale Gewichtsverteilung, erg\u00e4nzt durch Raupen, um auf jedem Gel\u00e4nde sicher zu arbeiten<br \/>\nNull-Kehrtwende<br \/>\nExtrem wendig in steilen H\u00e4ngen bis ca. 50\u00b0 (120%)<br \/>\nHervorragende Schnittqualit\u00e4t mit Mulcheffekt sowohl vorw\u00e4rts als auch r\u00fcckw\u00e4rts<br \/>\nInnovatives Hybrid-Antriebskonzept: Elektroantrieb und leistungsstarker Verbrennungsmotor<br \/>\nGleichm\u00e4\u00dfige Verteilung der Schnittr\u00fcckst\u00e4nde<br \/>\nFeines Schnittergebnis, ideal f\u00fcr repr\u00e4sentative Fl\u00e4chen, z.B. in Parks<br \/>\nNiedriger Kraftstoffverbrauch und hohe Leistung dank Hybrid-Elektroantrieb<br \/>\nDer Bediener ist immer sicher und vor Staub, Vibrationen, L\u00e4rm und Abgasen gesch\u00fctzt<br \/>\nG\u00fcnstiges Einsteigermodell<\/p>\n<table class=\"data-table\">\n<colgroup>\n<col width=\"25%\">\n<col>\n                <\/colgroup>\n<tbody>\n<tr class=\"odd\">\n<td class=\"spec-name\">\n Longeur de travail\n                            <\/td>\n<td class=\"spec-value\">\n80 cm <\/td>\n<\/tr>\n<tr class=\"even\">\n<td class=\"spec-name\">\n<\/td>\n<td class=\"spec-value\">\nLeistung 17,3 PS \/ 12,7 kW <\/td>\n<\/tr>\n<tr class=\"odd\">\n<td class=\"spec-name\">\n moteur\n                            <\/td>\n<td class=\"spec-value\">\nessence 4T <\/td>\n<\/tr>\n<tr class=\"even\">\n<td class=\"spec-name\">\n zylindre\n                            <\/td>\n<td class=\"spec-value\">\n2 zylindre <\/td>\n<\/tr>\n<tr class=\"odd\">\n<td class=\"spec-name\">\n d\u00e9marreur \u00e9lectrique\n                            <\/td>\n<td class=\"spec-value\">\noui <\/td>\n<\/tr>\n<tr class=\"even\">\n<td class=\"spec-name\">\n Moyen de Propulsion\n                            <\/td>\n<td class=\"spec-value\">\nHybride <\/td>\n<\/tr>\n<tr class=\"odd\">\n<td class=\"spec-name\">\n Vitesses\n                            <\/td>\n<td class=\"spec-value\">\n\u00e9lectric <\/td>\n<\/tr>\n<tr class=\"even\">\n<td class=\"spec-name\">\n T\u00e9l\u00e9commande\n                            <\/td>\n<td class=\"spec-value\">\noui <\/td>\n<\/tr>\n<tr class=\"odd\">\n<td class=\"spec-name\">\n accessoire optionnel\n                            <\/td>\n<td class=\"spec-value\">\noui <\/td>\n<\/tr>\n<tr class=\"even\">\n<td class=\"spec-name\">\n sp\u00e9cialit\u00e9s\n                            <\/td>\n<td class=\"spec-value\">\nAlle Funktionen per Fehrnsteuerung bedienbar <\/td>\n<\/tr>\n<\/tbody>\n<\/table>\n","protected":false},"excerpt":{"rendered":"<p>Der funkgesteuerte Hochschlegelm\u00e4her f\u00fcr den t\u00e4glichen Einsatz im professionellen Gartenbau. Besonderheiten Sehr niedriger Schwerpunkt und ideale Gewichtsverteilung, erg\u00e4nzt durch Raupen,<\/p>\n","protected":false},"featured_media":55228,"template":"","meta":{"_seopress_robots_primary_cat":"","_seopress_titles_title":"","_seopress_titles_desc":"","_seopress_robots_index":""},"product_brand":[4413],"product_cat":[169,1656,1663],"product_tag":[],"class_list":{"0":"post-503879","1":"product","2":"type-product","3":"status-publish","4":"has-post-thumbnail","6":"product_brand-agria-de","7":"product_cat-maschinen","8":"product_cat-rasenmaher-und-roboter","9":"product_cat-rasenmaher-roboter","10":"sws-gruppo-macchinari-de","11":"sws-conto-ricavi-merci-rivendita-macchinari-de","12":"sws-gruppo-iva-iva81-de","14":"first","15":"onbackorder","16":"shipping-taxable","17":"purchasable","18":"product-type-simple"},"_links":{"self":[{"href":"https:\/\/lucacastelli.com\/de\/wp-json\/wp\/v2\/product\/503879","targetHints":{"allow":["GET"]}}],"collection":[{"href":"https:\/\/lucacastelli.com\/de\/wp-json\/wp\/v2\/product"}],"about":[{"href":"https:\/\/lucacastelli.com\/de\/wp-json\/wp\/v2\/types\/product"}],"wp:featuredmedia":[{"embeddable":true,"href":"https:\/\/lucacastelli.com\/de\/wp-json\/wp\/v2\/media\/55228"}],"wp:attachment":[{"href":"https:\/\/lucacastelli.com\/de\/wp-json\/wp\/v2\/media?parent=503879"}],"wp:term":[{"taxonomy":"product_brand","embeddable":true,"href":"https:\/\/lucacastelli.com\/de\/wp-json\/wp\/v2\/product_brand?post=503879"},{"taxonomy":"product_cat","embeddable":true,"href":"https:\/\/lucacastelli.com\/de\/wp-json\/wp\/v2\/product_cat?post=503879"},{"taxonomy":"product_tag","embeddable":true,"href":"https:\/\/lucacastelli.com\/de\/wp-json\/wp\/v2\/product_tag?post=503879"}],"curies":[{"name":"wp","href":"https:\/\/api.w.org\/{rel}","templated":true}]}}