{"id":503842,"date":"2025-07-18T17:16:25","date_gmt":"2025-07-18T15:16:25","guid":{"rendered":"https:\/\/lucacastelli.com\/prodotto\/milwaukee-spezialanwendungen-edelstahl\/"},"modified":"2025-07-18T17:16:25","modified_gmt":"2025-07-18T15:16:25","slug":"milwaukee-spezialanwendungen-edelstahl","status":"publish","type":"product","link":"https:\/\/lucacastelli.com\/de\/produkt\/milwaukee-spezialanwendungen-edelstahl\/","title":{"rendered":"MILWAUKEE Spezialanwendungen: Edelstahl"},"content":{"rendered":"<p>Die Z\u00e4hne dieser Klinge bestehen aus einem Hartmetallstreifen, wodurch sie f\u00fcr St\u00e4hle mit hohem Legierungsgehalt wie z. B. Edelstahl geeignet und langlebig ist. Um die besten Ergebnisse bei der Arbeit ohne schmerzhafte Einwirkung zu erzielen, ist es \u00fcblich, Schneid\u00f6l als Schmiermittel zu verwenden<\/p>\n","protected":false},"excerpt":{"rendered":"<p>Die Z\u00e4hne dieser Klinge bestehen aus einem Hartmetallstreifen, wodurch sie f\u00fcr St\u00e4hle mit hohem Legierungsgehalt wie z. B. Edelstahl geeignet<\/p>\n","protected":false},"featured_media":494768,"template":"","meta":{"_seopress_robots_primary_cat":"","_seopress_titles_title":"","_seopress_titles_desc":"","_seopress_robots_index":""},"product_brand":[3407],"product_cat":[29,514,558],"product_tag":[3270],"class_list":{"0":"post-503842","1":"product","2":"type-product","3":"status-publish","4":"has-post-thumbnail","6":"product_brand-milwaukee","7":"product_cat-macchinari","8":"product_cat-altri-dispositivi","9":"product_cat-seghe-accessori-vari","10":"product_tag-import-milwau","11":"sws-gruppo-macchinari-de","12":"sws-conto-ricavi-merci-rivendita-macchinari-de","13":"sws-gruppo-iva-iva81-de","15":"first","16":"onbackorder","17":"sale","18":"shipping-taxable","19":"purchasable","20":"product-type-simple"},"_links":{"self":[{"href":"https:\/\/lucacastelli.com\/de\/wp-json\/wp\/v2\/product\/503842","targetHints":{"allow":["GET"]}}],"collection":[{"href":"https:\/\/lucacastelli.com\/de\/wp-json\/wp\/v2\/product"}],"about":[{"href":"https:\/\/lucacastelli.com\/de\/wp-json\/wp\/v2\/types\/product"}],"wp:featuredmedia":[{"embeddable":true,"href":"https:\/\/lucacastelli.com\/de\/wp-json\/wp\/v2\/media\/494768"}],"wp:attachment":[{"href":"https:\/\/lucacastelli.com\/de\/wp-json\/wp\/v2\/media?parent=503842"}],"wp:term":[{"taxonomy":"product_brand","embeddable":true,"href":"https:\/\/lucacastelli.com\/de\/wp-json\/wp\/v2\/product_brand?post=503842"},{"taxonomy":"product_cat","embeddable":true,"href":"https:\/\/lucacastelli.com\/de\/wp-json\/wp\/v2\/product_cat?post=503842"},{"taxonomy":"product_tag","embeddable":true,"href":"https:\/\/lucacastelli.com\/de\/wp-json\/wp\/v2\/product_tag?post=503842"}],"curies":[{"name":"wp","href":"https:\/\/api.w.org\/{rel}","templated":true}]}}