{"id":503832,"date":"2025-07-18T17:16:20","date_gmt":"2025-07-18T15:16:20","guid":{"rendered":"https:\/\/lucacastelli.com\/prodotto\/milwaukee-spezialanwendungen-fiberglas-verstaerkter-kunststoff-acrylglas\/"},"modified":"2025-07-18T17:16:20","modified_gmt":"2025-07-18T15:16:20","slug":"milwaukee-spezialanwendungen-fiberglas-verstaerkter-kunststoff-acrylglas","status":"publish","type":"product","link":"https:\/\/lucacastelli.com\/de\/produkt\/milwaukee-spezialanwendungen-fiberglas-verstaerkter-kunststoff-acrylglas\/","title":{"rendered":"MILWAUKEE Spezialanwendungen: Fiberglas \/ Verst\u00e4rkter Kunststoff \/ Acrylglas"},"content":{"rendered":"<p>HM Stichs\u00e4geblatt f\u00fcr spezielle Einsatzzwecke, geeignet f\u00fcr Fiberglas, verst\u00e4rkten Kunststoff und Acrylglas, passend f\u00fcr alle Stichs\u00e4gen mit T-Schaftgeh\u00e4use<\/p>\n","protected":false},"excerpt":{"rendered":"<p>HM Stichs\u00e4geblatt f\u00fcr spezielle Einsatzzwecke, geeignet f\u00fcr Fiberglas, verst\u00e4rkten Kunststoff und Acrylglas, passend f\u00fcr alle Stichs\u00e4gen mit T-Schaftgeh\u00e4use<\/p>\n","protected":false},"featured_media":495194,"template":"","meta":{"_seopress_robots_primary_cat":"","_seopress_titles_title":"","_seopress_titles_desc":"","_seopress_robots_index":""},"product_brand":[3407],"product_cat":[29,514,558],"product_tag":[3270],"class_list":{"0":"post-503832","1":"product","2":"type-product","3":"status-publish","4":"has-post-thumbnail","6":"product_brand-milwaukee","7":"product_cat-macchinari","8":"product_cat-altri-dispositivi","9":"product_cat-seghe-accessori-vari","10":"product_tag-import-milwau","11":"sws-gruppo-macchinari-de","12":"sws-conto-ricavi-merci-rivendita-macchinari-de","13":"sws-gruppo-iva-iva81-de","15":"first","16":"onbackorder","17":"sale","18":"shipping-taxable","19":"purchasable","20":"product-type-simple"},"_links":{"self":[{"href":"https:\/\/lucacastelli.com\/de\/wp-json\/wp\/v2\/product\/503832","targetHints":{"allow":["GET"]}}],"collection":[{"href":"https:\/\/lucacastelli.com\/de\/wp-json\/wp\/v2\/product"}],"about":[{"href":"https:\/\/lucacastelli.com\/de\/wp-json\/wp\/v2\/types\/product"}],"wp:featuredmedia":[{"embeddable":true,"href":"https:\/\/lucacastelli.com\/de\/wp-json\/wp\/v2\/media\/495194"}],"wp:attachment":[{"href":"https:\/\/lucacastelli.com\/de\/wp-json\/wp\/v2\/media?parent=503832"}],"wp:term":[{"taxonomy":"product_brand","embeddable":true,"href":"https:\/\/lucacastelli.com\/de\/wp-json\/wp\/v2\/product_brand?post=503832"},{"taxonomy":"product_cat","embeddable":true,"href":"https:\/\/lucacastelli.com\/de\/wp-json\/wp\/v2\/product_cat?post=503832"},{"taxonomy":"product_tag","embeddable":true,"href":"https:\/\/lucacastelli.com\/de\/wp-json\/wp\/v2\/product_tag?post=503832"}],"curies":[{"name":"wp","href":"https:\/\/api.w.org\/{rel}","templated":true}]}}