{"id":503788,"date":"2025-07-19T10:51:48","date_gmt":"2025-07-19T08:51:48","guid":{"rendered":"https:\/\/lucacastelli.com\/prodotto\/milwaukee-lochdozer-lochsaegen-4\/"},"modified":"2025-07-19T10:51:48","modified_gmt":"2025-07-19T08:51:48","slug":"milwaukee-lochdozer-lochsaegen-4","status":"publish","type":"product","link":"https:\/\/lucacastelli.com\/de\/produkt\/milwaukee-lochdozer-lochsaegen-4\/","title":{"rendered":"MILWAUKEE Lochdozer Lochs\u00e4gen"},"content":{"rendered":"<p>Hochleistungs-Bimetall-Lochs\u00e4gen; Variables Zahndesign (4\/6 Z\u00e4hne pro Zoll) mit einer Neigung von 10\u00b0 erm\u00f6glicht: Schnellere und aggressivere Schnitte. W\u00e4rmeverlust beim Schneiden f\u00fcr weniger Verschlei\u00df an den Z\u00e4hnen. Spezielles Zahndesign, geringere Neigung zum Klemmen bei d\u00fcnneren Materialien. Die besondere Gestaltung des Zahnes verringert die Neigung zum Festfressen. Erfordert weniger Druck &#8211; Dies wird durch die Kombination aus aggressiver Zahngeometrie und guter Spanexplosion erreicht; Zusammensetzung der Z\u00e4hne. Die Stahlzusammensetzung Matrix II mit 8 % Kobalt, die es Ihnen erm\u00f6glicht, die Z\u00e4hne auch bei den anspruchsvollsten Anwendungen intakt zu halten. Bimetallische Konstruktion &#8211; Stahlz\u00e4hne werden lasergeschwei\u00dft auf einen K\u00f6rper aus legiertem Stahl. Die Z\u00e4hne sind auf 65 HRC Metall bei einer Temperatur von 600\u00b0C geh\u00e4rtet, um eine maximale Haltbarkeit zu gew\u00e4hrleisten. Aufgrund der hohen Verschlei\u00dffestigkeit von Matrice II Stahl eignen sich diese Lochs\u00e4gen ideal zum Schneiden von Materialien wie Edelstahl und weichen Materialien wie Holz; Robuster Kern mit einer Dicke von 1,27 mm, garantiert den richtigen Kompromiss zwischen Steifigkeit und Elastizit\u00e4t bei der Anwendung. Schnitttiefe 41 mm; Endkappe. Der Stahlboden ist 5 mm dick, diese Eigenschaft reduziert Vibrationen erheblich und verhindert, dass sich die Lochs\u00e4ge ausdehnt. Ausgezeichnete Rundlaufgenauigkeit, garantiert hervorragende Leistung; Gro\u00dfer seitlicher Zugangsbereich f\u00fcr schnelle und einfache Materialentnahme; Dank ihrer robusten Bauweise und der perfekten Rotation eignen sich diese Lochs\u00e4gen nicht nur f\u00fcr Akku- und Kabelwerkzeuge, sondern k\u00f6nnen auch teilweise mit station\u00e4ren Ger\u00e4ten verwendet werden; Diese Reihe hochwertiger Lochs\u00e4gen ist die perfekte L\u00f6sung f\u00fcr das Schneiden aller Arten von Materialien: Stahl bis 1000 N\/mm2, Edelstahl und s\u00e4urebest\u00e4ndiger Stahl, Nichteisenwerkstoffe, Gusseisen, Aluminium, Holz, MDF, Gipskartonplatten, Sandwich, PVC           <\/p>\n","protected":false},"excerpt":{"rendered":"<p>Hochleistungs-Bimetall-Lochs\u00e4gen; Variables Zahndesign (4\/6 Z\u00e4hne pro Zoll) mit einer Neigung von 10\u00b0 erm\u00f6glicht: Schnellere und aggressivere Schnitte. W\u00e4rmeverlust beim Schneiden<\/p>\n","protected":false},"featured_media":495756,"template":"","meta":{"_seopress_robots_primary_cat":"","_seopress_titles_title":"","_seopress_titles_desc":"","_seopress_robots_index":""},"product_brand":[3407],"product_cat":[29,514,549,550],"product_tag":[3270],"class_list":{"0":"post-503788","1":"product","2":"type-product","3":"status-publish","4":"has-post-thumbnail","6":"product_brand-milwaukee","7":"product_cat-macchinari","8":"product_cat-altri-dispositivi","9":"product_cat-trapani-e-avvitatori","10":"product_cat-accessori-per-trapani-ed-avvitatori","11":"product_tag-import-milwau","12":"sws-gruppo-macchinari-de","13":"sws-conto-ricavi-merci-rivendita-macchinari-de","14":"sws-gruppo-iva-iva81-de","16":"first","17":"onbackorder","18":"sale","19":"shipping-taxable","20":"purchasable","21":"product-type-simple"},"_links":{"self":[{"href":"https:\/\/lucacastelli.com\/de\/wp-json\/wp\/v2\/product\/503788","targetHints":{"allow":["GET"]}}],"collection":[{"href":"https:\/\/lucacastelli.com\/de\/wp-json\/wp\/v2\/product"}],"about":[{"href":"https:\/\/lucacastelli.com\/de\/wp-json\/wp\/v2\/types\/product"}],"wp:featuredmedia":[{"embeddable":true,"href":"https:\/\/lucacastelli.com\/de\/wp-json\/wp\/v2\/media\/495756"}],"wp:attachment":[{"href":"https:\/\/lucacastelli.com\/de\/wp-json\/wp\/v2\/media?parent=503788"}],"wp:term":[{"taxonomy":"product_brand","embeddable":true,"href":"https:\/\/lucacastelli.com\/de\/wp-json\/wp\/v2\/product_brand?post=503788"},{"taxonomy":"product_cat","embeddable":true,"href":"https:\/\/lucacastelli.com\/de\/wp-json\/wp\/v2\/product_cat?post=503788"},{"taxonomy":"product_tag","embeddable":true,"href":"https:\/\/lucacastelli.com\/de\/wp-json\/wp\/v2\/product_tag?post=503788"}],"curies":[{"name":"wp","href":"https:\/\/api.w.org\/{rel}","templated":true}]}}