{"id":503764,"date":"2025-07-19T10:51:37","date_gmt":"2025-07-19T08:51:37","guid":{"rendered":"https:\/\/lucacastelli.com\/prodotto\/milwaukee-compact-kassetten-schraubendreher-bits-2\/"},"modified":"2025-07-19T10:51:37","modified_gmt":"2025-07-19T08:51:37","slug":"milwaukee-compact-kassetten-schraubendreher-bits-2","status":"publish","type":"product","link":"https:\/\/lucacastelli.com\/de\/produkt\/milwaukee-compact-kassetten-schraubendreher-bits-2\/","title":{"rendered":"MILWAUKEE Compact Kassetten-Schraubendreher-Bits"},"content":{"rendered":"<p>Taschendesign: 110 mm x 65 mm x 15 mm; Einfaches \u00d6ffnen und Schlie\u00dfen; Seitenfach, in dem die 50-mm-Magnethalterung untergebracht ist;Transparentes Fenster, das die Bits vor Staub sch\u00fctzt; Hochwertige Profi-Bits mit 60 HRC H\u00e4rte und 1\/4&#8221; Sechskantantrieb. Die 25 mm Bits werden nach DIN 3126 &#8211; C 6.3 gefertigt. w\u00e4hrend die 50-mm-Bithalter nach DIN 3126 &#8211; E 6.3 gefertigt sind; Magnetischer Bithalter mit Schnellkupplung  <\/p>\n","protected":false},"excerpt":{"rendered":"<p>Taschendesign: 110 mm x 65 mm x 15 mm; Einfaches \u00d6ffnen und Schlie\u00dfen; Seitenfach, in dem die 50-mm-Magnethalterung untergebracht ist;Transparentes<\/p>\n","protected":false},"featured_media":495375,"template":"","meta":{"_seopress_robots_primary_cat":"","_seopress_titles_title":"","_seopress_titles_desc":"","_seopress_robots_index":""},"product_brand":[3407],"product_cat":[29,514,549,550],"product_tag":[3270],"class_list":{"0":"post-503764","1":"product","2":"type-product","3":"status-publish","4":"has-post-thumbnail","6":"product_brand-milwaukee","7":"product_cat-macchinari","8":"product_cat-altri-dispositivi","9":"product_cat-trapani-e-avvitatori","10":"product_cat-accessori-per-trapani-ed-avvitatori","11":"product_tag-import-milwau","12":"sws-gruppo-macchinari-de","13":"sws-conto-ricavi-merci-rivendita-macchinari-de","14":"sws-gruppo-iva-iva81-de","16":"first","17":"onbackorder","18":"sale","19":"shipping-taxable","20":"purchasable","21":"product-type-simple"},"_links":{"self":[{"href":"https:\/\/lucacastelli.com\/de\/wp-json\/wp\/v2\/product\/503764","targetHints":{"allow":["GET"]}}],"collection":[{"href":"https:\/\/lucacastelli.com\/de\/wp-json\/wp\/v2\/product"}],"about":[{"href":"https:\/\/lucacastelli.com\/de\/wp-json\/wp\/v2\/types\/product"}],"wp:featuredmedia":[{"embeddable":true,"href":"https:\/\/lucacastelli.com\/de\/wp-json\/wp\/v2\/media\/495375"}],"wp:attachment":[{"href":"https:\/\/lucacastelli.com\/de\/wp-json\/wp\/v2\/media?parent=503764"}],"wp:term":[{"taxonomy":"product_brand","embeddable":true,"href":"https:\/\/lucacastelli.com\/de\/wp-json\/wp\/v2\/product_brand?post=503764"},{"taxonomy":"product_cat","embeddable":true,"href":"https:\/\/lucacastelli.com\/de\/wp-json\/wp\/v2\/product_cat?post=503764"},{"taxonomy":"product_tag","embeddable":true,"href":"https:\/\/lucacastelli.com\/de\/wp-json\/wp\/v2\/product_tag?post=503764"}],"curies":[{"name":"wp","href":"https:\/\/api.w.org\/{rel}","templated":true}]}}