{"id":503758,"date":"2025-07-19T10:51:35","date_gmt":"2025-07-19T08:51:35","guid":{"rendered":"https:\/\/lucacastelli.com\/prodotto\/milwaukee-schnellspannfutter-fuer-fixtec-werkzeuge-4\/"},"modified":"2025-07-19T10:51:35","modified_gmt":"2025-07-19T08:51:35","slug":"milwaukee-schnellspannfutter-fuer-fixtec-werkzeuge-4","status":"publish","type":"product","link":"https:\/\/lucacastelli.com\/de\/produkt\/milwaukee-schnellspannfutter-fuer-fixtec-werkzeuge-4\/","title":{"rendered":"MILWAUKEE Schnellspannfutter f\u00fcr FIXTEC Werkzeuge"},"content":{"rendered":"<p>Schnellspannfutter mit hoher Rundlaufgenauigkeit f\u00fcr Bohrer; Das Schnellspannfutter wird m\u00fchelos mit der Hand gespannt; Bohrfutter werden zur Aufnahme von Bohrern und anderen Werkzeugen verwendet<\/p>\n","protected":false},"excerpt":{"rendered":"<p>Schnellspannfutter mit hoher Rundlaufgenauigkeit f\u00fcr Bohrer; Das Schnellspannfutter wird m\u00fchelos mit der Hand gespannt; Bohrfutter werden zur Aufnahme von Bohrern<\/p>\n","protected":false},"featured_media":495370,"template":"","meta":{"_seopress_robots_primary_cat":"","_seopress_titles_title":"","_seopress_titles_desc":"","_seopress_robots_index":""},"product_brand":[3407],"product_cat":[29,514,549,550],"product_tag":[3270],"class_list":{"0":"post-503758","1":"product","2":"type-product","3":"status-publish","4":"has-post-thumbnail","6":"product_brand-milwaukee","7":"product_cat-macchinari","8":"product_cat-altri-dispositivi","9":"product_cat-trapani-e-avvitatori","10":"product_cat-accessori-per-trapani-ed-avvitatori","11":"product_tag-import-milwau","12":"sws-gruppo-macchinari-de","13":"sws-conto-ricavi-merci-rivendita-macchinari-de","14":"sws-gruppo-iva-iva81-de","16":"first","17":"onbackorder","18":"sale","19":"shipping-taxable","20":"purchasable","21":"product-type-simple"},"_links":{"self":[{"href":"https:\/\/lucacastelli.com\/de\/wp-json\/wp\/v2\/product\/503758","targetHints":{"allow":["GET"]}}],"collection":[{"href":"https:\/\/lucacastelli.com\/de\/wp-json\/wp\/v2\/product"}],"about":[{"href":"https:\/\/lucacastelli.com\/de\/wp-json\/wp\/v2\/types\/product"}],"wp:featuredmedia":[{"embeddable":true,"href":"https:\/\/lucacastelli.com\/de\/wp-json\/wp\/v2\/media\/495370"}],"wp:attachment":[{"href":"https:\/\/lucacastelli.com\/de\/wp-json\/wp\/v2\/media?parent=503758"}],"wp:term":[{"taxonomy":"product_brand","embeddable":true,"href":"https:\/\/lucacastelli.com\/de\/wp-json\/wp\/v2\/product_brand?post=503758"},{"taxonomy":"product_cat","embeddable":true,"href":"https:\/\/lucacastelli.com\/de\/wp-json\/wp\/v2\/product_cat?post=503758"},{"taxonomy":"product_tag","embeddable":true,"href":"https:\/\/lucacastelli.com\/de\/wp-json\/wp\/v2\/product_tag?post=503758"}],"curies":[{"name":"wp","href":"https:\/\/api.w.org\/{rel}","templated":true}]}}