{"id":503690,"date":"2025-07-19T11:25:33","date_gmt":"2025-07-19T09:25:33","guid":{"rendered":"https:\/\/lucacastelli.com\/prodotto\/milwaukee-m12-30-ah-akku\/"},"modified":"2025-07-19T11:25:33","modified_gmt":"2025-07-19T09:25:33","slug":"milwaukee-m12-30-ah-akku","status":"publish","type":"product","link":"https:\/\/lucacastelli.com\/de\/produkt\/milwaukee-m12-30-ah-akku\/","title":{"rendered":"MILWAUKEE M12\u2122 3,0 Ah Akku"},"content":{"rendered":"<p>Bis zu 3-mal h\u00f6here Reichweite, bis zu 20 % mehr Leistung und 2-mal l\u00e4ngere Lebensdauer als andere Lithium-Ionen-Akkus und\/oder fr\u00fchere Milwaukee-Technologie\u00ae. (Ergebnisse abh\u00e4ngig von Spannung, Werkzeug und Anwendung) ; Milwaukee\u00ae REDLINK-Elektronik\u2122 &#8211; sch\u00fctzt den Akku in rauen Situationen vor \u00dcberladung und maximiert die Leistung der Zellen, ohne sie zu besch\u00e4digen; St\u00e4ndige \u00dcberwachung jeder einzelnen Zelle, um einen optimalen Lade-\/Entladezyklus der Batterie f\u00fcr eine l\u00e4ngere Lebensdauer zu gew\u00e4hrleisten; Interner Zellenschutzrahmen, der so konstruiert ist, dass er Vibrationen w\u00e4hrend der Arbeit und m\u00f6glichen St\u00fcrzen auf der Baustelle standh\u00e4lt; Es funktioniert bei Temperaturen von bis zu -20\u00b0; Bis zu 2-mal l\u00e4ngere Autonomie, bis zu 20 % mehr Leistung; Kompatibel mit allen Werkzeugen der M12-Reihe\u2122 <\/p>\n","protected":false},"excerpt":{"rendered":"<p>Bis zu 3-mal h\u00f6here Reichweite, bis zu 20 % mehr Leistung und 2-mal l\u00e4ngere Lebensdauer als andere Lithium-Ionen-Akkus und\/oder fr\u00fchere<\/p>\n","protected":false},"featured_media":497579,"template":"","meta":{"_seopress_robots_primary_cat":"","_seopress_titles_title":"","_seopress_titles_desc":"","_seopress_robots_index":""},"product_brand":[3407],"product_cat":[29,491],"product_tag":[3270],"class_list":{"0":"post-503690","1":"product","2":"type-product","3":"status-publish","4":"has-post-thumbnail","6":"product_brand-milwaukee","7":"product_cat-macchinari","8":"product_cat-accessori-sistemi-a-batteria","9":"product_tag-import-milwau","10":"sws-gruppo-macchinari-de","11":"sws-conto-ricavi-merci-rivendita-macchinari-de","12":"sws-gruppo-iva-iva81-de","14":"first","15":"onbackorder","16":"sale","17":"shipping-taxable","18":"purchasable","19":"product-type-simple"},"_links":{"self":[{"href":"https:\/\/lucacastelli.com\/de\/wp-json\/wp\/v2\/product\/503690","targetHints":{"allow":["GET"]}}],"collection":[{"href":"https:\/\/lucacastelli.com\/de\/wp-json\/wp\/v2\/product"}],"about":[{"href":"https:\/\/lucacastelli.com\/de\/wp-json\/wp\/v2\/types\/product"}],"wp:featuredmedia":[{"embeddable":true,"href":"https:\/\/lucacastelli.com\/de\/wp-json\/wp\/v2\/media\/497579"}],"wp:attachment":[{"href":"https:\/\/lucacastelli.com\/de\/wp-json\/wp\/v2\/media?parent=503690"}],"wp:term":[{"taxonomy":"product_brand","embeddable":true,"href":"https:\/\/lucacastelli.com\/de\/wp-json\/wp\/v2\/product_brand?post=503690"},{"taxonomy":"product_cat","embeddable":true,"href":"https:\/\/lucacastelli.com\/de\/wp-json\/wp\/v2\/product_cat?post=503690"},{"taxonomy":"product_tag","embeddable":true,"href":"https:\/\/lucacastelli.com\/de\/wp-json\/wp\/v2\/product_tag?post=503690"}],"curies":[{"name":"wp","href":"https:\/\/api.w.org\/{rel}","templated":true}]}}