{"id":503686,"date":"2025-07-19T11:25:34","date_gmt":"2025-07-19T09:25:34","guid":{"rendered":"https:\/\/lucacastelli.com\/prodotto\/milwaukee-m28-50-ah-akku\/"},"modified":"2025-07-19T11:25:34","modified_gmt":"2025-07-19T09:25:34","slug":"milwaukee-m28-50-ah-akku","status":"publish","type":"product","link":"https:\/\/lucacastelli.com\/de\/produkt\/milwaukee-m28-50-ah-akku\/","title":{"rendered":"MILWAUKEE M28\u2122 5,0 Ah Akku"},"content":{"rendered":"<p>Der REDLITHIUM-Akku\u2122 liefert bis zu 20 % mehr Leistung und verf\u00fcgt \u00fcber eine bis zu 65 % l\u00e4ngere Akkulaufzeit; Die REDLITHIUM-Technologie\u2122 in Verbindung mit der REDLINK-Elektronik\u2122 erm\u00f6glicht maximalen Schutz vor eventuellen \u00dcberlastungen; St\u00e4ndige \u00dcberwachung jeder einzelnen Zelle, um einen effizienten Lade- und Entladezyklus der Batterie zu gew\u00e4hrleisten; Robuste Batteriekonstruktion mit speziellem internen Schutz, um einen Bruch im Falle eines Sturzes zu verhindern; Wasserschutz dank der speziellen internen F\u00fchrungen; Kann bis zu -20 \u00b0C betrieben werden; Eingebaute Batterieladezustandsanzeige; Hohe Autonomie; Bestleistung<\/p>\n","protected":false},"excerpt":{"rendered":"<p>Der REDLITHIUM-Akku\u2122 liefert bis zu 20 % mehr Leistung und verf\u00fcgt \u00fcber eine bis zu 65 % l\u00e4ngere Akkulaufzeit; Die<\/p>\n","protected":false},"featured_media":496718,"template":"","meta":{"_seopress_robots_primary_cat":"","_seopress_titles_title":"","_seopress_titles_desc":"","_seopress_robots_index":""},"product_brand":[3407],"product_cat":[29,491],"product_tag":[3270],"class_list":{"0":"post-503686","1":"product","2":"type-product","3":"status-publish","4":"has-post-thumbnail","6":"product_brand-milwaukee","7":"product_cat-macchinari","8":"product_cat-accessori-sistemi-a-batteria","9":"product_tag-import-milwau","10":"sws-gruppo-macchinari-de","11":"sws-conto-ricavi-merci-rivendita-macchinari-de","12":"sws-gruppo-iva-iva81-de","14":"first","15":"onbackorder","16":"sale","17":"shipping-taxable","18":"purchasable","19":"product-type-simple"},"_links":{"self":[{"href":"https:\/\/lucacastelli.com\/de\/wp-json\/wp\/v2\/product\/503686","targetHints":{"allow":["GET"]}}],"collection":[{"href":"https:\/\/lucacastelli.com\/de\/wp-json\/wp\/v2\/product"}],"about":[{"href":"https:\/\/lucacastelli.com\/de\/wp-json\/wp\/v2\/types\/product"}],"wp:featuredmedia":[{"embeddable":true,"href":"https:\/\/lucacastelli.com\/de\/wp-json\/wp\/v2\/media\/496718"}],"wp:attachment":[{"href":"https:\/\/lucacastelli.com\/de\/wp-json\/wp\/v2\/media?parent=503686"}],"wp:term":[{"taxonomy":"product_brand","embeddable":true,"href":"https:\/\/lucacastelli.com\/de\/wp-json\/wp\/v2\/product_brand?post=503686"},{"taxonomy":"product_cat","embeddable":true,"href":"https:\/\/lucacastelli.com\/de\/wp-json\/wp\/v2\/product_cat?post=503686"},{"taxonomy":"product_tag","embeddable":true,"href":"https:\/\/lucacastelli.com\/de\/wp-json\/wp\/v2\/product_tag?post=503686"}],"curies":[{"name":"wp","href":"https:\/\/api.w.org\/{rel}","templated":true}]}}