{"id":503683,"date":"2025-07-19T11:25:30","date_gmt":"2025-07-19T09:25:30","guid":{"rendered":"https:\/\/lucacastelli.com\/prodotto\/milwaukee-m18-40-ah-akku\/"},"modified":"2025-07-19T11:25:30","modified_gmt":"2025-07-19T09:25:30","slug":"milwaukee-m18-40-ah-akku","status":"publish","type":"product","link":"https:\/\/lucacastelli.com\/de\/produkt\/milwaukee-m18-40-ah-akku\/","title":{"rendered":"MILWAUKEE M18\u2122 4,0 Ah Akku"},"content":{"rendered":"<p>REDLINK &#8211; \u00dcberlastschutztechnologie sowohl des Werkzeugs als auch des Akkus f\u00fcr maximale Haltbarkeit; Elektronischer \u00dcberladeschutz: Die Batterie muss nicht entfernt werden, nachdem der Schutz ausprobiert wurde; \u00dcberhitzungsschutz &#8211; erm\u00f6glicht den Betrieb der Batterie bei der idealen Temperatur; St\u00e4ndige \u00dcberwachung jeder einzelnen Zelle, um den Lade- und Entladezyklus der Batterie sicherzustellen; Bis zu 50 % l\u00e4ngere Lebensdauer, 20 % mehr Leistung und bis zu 50 % mehr Ladevorg\u00e4nge;* Im Vergleich zu anderen Lithium-Ionen-Akkus und\/oder fr\u00fcherer Milwaukee-Technologie. Die Ergebnisse h\u00e4ngen von der Spannung, dem Werkzeug und der Anwendung ab. Schwei\u00dfen der in den Rahmen integrierten Zellen; Zellen, die durch eine gummierte Struktur getrennt sind, um Vibrationen zu minimieren; Kompatibel mit allen Werkzeugen der M18-Reihe\u2122 <\/p>\n","protected":false},"excerpt":{"rendered":"<p>REDLINK &#8211; \u00dcberlastschutztechnologie sowohl des Werkzeugs als auch des Akkus f\u00fcr maximale Haltbarkeit; Elektronischer \u00dcberladeschutz: Die Batterie muss nicht entfernt<\/p>\n","protected":false},"featured_media":495825,"template":"","meta":{"_seopress_robots_primary_cat":"","_seopress_titles_title":"","_seopress_titles_desc":"","_seopress_robots_index":""},"product_brand":[3656],"product_cat":[1449,169],"product_tag":[3272],"class_list":{"0":"post-503683","1":"product","2":"type-product","3":"status-publish","4":"has-post-thumbnail","6":"product_brand-milwaukee-de","7":"product_cat-batteriesysteme-zubehor","8":"product_cat-maschinen","9":"product_tag-import-milwau-de","10":"sws-gruppo-macchinari-de","11":"sws-conto-ricavi-merci-rivendita-macchinari-de","12":"sws-gruppo-iva-iva81-de","14":"first","15":"onbackorder","16":"sale","17":"shipping-taxable","18":"purchasable","19":"product-type-simple"},"_links":{"self":[{"href":"https:\/\/lucacastelli.com\/de\/wp-json\/wp\/v2\/product\/503683","targetHints":{"allow":["GET"]}}],"collection":[{"href":"https:\/\/lucacastelli.com\/de\/wp-json\/wp\/v2\/product"}],"about":[{"href":"https:\/\/lucacastelli.com\/de\/wp-json\/wp\/v2\/types\/product"}],"wp:featuredmedia":[{"embeddable":true,"href":"https:\/\/lucacastelli.com\/de\/wp-json\/wp\/v2\/media\/495825"}],"wp:attachment":[{"href":"https:\/\/lucacastelli.com\/de\/wp-json\/wp\/v2\/media?parent=503683"}],"wp:term":[{"taxonomy":"product_brand","embeddable":true,"href":"https:\/\/lucacastelli.com\/de\/wp-json\/wp\/v2\/product_brand?post=503683"},{"taxonomy":"product_cat","embeddable":true,"href":"https:\/\/lucacastelli.com\/de\/wp-json\/wp\/v2\/product_cat?post=503683"},{"taxonomy":"product_tag","embeddable":true,"href":"https:\/\/lucacastelli.com\/de\/wp-json\/wp\/v2\/product_tag?post=503683"}],"curies":[{"name":"wp","href":"https:\/\/api.w.org\/{rel}","templated":true}]}}