{"id":503678,"date":"2025-07-19T11:25:31","date_gmt":"2025-07-19T09:25:31","guid":{"rendered":"https:\/\/lucacastelli.com\/prodotto\/milwaukee-m14-m18-multi-ladegeraet\/"},"modified":"2025-07-19T11:25:31","modified_gmt":"2025-07-19T09:25:31","slug":"milwaukee-m14-m18-multi-ladegeraet","status":"publish","type":"product","link":"https:\/\/lucacastelli.com\/de\/produkt\/milwaukee-m14-m18-multi-ladegeraet\/","title":{"rendered":"MILWAUKEE M14\u2122 &#8211; M18\u2122 Multi-Ladeger\u00e4t"},"content":{"rendered":"<p>L\u00e4dt bis zu 6 Akkus nacheinander auf; Taste zur Auswahl der Ladestation; Integrierte L\u00f6cher f\u00fcr die vertikale Befestigung; Kompakte Gr\u00f6\u00dfe; Tragegriff<\/p>\n","protected":false},"excerpt":{"rendered":"<p>L\u00e4dt bis zu 6 Akkus nacheinander auf; Taste zur Auswahl der Ladestation; Integrierte L\u00f6cher f\u00fcr die vertikale Befestigung; Kompakte Gr\u00f6\u00dfe;<\/p>\n","protected":false},"featured_media":495863,"template":"","meta":{"_seopress_robots_primary_cat":"","_seopress_titles_title":"","_seopress_titles_desc":"","_seopress_robots_index":""},"product_brand":[3656],"product_cat":[1449,169],"product_tag":[3272],"class_list":{"0":"post-503678","1":"product","2":"type-product","3":"status-publish","4":"has-post-thumbnail","6":"product_brand-milwaukee-de","7":"product_cat-batteriesysteme-zubehor","8":"product_cat-maschinen","9":"product_tag-import-milwau-de","10":"sws-gruppo-macchinari-de","11":"sws-conto-ricavi-merci-rivendita-macchinari-de","12":"sws-gruppo-iva-iva81-de","14":"first","15":"onbackorder","16":"sale","17":"shipping-taxable","18":"purchasable","19":"product-type-simple"},"_links":{"self":[{"href":"https:\/\/lucacastelli.com\/de\/wp-json\/wp\/v2\/product\/503678","targetHints":{"allow":["GET"]}}],"collection":[{"href":"https:\/\/lucacastelli.com\/de\/wp-json\/wp\/v2\/product"}],"about":[{"href":"https:\/\/lucacastelli.com\/de\/wp-json\/wp\/v2\/types\/product"}],"wp:featuredmedia":[{"embeddable":true,"href":"https:\/\/lucacastelli.com\/de\/wp-json\/wp\/v2\/media\/495863"}],"wp:attachment":[{"href":"https:\/\/lucacastelli.com\/de\/wp-json\/wp\/v2\/media?parent=503678"}],"wp:term":[{"taxonomy":"product_brand","embeddable":true,"href":"https:\/\/lucacastelli.com\/de\/wp-json\/wp\/v2\/product_brand?post=503678"},{"taxonomy":"product_cat","embeddable":true,"href":"https:\/\/lucacastelli.com\/de\/wp-json\/wp\/v2\/product_cat?post=503678"},{"taxonomy":"product_tag","embeddable":true,"href":"https:\/\/lucacastelli.com\/de\/wp-json\/wp\/v2\/product_tag?post=503678"}],"curies":[{"name":"wp","href":"https:\/\/api.w.org\/{rel}","templated":true}]}}