{"id":503669,"date":"2025-07-19T11:25:25","date_gmt":"2025-07-19T09:25:25","guid":{"rendered":"https:\/\/lucacastelli.com\/prodotto\/milwaukee-m12-ladegeraet\/"},"modified":"2025-07-19T11:25:25","modified_gmt":"2025-07-19T09:25:25","slug":"milwaukee-m12-ladegeraet","status":"publish","type":"product","link":"https:\/\/lucacastelli.com\/de\/produkt\/milwaukee-m12-ladegeraet\/","title":{"rendered":"MILWAUKEE M12\u2122 Ladeger\u00e4t"},"content":{"rendered":"<p>Batterieladeger\u00e4t kompatibel mit allen M12\u2122 REDLITHIUM-Batterien\u2122; Temperaturregelung, um ein risikofreies Laden unter allen Bedingungen zu gew\u00e4hrleisten; Elektronische Schaltkreise, die vor Staub und m\u00f6glichen St\u00f6\u00dfen gesch\u00fctzt sind; Ladeanzeigen: LED-Licht zur Anzeige des Ladezustands des Akkus; Aufladen von 3,0 Ah \/ 4,0 Ah REDLITHIUM\u2122 Akkus in 60 min \/ 80 min; Aufladen von REDLITHIUM\u2122 1,5 Ah \/ 2,0 Ah Akkus in 30 min \/ 40 min<\/p>\n","protected":false},"excerpt":{"rendered":"<p>Batterieladeger\u00e4t kompatibel mit allen M12\u2122 REDLITHIUM-Batterien\u2122; Temperaturregelung, um ein risikofreies Laden unter allen Bedingungen zu gew\u00e4hrleisten; Elektronische Schaltkreise, die vor<\/p>\n","protected":false},"featured_media":491417,"template":"","meta":{"_seopress_robots_primary_cat":"","_seopress_titles_title":"","_seopress_titles_desc":"","_seopress_robots_index":""},"product_brand":[3656],"product_cat":[169,1449],"product_tag":[3272],"class_list":{"0":"post-503669","1":"product","2":"type-product","3":"status-publish","4":"has-post-thumbnail","6":"product_brand-milwaukee-de","7":"product_cat-maschinen","8":"product_cat-batteriesysteme-zubehor","9":"product_tag-import-milwau-de","10":"sws-gruppo-macchinari-de","11":"sws-conto-ricavi-merci-rivendita-macchinari-de","12":"sws-gruppo-iva-iva81-de","14":"first","15":"onbackorder","16":"sale","17":"shipping-taxable","18":"purchasable","19":"product-type-simple"},"_links":{"self":[{"href":"https:\/\/lucacastelli.com\/de\/wp-json\/wp\/v2\/product\/503669","targetHints":{"allow":["GET"]}}],"collection":[{"href":"https:\/\/lucacastelli.com\/de\/wp-json\/wp\/v2\/product"}],"about":[{"href":"https:\/\/lucacastelli.com\/de\/wp-json\/wp\/v2\/types\/product"}],"wp:featuredmedia":[{"embeddable":true,"href":"https:\/\/lucacastelli.com\/de\/wp-json\/wp\/v2\/media\/491417"}],"wp:attachment":[{"href":"https:\/\/lucacastelli.com\/de\/wp-json\/wp\/v2\/media?parent=503669"}],"wp:term":[{"taxonomy":"product_brand","embeddable":true,"href":"https:\/\/lucacastelli.com\/de\/wp-json\/wp\/v2\/product_brand?post=503669"},{"taxonomy":"product_cat","embeddable":true,"href":"https:\/\/lucacastelli.com\/de\/wp-json\/wp\/v2\/product_cat?post=503669"},{"taxonomy":"product_tag","embeddable":true,"href":"https:\/\/lucacastelli.com\/de\/wp-json\/wp\/v2\/product_tag?post=503669"}],"curies":[{"name":"wp","href":"https:\/\/api.w.org\/{rel}","templated":true}]}}