{"id":503656,"date":"2025-07-19T11:22:07","date_gmt":"2025-07-19T09:22:07","guid":{"rendered":"https:\/\/lucacastelli.com\/prodotto\/milwaukee-adapter-fuer-fixtec-und-sds-plus-system-3\/"},"modified":"2025-07-19T11:22:07","modified_gmt":"2025-07-19T09:22:07","slug":"milwaukee-adapter-fuer-fixtec-und-sds-plus-system-3","status":"publish","type":"product","link":"https:\/\/lucacastelli.com\/de\/produkt\/milwaukee-adapter-fuer-fixtec-und-sds-plus-system-3\/","title":{"rendered":"MILWAUKEE Adapter f\u00fcr FIXTEC und SDS-Plus System"},"content":{"rendered":"<p>FIXTEC Spindelaufnahme auf SDS-plus, passend f\u00fcr Bohrh\u00e4mmer H 26 LXE, PLH 16 QEX, V28 HX, V18 HX, PLH 26 QEX, PH 30 POWER X<\/p>\n","protected":false},"excerpt":{"rendered":"<p>FIXTEC Spindelaufnahme auf SDS-plus, passend f\u00fcr Bohrh\u00e4mmer H 26 LXE, PLH 16 QEX, V28 HX, V18 HX, PLH 26 QEX,<\/p>\n","protected":false},"featured_media":495004,"template":"","meta":{"_seopress_robots_primary_cat":"","_seopress_titles_title":"","_seopress_titles_desc":"","_seopress_robots_index":""},"product_brand":[3656],"product_cat":[169,1454,1553,1554],"product_tag":[3272],"class_list":{"0":"post-503656","1":"product","2":"type-product","3":"status-publish","4":"has-post-thumbnail","6":"product_brand-milwaukee-de","7":"product_cat-maschinen","8":"product_cat-andere-gerate","9":"product_cat-bohrer-und-schraubendreher","10":"product_cat-zubehor-fur-bohrmaschinen-und-schraubendreher","11":"product_tag-import-milwau-de","12":"sws-gruppo-macchinari-de","13":"sws-conto-ricavi-merci-rivendita-macchinari-de","14":"sws-gruppo-iva-iva81-de","16":"first","17":"onbackorder","18":"sale","19":"shipping-taxable","20":"purchasable","21":"product-type-simple"},"_links":{"self":[{"href":"https:\/\/lucacastelli.com\/de\/wp-json\/wp\/v2\/product\/503656","targetHints":{"allow":["GET"]}}],"collection":[{"href":"https:\/\/lucacastelli.com\/de\/wp-json\/wp\/v2\/product"}],"about":[{"href":"https:\/\/lucacastelli.com\/de\/wp-json\/wp\/v2\/types\/product"}],"wp:featuredmedia":[{"embeddable":true,"href":"https:\/\/lucacastelli.com\/de\/wp-json\/wp\/v2\/media\/495004"}],"wp:attachment":[{"href":"https:\/\/lucacastelli.com\/de\/wp-json\/wp\/v2\/media?parent=503656"}],"wp:term":[{"taxonomy":"product_brand","embeddable":true,"href":"https:\/\/lucacastelli.com\/de\/wp-json\/wp\/v2\/product_brand?post=503656"},{"taxonomy":"product_cat","embeddable":true,"href":"https:\/\/lucacastelli.com\/de\/wp-json\/wp\/v2\/product_cat?post=503656"},{"taxonomy":"product_tag","embeddable":true,"href":"https:\/\/lucacastelli.com\/de\/wp-json\/wp\/v2\/product_tag?post=503656"}],"curies":[{"name":"wp","href":"https:\/\/api.w.org\/{rel}","templated":true}]}}