{"id":503653,"date":"2025-07-19T11:22:03","date_gmt":"2025-07-19T09:22:03","guid":{"rendered":"https:\/\/lucacastelli.com\/prodotto\/milwaukee-dch-82\/"},"modified":"2025-07-19T11:22:03","modified_gmt":"2025-07-19T09:22:03","slug":"milwaukee-dch-82","status":"publish","type":"product","link":"https:\/\/lucacastelli.com\/de\/produkt\/milwaukee-dch-82\/","title":{"rendered":"MILWAUKEE DCH 82"},"content":{"rendered":"<p>7-mm-Segment, lasergeschwei\u00dfte Segmente f\u00fcr hervorragende Haltbarkeit; Geeignet f\u00fcr die Installation von Steckdosen und Anschlussdosen; Nur bei ausgeschaltetem Maschinenvorschlag verwenden<\/p>\n","protected":false},"excerpt":{"rendered":"<p>7-mm-Segment, lasergeschwei\u00dfte Segmente f\u00fcr hervorragende Haltbarkeit; Geeignet f\u00fcr die Installation von Steckdosen und Anschlussdosen; Nur bei ausgeschaltetem Maschinenvorschlag verwenden<\/p>\n","protected":false},"featured_media":495466,"template":"","meta":{"_seopress_robots_primary_cat":"","_seopress_titles_title":"","_seopress_titles_desc":"","_seopress_robots_index":""},"product_brand":[3407],"product_cat":[29,514,549,550],"product_tag":[3270],"class_list":{"0":"post-503653","1":"product","2":"type-product","3":"status-publish","4":"has-post-thumbnail","6":"product_brand-milwaukee","7":"product_cat-macchinari","8":"product_cat-altri-dispositivi","9":"product_cat-trapani-e-avvitatori","10":"product_cat-accessori-per-trapani-ed-avvitatori","11":"product_tag-import-milwau","12":"sws-gruppo-macchinari-de","13":"sws-conto-ricavi-merci-rivendita-macchinari-de","14":"sws-gruppo-iva-iva81-de","16":"first","17":"onbackorder","18":"sale","19":"shipping-taxable","20":"purchasable","21":"product-type-simple"},"_links":{"self":[{"href":"https:\/\/lucacastelli.com\/de\/wp-json\/wp\/v2\/product\/503653","targetHints":{"allow":["GET"]}}],"collection":[{"href":"https:\/\/lucacastelli.com\/de\/wp-json\/wp\/v2\/product"}],"about":[{"href":"https:\/\/lucacastelli.com\/de\/wp-json\/wp\/v2\/types\/product"}],"wp:featuredmedia":[{"embeddable":true,"href":"https:\/\/lucacastelli.com\/de\/wp-json\/wp\/v2\/media\/495466"}],"wp:attachment":[{"href":"https:\/\/lucacastelli.com\/de\/wp-json\/wp\/v2\/media?parent=503653"}],"wp:term":[{"taxonomy":"product_brand","embeddable":true,"href":"https:\/\/lucacastelli.com\/de\/wp-json\/wp\/v2\/product_brand?post=503653"},{"taxonomy":"product_cat","embeddable":true,"href":"https:\/\/lucacastelli.com\/de\/wp-json\/wp\/v2\/product_cat?post=503653"},{"taxonomy":"product_tag","embeddable":true,"href":"https:\/\/lucacastelli.com\/de\/wp-json\/wp\/v2\/product_tag?post=503653"}],"curies":[{"name":"wp","href":"https:\/\/api.w.org\/{rel}","templated":true}]}}