{"id":503649,"date":"2025-07-19T11:22:04","date_gmt":"2025-07-19T09:22:04","guid":{"rendered":"https:\/\/lucacastelli.com\/prodotto\/milwaukee-tragetaschen-3\/"},"modified":"2025-07-19T11:22:04","modified_gmt":"2025-07-19T09:22:04","slug":"milwaukee-tragetaschen-3","status":"publish","type":"product","link":"https:\/\/lucacastelli.com\/de\/produkt\/milwaukee-tragetaschen-3\/","title":{"rendered":"MILWAUKEE Tragetaschen"},"content":{"rendered":"<p>Dank der besonders verst\u00e4rkten und abgeschr\u00e4gten Kanten, den Protektoren an allen vier Ecken und der leicht gebogenen Form ist der Koffer aus sehr strapazierf\u00e4higem ABS-Kunststoff ein ideales und langlebiges Hilfsmittel f\u00fcr die Aufbewahrung und den Transport von Elektrowerkzeugen&lt;. Das&gt; einzigartige Schlie\u00dfsystem erm\u00f6glicht den sicheren und einfachen Transport von zwei oder mehr Koffern gleichzeitig. Dank der tiefen Aussparungen und Aussparungen bleiben die Koffer fest aufeinander aufliegen und bilden einen stabilen&lt;Flor&gt; . Das Verriegelungssystem erleichtert den Transport von Elektrowerkzeugen und Zubeh\u00f6r zum Arbeitsplatz. Ob also auf der Baustelle oder in der Werkstatt, alles ist immer griffbereit.  <\/p>\n","protected":false},"excerpt":{"rendered":"<p>Dank der besonders verst\u00e4rkten und abgeschr\u00e4gten Kanten, den Protektoren an allen vier Ecken und der leicht gebogenen Form ist der<\/p>\n","protected":false},"featured_media":431702,"template":"","meta":{"_seopress_robots_primary_cat":"","_seopress_titles_title":"","_seopress_titles_desc":"","_seopress_robots_index":""},"product_brand":[3407],"product_cat":[29,514,549,550],"product_tag":[3270],"class_list":{"0":"post-503649","1":"product","2":"type-product","3":"status-publish","4":"has-post-thumbnail","6":"product_brand-milwaukee","7":"product_cat-macchinari","8":"product_cat-altri-dispositivi","9":"product_cat-trapani-e-avvitatori","10":"product_cat-accessori-per-trapani-ed-avvitatori","11":"product_tag-import-milwau","12":"sws-gruppo-macchinari-de","13":"sws-conto-ricavi-merci-rivendita-macchinari-de","14":"sws-gruppo-iva-iva81-de","16":"first","17":"onbackorder","18":"sale","19":"shipping-taxable","20":"purchasable","21":"product-type-simple"},"_links":{"self":[{"href":"https:\/\/lucacastelli.com\/de\/wp-json\/wp\/v2\/product\/503649","targetHints":{"allow":["GET"]}}],"collection":[{"href":"https:\/\/lucacastelli.com\/de\/wp-json\/wp\/v2\/product"}],"about":[{"href":"https:\/\/lucacastelli.com\/de\/wp-json\/wp\/v2\/types\/product"}],"wp:featuredmedia":[{"embeddable":true,"href":"https:\/\/lucacastelli.com\/de\/wp-json\/wp\/v2\/media\/431702"}],"wp:attachment":[{"href":"https:\/\/lucacastelli.com\/de\/wp-json\/wp\/v2\/media?parent=503649"}],"wp:term":[{"taxonomy":"product_brand","embeddable":true,"href":"https:\/\/lucacastelli.com\/de\/wp-json\/wp\/v2\/product_brand?post=503649"},{"taxonomy":"product_cat","embeddable":true,"href":"https:\/\/lucacastelli.com\/de\/wp-json\/wp\/v2\/product_cat?post=503649"},{"taxonomy":"product_tag","embeddable":true,"href":"https:\/\/lucacastelli.com\/de\/wp-json\/wp\/v2\/product_tag?post=503649"}],"curies":[{"name":"wp","href":"https:\/\/api.w.org\/{rel}","templated":true}]}}