{"id":503639,"date":"2025-07-19T11:21:08","date_gmt":"2025-07-19T09:21:08","guid":{"rendered":"https:\/\/lucacastelli.com\/prodotto\/milwaukee-systemzubehoer-stanzmaschine-10\/"},"modified":"2025-07-19T11:21:08","modified_gmt":"2025-07-19T09:21:08","slug":"milwaukee-systemzubehoer-stanzmaschine-10","status":"publish","type":"product","link":"https:\/\/lucacastelli.com\/de\/produkt\/milwaukee-systemzubehoer-stanzmaschine-10\/","title":{"rendered":"MILWAUKEE Systemzubeh\u00f6r &#8211; Stanzmaschine"},"content":{"rendered":"<p>Geeignet f\u00fcr Baustahl und Aluminium bis zu einer Dicke von 3 mm; auch f\u00fcr Edelstahl max. 2,5 mm geeignet<\/p>\n","protected":false},"excerpt":{"rendered":"<p>Geeignet f\u00fcr Baustahl und Aluminium bis zu einer Dicke von 3 mm; auch f\u00fcr Edelstahl max. 2,5 mm geeignet<\/p>\n","protected":false},"featured_media":497477,"template":"","meta":{"_seopress_robots_primary_cat":"","_seopress_titles_title":"","_seopress_titles_desc":"","_seopress_robots_index":""},"product_brand":[3656],"product_cat":[169,1454,1553,1554],"product_tag":[3272],"class_list":{"0":"post-503639","1":"product","2":"type-product","3":"status-publish","4":"has-post-thumbnail","6":"product_brand-milwaukee-de","7":"product_cat-maschinen","8":"product_cat-andere-gerate","9":"product_cat-bohrer-und-schraubendreher","10":"product_cat-zubehor-fur-bohrmaschinen-und-schraubendreher","11":"product_tag-import-milwau-de","12":"sws-gruppo-macchinari-de","13":"sws-conto-ricavi-merci-rivendita-macchinari-de","14":"sws-gruppo-iva-iva81-de","16":"first","17":"onbackorder","18":"sale","19":"shipping-taxable","20":"purchasable","21":"product-type-simple"},"_links":{"self":[{"href":"https:\/\/lucacastelli.com\/de\/wp-json\/wp\/v2\/product\/503639","targetHints":{"allow":["GET"]}}],"collection":[{"href":"https:\/\/lucacastelli.com\/de\/wp-json\/wp\/v2\/product"}],"about":[{"href":"https:\/\/lucacastelli.com\/de\/wp-json\/wp\/v2\/types\/product"}],"wp:featuredmedia":[{"embeddable":true,"href":"https:\/\/lucacastelli.com\/de\/wp-json\/wp\/v2\/media\/497477"}],"wp:attachment":[{"href":"https:\/\/lucacastelli.com\/de\/wp-json\/wp\/v2\/media?parent=503639"}],"wp:term":[{"taxonomy":"product_brand","embeddable":true,"href":"https:\/\/lucacastelli.com\/de\/wp-json\/wp\/v2\/product_brand?post=503639"},{"taxonomy":"product_cat","embeddable":true,"href":"https:\/\/lucacastelli.com\/de\/wp-json\/wp\/v2\/product_cat?post=503639"},{"taxonomy":"product_tag","embeddable":true,"href":"https:\/\/lucacastelli.com\/de\/wp-json\/wp\/v2\/product_tag?post=503639"}],"curies":[{"name":"wp","href":"https:\/\/api.w.org\/{rel}","templated":true}]}}