{"id":503633,"date":"2025-07-19T11:21:07","date_gmt":"2025-07-19T09:21:07","guid":{"rendered":"https:\/\/lucacastelli.com\/prodotto\/milwaukee-geraet-2-manuelles-schrauben-12-stueck\/"},"modified":"2025-07-19T11:21:07","modified_gmt":"2025-07-19T09:21:07","slug":"milwaukee-geraet-2-manuelles-schrauben-12-stueck","status":"publish","type":"product","link":"https:\/\/lucacastelli.com\/de\/produkt\/milwaukee-geraet-2-manuelles-schrauben-12-stueck\/","title":{"rendered":"MILWAUKEE Ger\u00e4t 2 Manuelles Schrauben (12 St\u00fcck)"},"content":{"rendered":"<p>Schraubvorrichtung in Taschenausf\u00fchrung; Mit dem universellen 76 mm langen Bithalter k\u00f6nnen Sie auch auf engstem Raum arbeiten. Gesamtl\u00e4nge bis zu 110 mm; Das Ger\u00e4t kann als manueller Schraubendreher verwendet werden; Auf der R\u00fcckseite des Ger\u00e4ts kann der Mantel von elektrischen Dr\u00e4hten entfernt werden, die Durchmesser, mit denen dieses Ger\u00e4t verwendet werden kann, sind: 0,75 mm\u00b2, 1 mm\u00b2, 1,5 mm\u00b2, 2,5 mm\u00b2; Erh\u00e4ltlich in 2 Versionen mit unterschiedlichem Bit-Sortiment <\/p>\n","protected":false},"excerpt":{"rendered":"<p>Schraubvorrichtung in Taschenausf\u00fchrung; Mit dem universellen 76 mm langen Bithalter k\u00f6nnen Sie auch auf engstem Raum arbeiten. Gesamtl\u00e4nge bis zu<\/p>\n","protected":false},"featured_media":497454,"template":"","meta":{"_seopress_robots_primary_cat":"","_seopress_titles_title":"","_seopress_titles_desc":"","_seopress_robots_index":""},"product_brand":[3407],"product_cat":[29,514,549,550],"product_tag":[3270],"class_list":{"0":"post-503633","1":"product","2":"type-product","3":"status-publish","4":"has-post-thumbnail","6":"product_brand-milwaukee","7":"product_cat-macchinari","8":"product_cat-altri-dispositivi","9":"product_cat-trapani-e-avvitatori","10":"product_cat-accessori-per-trapani-ed-avvitatori","11":"product_tag-import-milwau","12":"sws-gruppo-macchinari-de","13":"sws-conto-ricavi-merci-rivendita-macchinari-de","14":"sws-gruppo-iva-iva81-de","16":"first","17":"onbackorder","18":"sale","19":"shipping-taxable","20":"purchasable","21":"product-type-simple"},"_links":{"self":[{"href":"https:\/\/lucacastelli.com\/de\/wp-json\/wp\/v2\/product\/503633","targetHints":{"allow":["GET"]}}],"collection":[{"href":"https:\/\/lucacastelli.com\/de\/wp-json\/wp\/v2\/product"}],"about":[{"href":"https:\/\/lucacastelli.com\/de\/wp-json\/wp\/v2\/types\/product"}],"wp:featuredmedia":[{"embeddable":true,"href":"https:\/\/lucacastelli.com\/de\/wp-json\/wp\/v2\/media\/497454"}],"wp:attachment":[{"href":"https:\/\/lucacastelli.com\/de\/wp-json\/wp\/v2\/media?parent=503633"}],"wp:term":[{"taxonomy":"product_brand","embeddable":true,"href":"https:\/\/lucacastelli.com\/de\/wp-json\/wp\/v2\/product_brand?post=503633"},{"taxonomy":"product_cat","embeddable":true,"href":"https:\/\/lucacastelli.com\/de\/wp-json\/wp\/v2\/product_cat?post=503633"},{"taxonomy":"product_tag","embeddable":true,"href":"https:\/\/lucacastelli.com\/de\/wp-json\/wp\/v2\/product_tag?post=503633"}],"curies":[{"name":"wp","href":"https:\/\/api.w.org\/{rel}","templated":true}]}}