{"id":503627,"date":"2025-07-19T11:21:06","date_gmt":"2025-07-19T09:21:06","guid":{"rendered":"https:\/\/lucacastelli.com\/prodotto\/milwaukee-magnetisches-verpackungsbit-set-15-stueck\/"},"modified":"2025-07-19T11:21:06","modified_gmt":"2025-07-19T09:21:06","slug":"milwaukee-magnetisches-verpackungsbit-set-15-stueck","status":"publish","type":"product","link":"https:\/\/lucacastelli.com\/de\/produkt\/milwaukee-magnetisches-verpackungsbit-set-15-stueck\/","title":{"rendered":"MILWAUKEE Magnetisches Verpackungsbit-Set (15 St\u00fcck)"},"content":{"rendered":"<p>Konzipiert f\u00fcr die Verwendung mit Schlagschraubern. Diese Zubeh\u00f6rlinie ist nicht nur ideal f\u00fcr Hochleistungsanwendungen, sondern bietet auch eine Komplettl\u00f6sung, um die Befestigungsbed\u00fcrfnisse der Benutzer zu erf\u00fcllen. Shock Zone Shockwave &#8211; entwickelt, um extrem flexibel zu sein; Die Shock Zone reduziert die Belastung der Bits, was zu weniger Br\u00fcchen f\u00fchrt. Die Kombination aus dem Shock Zone-Design und der speziellen W\u00e4rmebehandlung macht den Bohrer extrem widerstandsf\u00e4hig; Diese Reihe von magnetischen Bits und Befestigungen wird durch eine spezielle W\u00e4rmebehandlung von Stahl hergestellt. Durch dieses Verfahren wird der Stahl noch h\u00e4rter als Stahl vom Typ S2 (der in den Standardversionen verwendet wird); Von Milwaukee entwickelter Spezialstahl mit einer speziellen Formel, die ihn widerstandsf\u00e4higer gegen Kitzeln in Bezug auf Torsion macht   <\/p>\n","protected":false},"excerpt":{"rendered":"<p>Konzipiert f\u00fcr die Verwendung mit Schlagschraubern. Diese Zubeh\u00f6rlinie ist nicht nur ideal f\u00fcr Hochleistungsanwendungen, sondern bietet auch eine Komplettl\u00f6sung, um<\/p>\n","protected":false},"featured_media":497449,"template":"","meta":{"_seopress_robots_primary_cat":"","_seopress_titles_title":"","_seopress_titles_desc":"","_seopress_robots_index":""},"product_brand":[3407],"product_cat":[29,514,549,550],"product_tag":[3270],"class_list":{"0":"post-503627","1":"product","2":"type-product","3":"status-publish","4":"has-post-thumbnail","6":"product_brand-milwaukee","7":"product_cat-macchinari","8":"product_cat-altri-dispositivi","9":"product_cat-trapani-e-avvitatori","10":"product_cat-accessori-per-trapani-ed-avvitatori","11":"product_tag-import-milwau","12":"sws-gruppo-macchinari-de","13":"sws-conto-ricavi-merci-rivendita-macchinari-de","14":"sws-gruppo-iva-iva81-de","16":"first","17":"onbackorder","18":"sale","19":"shipping-taxable","20":"purchasable","21":"product-type-simple"},"_links":{"self":[{"href":"https:\/\/lucacastelli.com\/de\/wp-json\/wp\/v2\/product\/503627","targetHints":{"allow":["GET"]}}],"collection":[{"href":"https:\/\/lucacastelli.com\/de\/wp-json\/wp\/v2\/product"}],"about":[{"href":"https:\/\/lucacastelli.com\/de\/wp-json\/wp\/v2\/types\/product"}],"wp:featuredmedia":[{"embeddable":true,"href":"https:\/\/lucacastelli.com\/de\/wp-json\/wp\/v2\/media\/497449"}],"wp:attachment":[{"href":"https:\/\/lucacastelli.com\/de\/wp-json\/wp\/v2\/media?parent=503627"}],"wp:term":[{"taxonomy":"product_brand","embeddable":true,"href":"https:\/\/lucacastelli.com\/de\/wp-json\/wp\/v2\/product_brand?post=503627"},{"taxonomy":"product_cat","embeddable":true,"href":"https:\/\/lucacastelli.com\/de\/wp-json\/wp\/v2\/product_cat?post=503627"},{"taxonomy":"product_tag","embeddable":true,"href":"https:\/\/lucacastelli.com\/de\/wp-json\/wp\/v2\/product_tag?post=503627"}],"curies":[{"name":"wp","href":"https:\/\/api.w.org\/{rel}","templated":true}]}}