{"id":503603,"date":"2025-07-19T11:15:29","date_gmt":"2025-07-19T09:15:29","guid":{"rendered":"https:\/\/lucacastelli.com\/prodotto\/milwaukee-scheibe-mit-150-mm-durchmesser-bohrungsdurchmesser-von-2223-mm-10-mm-hohe-segmente-schnittstaerke-von-24-mm\/"},"modified":"2025-07-19T11:15:29","modified_gmt":"2025-07-19T09:15:29","slug":"milwaukee-scheibe-mit-150-mm-durchmesser-bohrungsdurchmesser-von-2223-mm-10-mm-hohe-segmente-schnittstaerke-von-24-mm","status":"publish","type":"product","link":"https:\/\/lucacastelli.com\/de\/produkt\/milwaukee-scheibe-mit-150-mm-durchmesser-bohrungsdurchmesser-von-2223-mm-10-mm-hohe-segmente-schnittstaerke-von-24-mm\/","title":{"rendered":"MILWAUKEE Scheibe mit 150 mm Durchmesser, Bohrungsdurchmesser von 22,23 mm, 10 mm hohe Segmente, Schnittst\u00e4rke von 2,4 mm"},"content":{"rendered":"<p>Lasergeschwei\u00dfte Scheibe von ausgezeichneter Qualit\u00e4t, mit 10 mm hohen Segmenten, extrem robust und langlebig. Empfohlen f\u00fcr Groover. Anwendungen: ideal f\u00fcr alle Arten von Baumaterialien; Lasergeschwei\u00dfte Segmente f\u00fcr optimale Haltbarkeit  <\/p>\n","protected":false},"excerpt":{"rendered":"<p>Lasergeschwei\u00dfte Scheibe von ausgezeichneter Qualit\u00e4t, mit 10 mm hohen Segmenten, extrem robust und langlebig. Empfohlen f\u00fcr Groover. Anwendungen: ideal f\u00fcr<\/p>\n","protected":false},"featured_media":494419,"template":"","meta":{"_seopress_robots_primary_cat":"","_seopress_titles_title":"","_seopress_titles_desc":"","_seopress_robots_index":""},"product_brand":[3407],"product_cat":[29,495,496],"product_tag":[3270],"class_list":{"0":"post-503603","1":"product","2":"type-product","3":"status-publish","4":"has-post-thumbnail","6":"product_brand-milwaukee","7":"product_cat-macchinari","8":"product_cat-troncatrici-e-mototroncatrici","9":"product_cat-troncatrici","10":"product_tag-import-milwau","11":"sws-gruppo-macchinari-de","12":"sws-conto-ricavi-merci-rivendita-macchinari-de","13":"sws-gruppo-iva-iva81-de","15":"first","16":"onbackorder","17":"sale","18":"shipping-taxable","19":"purchasable","20":"product-type-simple"},"_links":{"self":[{"href":"https:\/\/lucacastelli.com\/de\/wp-json\/wp\/v2\/product\/503603","targetHints":{"allow":["GET"]}}],"collection":[{"href":"https:\/\/lucacastelli.com\/de\/wp-json\/wp\/v2\/product"}],"about":[{"href":"https:\/\/lucacastelli.com\/de\/wp-json\/wp\/v2\/types\/product"}],"wp:featuredmedia":[{"embeddable":true,"href":"https:\/\/lucacastelli.com\/de\/wp-json\/wp\/v2\/media\/494419"}],"wp:attachment":[{"href":"https:\/\/lucacastelli.com\/de\/wp-json\/wp\/v2\/media?parent=503603"}],"wp:term":[{"taxonomy":"product_brand","embeddable":true,"href":"https:\/\/lucacastelli.com\/de\/wp-json\/wp\/v2\/product_brand?post=503603"},{"taxonomy":"product_cat","embeddable":true,"href":"https:\/\/lucacastelli.com\/de\/wp-json\/wp\/v2\/product_cat?post=503603"},{"taxonomy":"product_tag","embeddable":true,"href":"https:\/\/lucacastelli.com\/de\/wp-json\/wp\/v2\/product_tag?post=503603"}],"curies":[{"name":"wp","href":"https:\/\/api.w.org\/{rel}","templated":true}]}}