{"id":503552,"date":"2025-07-19T10:52:45","date_gmt":"2025-07-19T08:52:45","guid":{"rendered":"https:\/\/lucacastelli.com\/prodotto\/milwaukee-din-7487-e-holz-spiralbohrer-16\/"},"modified":"2025-07-19T10:52:45","modified_gmt":"2025-07-19T08:52:45","slug":"milwaukee-din-7487-e-holz-spiralbohrer-16","status":"publish","type":"product","link":"https:\/\/lucacastelli.com\/de\/produkt\/milwaukee-din-7487-e-holz-spiralbohrer-16\/","title":{"rendered":"MILWAUKEE DIN 7487 E Holz-Spiralbohrer"},"content":{"rendered":"<p>Geeignet f\u00fcr Sperrholz, Spanplatten und Naturh\u00f6lzer jeder H\u00e4rte. Hergestellt nach DIN 7487 E; Gefertigt nach DIN 7487 E <\/p>\n","protected":false},"excerpt":{"rendered":"<p>Geeignet f\u00fcr Sperrholz, Spanplatten und Naturh\u00f6lzer jeder H\u00e4rte. Hergestellt nach DIN 7487 E; Gefertigt nach DIN 7487 E<\/p>\n","protected":false},"featured_media":493668,"template":"","meta":{"_seopress_robots_primary_cat":"","_seopress_titles_title":"","_seopress_titles_desc":"","_seopress_robots_index":""},"product_brand":[3656],"product_cat":[1454,1553,169,1554],"product_tag":[3272],"class_list":{"0":"post-503552","1":"product","2":"type-product","3":"status-publish","4":"has-post-thumbnail","6":"product_brand-milwaukee-de","7":"product_cat-andere-gerate","8":"product_cat-bohrer-und-schraubendreher","9":"product_cat-maschinen","10":"product_cat-zubehor-fur-bohrmaschinen-und-schraubendreher","11":"product_tag-import-milwau-de","12":"sws-gruppo-macchinari-de","13":"sws-conto-ricavi-merci-rivendita-macchinari-de","14":"sws-gruppo-iva-iva81-de","16":"first","17":"onbackorder","18":"sale","19":"shipping-taxable","20":"purchasable","21":"product-type-simple"},"_links":{"self":[{"href":"https:\/\/lucacastelli.com\/de\/wp-json\/wp\/v2\/product\/503552","targetHints":{"allow":["GET"]}}],"collection":[{"href":"https:\/\/lucacastelli.com\/de\/wp-json\/wp\/v2\/product"}],"about":[{"href":"https:\/\/lucacastelli.com\/de\/wp-json\/wp\/v2\/types\/product"}],"wp:featuredmedia":[{"embeddable":true,"href":"https:\/\/lucacastelli.com\/de\/wp-json\/wp\/v2\/media\/493668"}],"wp:attachment":[{"href":"https:\/\/lucacastelli.com\/de\/wp-json\/wp\/v2\/media?parent=503552"}],"wp:term":[{"taxonomy":"product_brand","embeddable":true,"href":"https:\/\/lucacastelli.com\/de\/wp-json\/wp\/v2\/product_brand?post=503552"},{"taxonomy":"product_cat","embeddable":true,"href":"https:\/\/lucacastelli.com\/de\/wp-json\/wp\/v2\/product_cat?post=503552"},{"taxonomy":"product_tag","embeddable":true,"href":"https:\/\/lucacastelli.com\/de\/wp-json\/wp\/v2\/product_tag?post=503552"}],"curies":[{"name":"wp","href":"https:\/\/api.w.org\/{rel}","templated":true}]}}