{"id":503353,"date":"2025-06-01T03:58:11","date_gmt":"2025-06-01T01:58:11","guid":{"rendered":"https:\/\/lucacastelli.com\/prodotto\/stihl-sammlermodell-typ-bbue\/"},"modified":"2025-07-23T00:51:34","modified_gmt":"2025-07-22T22:51:34","slug":"stihl-sammlermodell-typ-bbue","status":"publish","type":"product","link":"https:\/\/lucacastelli.com\/de\/produkt\/stihl-sammlermodell-typ-bbue\/","title":{"rendered":"STIHL Sammlermodell, Typ BB\u00dc"},"content":{"rendered":"<p>Sammlermodell, Ausf\u00fchrung Zinkdruckguss, in Originalfarben lackiert, Kunststofffu\u00df, transparente Schutzkappe, von Schuco, Gr\u00f6\u00dfe 1:12.<br \/>\n886661394241<\/p>\n","protected":false},"excerpt":{"rendered":"<p>Sammlermodell, Typ BB\u00dc<\/p>\n","protected":false},"featured_media":428581,"template":"","meta":{"_seopress_robots_primary_cat":"","_seopress_titles_title":"","_seopress_titles_desc":"","_seopress_robots_index":""},"product_brand":[3554],"product_cat":[1478],"product_tag":[3266],"class_list":{"0":"post-503353","1":"product","2":"type-product","3":"status-publish","4":"has-post-thumbnail","6":"product_brand-stihl-de","7":"product_cat-shop-de","8":"product_tag-import-stihl-de","9":"sws-gruppo-abb-libero","10":"sws-conto-ricavi-merci-rivendita-abbigliamento","11":"sws-gruppo-iva-iva81","13":"first","14":"onbackorder","15":"purchasable","16":"product-type-simple"},"_links":{"self":[{"href":"https:\/\/lucacastelli.com\/de\/wp-json\/wp\/v2\/product\/503353","targetHints":{"allow":["GET"]}}],"collection":[{"href":"https:\/\/lucacastelli.com\/de\/wp-json\/wp\/v2\/product"}],"about":[{"href":"https:\/\/lucacastelli.com\/de\/wp-json\/wp\/v2\/types\/product"}],"wp:featuredmedia":[{"embeddable":true,"href":"https:\/\/lucacastelli.com\/de\/wp-json\/wp\/v2\/media\/428581"}],"wp:attachment":[{"href":"https:\/\/lucacastelli.com\/de\/wp-json\/wp\/v2\/media?parent=503353"}],"wp:term":[{"taxonomy":"product_brand","embeddable":true,"href":"https:\/\/lucacastelli.com\/de\/wp-json\/wp\/v2\/product_brand?post=503353"},{"taxonomy":"product_cat","embeddable":true,"href":"https:\/\/lucacastelli.com\/de\/wp-json\/wp\/v2\/product_cat?post=503353"},{"taxonomy":"product_tag","embeddable":true,"href":"https:\/\/lucacastelli.com\/de\/wp-json\/wp\/v2\/product_tag?post=503353"}],"curies":[{"name":"wp","href":"https:\/\/api.w.org\/{rel}","templated":true}]}}