{"id":503235,"date":"2025-06-01T03:47:23","date_gmt":"2025-06-01T01:47:23","guid":{"rendered":"https:\/\/lucacastelli.com\/prodotto\/stihl-chronograph-stihl\/"},"modified":"2025-06-01T03:47:23","modified_gmt":"2025-06-01T01:47:23","slug":"stihl-chronograph-stihl","status":"publish","type":"product","link":"https:\/\/lucacastelli.com\/de\/produkt\/stihl-chronograph-stihl\/","title":{"rendered":"STIHL Chronograph STIHL"},"content":{"rendered":"<p>Der STIHL Chronograph von Jacques Lemans pr\u00e4sentiert sich elegant und zugleich sportlich<br \/>\n. Das schwarze Zifferblatt mit<br \/>\norangefarbenen Details gef\u00e4llt durch die Kombination aus kleinen Indikatoren<br \/>\nund arabischen Ziffern und dem schr\u00e4g zwischen 4 Uhr<br \/>\nund 5 Uhr eingelassenen Datum. Die Chronographenkreise mit 24-Stunden-Anzeige,<br \/>\n Minuten- und Sekundenanzeige sind ein Detail, das sofort ins Auge f\u00e4llt<br \/>\n. Das massive IP-Black Edelstahlgeh\u00e4use<br \/>\nmit einem Durchmesser von 44 mm unterstreicht das markante<br \/>\nErscheinungsbild dieser Uhr. Das Modell verf\u00fcgt \u00fcber einen Quarzmechanismus, geh\u00e4rtetes Crystex-Glas<br \/>\n, einen runden Geh\u00e4useboden, der mit Schrauben<br \/>\ngesichert ist, und eine Wasserdichtigkeit von bis zu 10 ATM. Das hochwertige schwarze<br \/>\nSilikonarmband mit Dornschlie\u00dfe ist eine weitere Best\u00e4tigung daf\u00fcr, dass dieser<br \/>\nChronograph die perfekte Kombination aus Eleganz und Sportlichkeit ist.<br \/>\n886661576081     <\/p>\n<p>Schwarz<\/p>\n","protected":false},"excerpt":{"rendered":"<p>Chronograph STIHL<\/p>\n","protected":false},"featured_media":440105,"template":"","meta":{"_seopress_robots_primary_cat":"","_seopress_titles_title":"","_seopress_titles_desc":"","_seopress_robots_index":""},"product_brand":[3554],"product_cat":[1478],"product_tag":[3266],"class_list":{"0":"post-503235","1":"product","2":"type-product","3":"status-publish","4":"has-post-thumbnail","6":"product_brand-stihl-de","7":"product_cat-shop-de","8":"product_tag-import-stihl-de","9":"sws-gruppo-macchinari-de","10":"sws-conto-ricavi-merci-rivendita-macchinari-de","11":"sws-gruppo-iva-iva81-de","13":"first","14":"onbackorder","15":"purchasable","16":"product-type-simple"},"_links":{"self":[{"href":"https:\/\/lucacastelli.com\/de\/wp-json\/wp\/v2\/product\/503235","targetHints":{"allow":["GET"]}}],"collection":[{"href":"https:\/\/lucacastelli.com\/de\/wp-json\/wp\/v2\/product"}],"about":[{"href":"https:\/\/lucacastelli.com\/de\/wp-json\/wp\/v2\/types\/product"}],"wp:featuredmedia":[{"embeddable":true,"href":"https:\/\/lucacastelli.com\/de\/wp-json\/wp\/v2\/media\/440105"}],"wp:attachment":[{"href":"https:\/\/lucacastelli.com\/de\/wp-json\/wp\/v2\/media?parent=503235"}],"wp:term":[{"taxonomy":"product_brand","embeddable":true,"href":"https:\/\/lucacastelli.com\/de\/wp-json\/wp\/v2\/product_brand?post=503235"},{"taxonomy":"product_cat","embeddable":true,"href":"https:\/\/lucacastelli.com\/de\/wp-json\/wp\/v2\/product_cat?post=503235"},{"taxonomy":"product_tag","embeddable":true,"href":"https:\/\/lucacastelli.com\/de\/wp-json\/wp\/v2\/product_tag?post=503235"}],"curies":[{"name":"wp","href":"https:\/\/api.w.org\/{rel}","templated":true}]}}