{"id":503204,"date":"2025-06-01T00:16:33","date_gmt":"2025-05-31T22:16:33","guid":{"rendered":"https:\/\/lucacastelli.com\/prodotto\/stihl-325-rapid-super-rs-40-cm\/"},"modified":"2025-06-01T00:16:33","modified_gmt":"2025-05-31T22:16:33","slug":"stihl-325-rapid-super-rs-40-cm","status":"publish","type":"product","link":"https:\/\/lucacastelli.com\/de\/produkt\/stihl-325-rapid-super-rs-40-cm\/","title":{"rendered":"STIHL .325&#8243; Rapid Super (RS), 40 cm"},"content":{"rendered":"<p>Hochleistungskette mit geringer Vibration, leichtg\u00e4ngigem Schnitt und geringer H\u00fcpfneigung sowie extrem hoher Schnitt- und Gravurleistung.<\/p>\n<p>795711348809 Kettenteilung 8,25 mm \/ .325&#8243;<br \/>\n F\u00fchrungsgliedst\u00e4rke F\u00fchrungsgliedst\u00e4rke<\/p>\n<p>Stangenl\u00e4nge Stangenl\u00e4nge<\/p>\n","protected":false},"excerpt":{"rendered":"<p>.325&#8243; Rapid Super (RS), 40 cm<\/p>\n","protected":false},"featured_media":453584,"template":"","meta":{"_seopress_robots_primary_cat":"","_seopress_titles_title":"","_seopress_titles_desc":"","_seopress_robots_index":""},"product_brand":[3366],"product_cat":[29,268,504],"product_tag":[3265],"class_list":{"0":"post-503204","1":"product","2":"type-product","3":"status-publish","4":"has-post-thumbnail","6":"product_brand-stihl","7":"product_cat-macchinari","8":"product_cat-motoseghe","9":"product_cat-catene-e-rotoli","10":"product_tag-import-stihl","11":"sws-gruppo-macchinari-de","12":"sws-conto-ricavi-merci-rivendita-macchinari-de","13":"sws-gruppo-iva-iva81-de","15":"first","16":"onbackorder","17":"purchasable","18":"product-type-simple"},"_links":{"self":[{"href":"https:\/\/lucacastelli.com\/de\/wp-json\/wp\/v2\/product\/503204","targetHints":{"allow":["GET"]}}],"collection":[{"href":"https:\/\/lucacastelli.com\/de\/wp-json\/wp\/v2\/product"}],"about":[{"href":"https:\/\/lucacastelli.com\/de\/wp-json\/wp\/v2\/types\/product"}],"wp:featuredmedia":[{"embeddable":true,"href":"https:\/\/lucacastelli.com\/de\/wp-json\/wp\/v2\/media\/453584"}],"wp:attachment":[{"href":"https:\/\/lucacastelli.com\/de\/wp-json\/wp\/v2\/media?parent=503204"}],"wp:term":[{"taxonomy":"product_brand","embeddable":true,"href":"https:\/\/lucacastelli.com\/de\/wp-json\/wp\/v2\/product_brand?post=503204"},{"taxonomy":"product_cat","embeddable":true,"href":"https:\/\/lucacastelli.com\/de\/wp-json\/wp\/v2\/product_cat?post=503204"},{"taxonomy":"product_tag","embeddable":true,"href":"https:\/\/lucacastelli.com\/de\/wp-json\/wp\/v2\/product_tag?post=503204"}],"curies":[{"name":"wp","href":"https:\/\/api.w.org\/{rel}","templated":true}]}}