{"id":503165,"date":"2025-06-01T00:14:37","date_gmt":"2025-05-31T22:14:37","guid":{"rendered":"https:\/\/lucacastelli.com\/prodotto\/stihl-3-8-rapid-super-rs-40-cm\/"},"modified":"2025-07-23T00:28:57","modified_gmt":"2025-07-22T22:28:57","slug":"stihl-3-8-rapid-super-rs-40-cm","status":"publish","type":"product","link":"https:\/\/lucacastelli.com\/de\/produkt\/stihl-3-8-rapid-super-rs-40-cm\/","title":{"rendered":"STIHL 3\/8&#8243; Rapid Super (RS), 40 cm"},"content":{"rendered":"<p>Hochleistungskette mit geringer Vibration, glattem Schnitt und geringer Sprungneigung.<\/p>\n<p>795711250966 Kettenteilung 9,32 mm \/ 3\/8&#8243;<br \/>\n F\u00fchrungsgliedst\u00e4rke F\u00fchrungsgliedst\u00e4rke<\/p>\n<p>Stangenl\u00e4nge Stangenl\u00e4nge<\/p>\n","protected":false},"excerpt":{"rendered":"<p>3\/8&#8243; Rapid Super (RS), 40 cm<\/p>\n","protected":false},"featured_media":453737,"template":"","meta":{"_seopress_robots_primary_cat":"","_seopress_titles_title":"","_seopress_titles_desc":"","_seopress_robots_index":""},"product_brand":[3366],"product_cat":[29],"product_tag":[3265],"class_list":{"0":"post-503165","1":"product","2":"type-product","3":"status-publish","4":"has-post-thumbnail","6":"product_brand-stihl","7":"product_cat-macchinari","8":"product_tag-import-stihl","9":"sws-gruppo-macchinari-de","10":"sws-conto-ricavi-merci-rivendita-macchinari-de","11":"sws-gruppo-iva-iva81-de","13":"first","14":"onbackorder","15":"purchasable","16":"product-type-simple"},"_links":{"self":[{"href":"https:\/\/lucacastelli.com\/de\/wp-json\/wp\/v2\/product\/503165","targetHints":{"allow":["GET"]}}],"collection":[{"href":"https:\/\/lucacastelli.com\/de\/wp-json\/wp\/v2\/product"}],"about":[{"href":"https:\/\/lucacastelli.com\/de\/wp-json\/wp\/v2\/types\/product"}],"wp:featuredmedia":[{"embeddable":true,"href":"https:\/\/lucacastelli.com\/de\/wp-json\/wp\/v2\/media\/453737"}],"wp:attachment":[{"href":"https:\/\/lucacastelli.com\/de\/wp-json\/wp\/v2\/media?parent=503165"}],"wp:term":[{"taxonomy":"product_brand","embeddable":true,"href":"https:\/\/lucacastelli.com\/de\/wp-json\/wp\/v2\/product_brand?post=503165"},{"taxonomy":"product_cat","embeddable":true,"href":"https:\/\/lucacastelli.com\/de\/wp-json\/wp\/v2\/product_cat?post=503165"},{"taxonomy":"product_tag","embeddable":true,"href":"https:\/\/lucacastelli.com\/de\/wp-json\/wp\/v2\/product_tag?post=503165"}],"curies":[{"name":"wp","href":"https:\/\/api.w.org\/{rel}","templated":true}]}}