{"id":503157,"date":"2025-06-01T00:14:14","date_gmt":"2025-05-31T22:14:14","guid":{"rendered":"https:\/\/lucacastelli.com\/prodotto\/stihl-3-8-hard-peak-pd3-35-cm\/"},"modified":"2025-07-23T00:28:46","modified_gmt":"2025-07-22T22:28:46","slug":"stihl-3-8-hard-peak-pd3-35-cm","status":"publish","type":"product","link":"https:\/\/lucacastelli.com\/de\/produkt\/stihl-3-8-hard-peak-pd3-35-cm\/","title":{"rendered":"STIHL 3\/8&#8243; Hard Peak (PD3), 35 cm"},"content":{"rendered":"<p>Die weltweit erste Hartmetall-Kette mit niedrigem Profil. Ohne Nachsch\u00e4rfen bleibt sie bis zu zehnmal l\u00e4nger scharf als Standardketten und weist somit eine l\u00e4ngere Lebensdauer auf. Dar\u00fcber hinaus neigt der Hard Peak nur sehr wenig zu Vibrationen und Spr\u00fcngen.<br \/>\n795711408039  <\/p>\n<p>Kettenteilung 9,32 mm \/ 3\/8 &#8220;P<br \/>\nDicke des F\u00fchrungsglieds Dicke des F\u00fchrungsglieds<\/p>\n<p>L\u00e4nge der Stange L\u00e4nge der Stange<\/p>\n","protected":false},"excerpt":{"rendered":"<p>3\/8&#8243; Harter Schirm (PD3), 35 cm<\/p>\n","protected":false},"featured_media":453717,"template":"","meta":{"_seopress_robots_primary_cat":"","_seopress_titles_title":"","_seopress_titles_desc":"","_seopress_robots_index":""},"product_brand":[3366],"product_cat":[29],"product_tag":[3265],"class_list":{"0":"post-503157","1":"product","2":"type-product","3":"status-publish","4":"has-post-thumbnail","6":"product_brand-stihl","7":"product_cat-macchinari","8":"product_tag-import-stihl","9":"sws-gruppo-macchinari-de","10":"sws-conto-ricavi-merci-rivendita-macchinari-de","11":"sws-gruppo-iva-iva81-de","13":"first","14":"onbackorder","15":"purchasable","16":"product-type-simple"},"_links":{"self":[{"href":"https:\/\/lucacastelli.com\/de\/wp-json\/wp\/v2\/product\/503157","targetHints":{"allow":["GET"]}}],"collection":[{"href":"https:\/\/lucacastelli.com\/de\/wp-json\/wp\/v2\/product"}],"about":[{"href":"https:\/\/lucacastelli.com\/de\/wp-json\/wp\/v2\/types\/product"}],"wp:featuredmedia":[{"embeddable":true,"href":"https:\/\/lucacastelli.com\/de\/wp-json\/wp\/v2\/media\/453717"}],"wp:attachment":[{"href":"https:\/\/lucacastelli.com\/de\/wp-json\/wp\/v2\/media?parent=503157"}],"wp:term":[{"taxonomy":"product_brand","embeddable":true,"href":"https:\/\/lucacastelli.com\/de\/wp-json\/wp\/v2\/product_brand?post=503157"},{"taxonomy":"product_cat","embeddable":true,"href":"https:\/\/lucacastelli.com\/de\/wp-json\/wp\/v2\/product_cat?post=503157"},{"taxonomy":"product_tag","embeddable":true,"href":"https:\/\/lucacastelli.com\/de\/wp-json\/wp\/v2\/product_tag?post=503157"}],"curies":[{"name":"wp","href":"https:\/\/api.w.org\/{rel}","templated":true}]}}