{"id":503151,"date":"2025-06-01T00:13:41","date_gmt":"2025-05-31T22:13:41","guid":{"rendered":"https:\/\/lucacastelli.com\/prodotto\/stihl-light-04-325-1-3mm-45cm\/"},"modified":"2025-07-23T00:28:42","modified_gmt":"2025-07-22T22:28:42","slug":"stihl-light-04-325-1-3mm-45cm","status":"publish","type":"product","link":"https:\/\/lucacastelli.com\/de\/produkt\/stihl-light-04-325-1-3mm-45cm\/","title":{"rendered":"STIHL Light 04, .325&#8243;, 1.3mm, 45cm"},"content":{"rendered":"<p>Light 04 ist das erste STIHL Lenkermodell mit neuem Namen und innovativem Design. Die neue Light 04 hat eine besondere Form: Die verbesserte Balance bedeutet weniger Kraftaufwand bei der Nutzung der Kettens\u00e4ge, da ihr schlankes Profil das Gewicht im Vergleich zu bestehenden Stangen um 200 g reduziert.<br \/>\n886661807529 <\/p>\n<p>Umlenkrollen-Sternteilung 8,25 mm\/.325&#8243;<br \/>\n Rillenbreite Rillenbreite<\/p>\n<p>Anschlie\u00dfen der F\u00fchrungsschiene Anschlie\u00dfen der F\u00fchrungsschiene<br \/>\nNummer 10<br \/>\nL\u00e4nge der Schiene 45cm\/18&#8243;<\/p>\n","protected":false},"excerpt":{"rendered":"<p>Light 04, .325&#8243;, 1.3mm, 45cm<\/p>\n","protected":false},"featured_media":429708,"template":"","meta":{"_seopress_robots_primary_cat":"","_seopress_titles_title":"","_seopress_titles_desc":"","_seopress_robots_index":""},"product_brand":[3366],"product_cat":[29,268,524],"product_tag":[3265],"class_list":{"0":"post-503151","1":"product","2":"type-product","3":"status-publish","4":"has-post-thumbnail","6":"product_brand-stihl","7":"product_cat-macchinari","8":"product_cat-motoseghe","9":"product_cat-spranghe-guida","10":"product_tag-import-stihl","11":"sws-gruppo-macchinari-de","12":"sws-conto-ricavi-merci-rivendita-macchinari-de","13":"sws-gruppo-iva-iva81-de","15":"first","16":"onbackorder","17":"purchasable","18":"product-type-simple"},"_links":{"self":[{"href":"https:\/\/lucacastelli.com\/de\/wp-json\/wp\/v2\/product\/503151","targetHints":{"allow":["GET"]}}],"collection":[{"href":"https:\/\/lucacastelli.com\/de\/wp-json\/wp\/v2\/product"}],"about":[{"href":"https:\/\/lucacastelli.com\/de\/wp-json\/wp\/v2\/types\/product"}],"wp:featuredmedia":[{"embeddable":true,"href":"https:\/\/lucacastelli.com\/de\/wp-json\/wp\/v2\/media\/429708"}],"wp:attachment":[{"href":"https:\/\/lucacastelli.com\/de\/wp-json\/wp\/v2\/media?parent=503151"}],"wp:term":[{"taxonomy":"product_brand","embeddable":true,"href":"https:\/\/lucacastelli.com\/de\/wp-json\/wp\/v2\/product_brand?post=503151"},{"taxonomy":"product_cat","embeddable":true,"href":"https:\/\/lucacastelli.com\/de\/wp-json\/wp\/v2\/product_cat?post=503151"},{"taxonomy":"product_tag","embeddable":true,"href":"https:\/\/lucacastelli.com\/de\/wp-json\/wp\/v2\/product_tag?post=503151"}],"curies":[{"name":"wp","href":"https:\/\/api.w.org\/{rel}","templated":true}]}}