{"id":503138,"date":"2025-06-01T00:12:59","date_gmt":"2025-05-31T22:12:59","guid":{"rendered":"https:\/\/lucacastelli.com\/prodotto\/stihl-3-8-picco-micro-mini-3-pmm3-35-cm\/"},"modified":"2025-09-09T17:51:30","modified_gmt":"2025-09-09T15:51:30","slug":"stihl-3-8-picco-micro-mini-3-pmm3-35-cm","status":"publish","type":"product","link":"https:\/\/lucacastelli.com\/de\/produkt\/stihl-3-8-picco-micro-mini-3-pmm3-35-cm\/","title":{"rendered":"STIHL 3\/8&#8243; Picco Micro Mini 3 (PMM3), 35 cm"},"content":{"rendered":"<p>STIHL Vibrationsarmkette f\u00fcr Anwender, die hohen Komfort und geringe R\u00fcckschlagneigung sowie eine hervorragende Schnittqualit\u00e4t ben\u00f6tigen. Die Low-Profile-Kette f\u00fcr leichte Kettens\u00e4gen ist universell anpassbar. Ideal f\u00fcr Gelegenheitsanwender und f\u00fcr den Einsatz in der professionellen Baumpflege.<br \/>\n795711356408  <\/p>\n<p>Kettenteilung 9,32 mm \/ 3\/8 &#8220;P<br \/>\nDicke des F\u00fchrungsglieds Dicke des F\u00fchrungsglieds<\/p>\n<p>L\u00e4nge der Stange L\u00e4nge der Stange<\/p>\n","protected":false},"excerpt":{"rendered":"<p>3\/8&#8243; Picco Micro Mini 3 (PMM3), 35 cm<\/p>\n","protected":false},"featured_media":453725,"template":"","meta":{"_seopress_robots_primary_cat":"","_seopress_titles_title":"","_seopress_titles_desc":"","_seopress_robots_index":""},"product_brand":[3366],"product_cat":[29],"product_tag":[3265],"class_list":{"0":"post-503138","1":"product","2":"type-product","3":"status-publish","4":"has-post-thumbnail","6":"product_brand-stihl","7":"product_cat-macchinari","8":"product_tag-import-stihl","9":"sws-gruppo-macchinari","10":"sws-conto-ricavi-merci-rivendita-macchinari","11":"sws-gruppo-iva-iva81","13":"first","14":"onbackorder","15":"purchasable","16":"product-type-simple"},"_links":{"self":[{"href":"https:\/\/lucacastelli.com\/de\/wp-json\/wp\/v2\/product\/503138","targetHints":{"allow":["GET"]}}],"collection":[{"href":"https:\/\/lucacastelli.com\/de\/wp-json\/wp\/v2\/product"}],"about":[{"href":"https:\/\/lucacastelli.com\/de\/wp-json\/wp\/v2\/types\/product"}],"wp:featuredmedia":[{"embeddable":true,"href":"https:\/\/lucacastelli.com\/de\/wp-json\/wp\/v2\/media\/453725"}],"wp:attachment":[{"href":"https:\/\/lucacastelli.com\/de\/wp-json\/wp\/v2\/media?parent=503138"}],"wp:term":[{"taxonomy":"product_brand","embeddable":true,"href":"https:\/\/lucacastelli.com\/de\/wp-json\/wp\/v2\/product_brand?post=503138"},{"taxonomy":"product_cat","embeddable":true,"href":"https:\/\/lucacastelli.com\/de\/wp-json\/wp\/v2\/product_cat?post=503138"},{"taxonomy":"product_tag","embeddable":true,"href":"https:\/\/lucacastelli.com\/de\/wp-json\/wp\/v2\/product_tag?post=503138"}],"curies":[{"name":"wp","href":"https:\/\/api.w.org\/{rel}","templated":true}]}}