{"id":503132,"date":"2025-06-01T00:12:54","date_gmt":"2025-05-31T22:12:54","guid":{"rendered":"https:\/\/lucacastelli.com\/prodotto\/stihl-3-8-p-super-peak-ps-35-cm\/"},"modified":"2025-07-23T00:28:21","modified_gmt":"2025-07-22T22:28:21","slug":"stihl-3-8-p-super-peak-ps-35-cm","status":"publish","type":"product","link":"https:\/\/lucacastelli.com\/de\/produkt\/stihl-3-8-p-super-peak-ps-35-cm\/","title":{"rendered":"STIHL 3\/8&#8243; P Super Peak (PS), 35 cm"},"content":{"rendered":"<p>Abgesehen von der 3\/8&#8243;-Kette ist die PS3 die einzige Picco-Kette mit Vollfurchenz\u00e4hnen auf dem Markt. Sie bietet derzeit eine deutlich h\u00f6here Schnittleistung als alle anderen Niederquerschnittsketten mit 1,3 mm F\u00fchrungsgliedern. Bei der Gravur erhalten Sie sogar mehr Leistung als bei der 3\/8&#8243; PS3-Kette. Glatter Schnitt mit 15 % reduzierten Vibrationen. Hervorragende Leistung auch zu Beginn der Gravur, mit einer sehr sauberen Schnittfl\u00e4che. Dank ihrer hohen Schnittleistung ist diese Kette ideal f\u00fcr den professionellen Einsatz in der Forstwirtschaft.<br \/>\n795711964542   <\/p>\n<p>Kettenteilung 9,32 mm \/ 3\/8 &#8220;P<br \/>\nDicke des F\u00fchrungsglieds Dicke des F\u00fchrungsglieds<\/p>\n<p>L\u00e4nge der Stange L\u00e4nge der Stange<\/p>\n","protected":false},"excerpt":{"rendered":"<p>3\/8&#8243; P Super Peak (PS), 35 cm<\/p>\n","protected":false},"featured_media":453709,"template":"","meta":{"_seopress_robots_primary_cat":"","_seopress_titles_title":"","_seopress_titles_desc":"","_seopress_robots_index":""},"product_brand":[3366],"product_cat":[29],"product_tag":[3265],"class_list":{"0":"post-503132","1":"product","2":"type-product","3":"status-publish","4":"has-post-thumbnail","6":"product_brand-stihl","7":"product_cat-macchinari","8":"product_tag-import-stihl","9":"sws-gruppo-macchinari","10":"sws-conto-ricavi-merci-rivendita-macchinari","11":"sws-gruppo-iva-iva81","13":"first","14":"onbackorder","15":"purchasable","16":"product-type-simple"},"_links":{"self":[{"href":"https:\/\/lucacastelli.com\/de\/wp-json\/wp\/v2\/product\/503132","targetHints":{"allow":["GET"]}}],"collection":[{"href":"https:\/\/lucacastelli.com\/de\/wp-json\/wp\/v2\/product"}],"about":[{"href":"https:\/\/lucacastelli.com\/de\/wp-json\/wp\/v2\/types\/product"}],"wp:featuredmedia":[{"embeddable":true,"href":"https:\/\/lucacastelli.com\/de\/wp-json\/wp\/v2\/media\/453709"}],"wp:attachment":[{"href":"https:\/\/lucacastelli.com\/de\/wp-json\/wp\/v2\/media?parent=503132"}],"wp:term":[{"taxonomy":"product_brand","embeddable":true,"href":"https:\/\/lucacastelli.com\/de\/wp-json\/wp\/v2\/product_brand?post=503132"},{"taxonomy":"product_cat","embeddable":true,"href":"https:\/\/lucacastelli.com\/de\/wp-json\/wp\/v2\/product_cat?post=503132"},{"taxonomy":"product_tag","embeddable":true,"href":"https:\/\/lucacastelli.com\/de\/wp-json\/wp\/v2\/product_tag?post=503132"}],"curies":[{"name":"wp","href":"https:\/\/api.w.org\/{rel}","templated":true}]}}