{"id":503109,"date":"2025-06-01T00:08:42","date_gmt":"2025-05-31T22:08:42","guid":{"rendered":"https:\/\/lucacastelli.com\/prodotto\/stihl-light-04-325-1-3mm-40cm\/"},"modified":"2025-07-23T00:27:48","modified_gmt":"2025-07-22T22:27:48","slug":"stihl-light-04-325-1-3mm-40cm","status":"publish","type":"product","link":"https:\/\/lucacastelli.com\/de\/produkt\/stihl-light-04-325-1-3mm-40cm\/","title":{"rendered":"STIHL Light 04, .325&#8243;, 1.3mm, 40cm"},"content":{"rendered":"<p>Light 04 ist das erste STIHL Lenkermodell mit neuem Namen und innovativem Design. Die neue Light 04 hat eine besondere Form: Die verbesserte Balance bedeutet weniger Kraftaufwand bei der Nutzung der Kettens\u00e4ge, da ihr schlankes Profil das Gewicht im Vergleich zu bestehenden Stangen um 200 g reduziert.<br \/>\n886661807482 <\/p>\n<p>Umlenkrollen-Sternteilung 8,25 mm\/.325&#8243;<br \/>\n Rillenbreite Rillenbreite<\/p>\n<p>Anschlie\u00dfen der F\u00fchrungsschiene Anschlie\u00dfen der F\u00fchrungsschiene<br \/>\nNummer 10<br \/>\nL\u00e4nge der Schiene 40cm\/16&#8243;<\/p>\n","protected":false},"excerpt":{"rendered":"<p>Light 04, .325&#8243;, 1.3mm, 40cm<\/p>\n","protected":false},"featured_media":429708,"template":"","meta":{"_seopress_robots_primary_cat":"","_seopress_titles_title":"","_seopress_titles_desc":"","_seopress_robots_index":""},"product_brand":[3554],"product_cat":[1618,1612,169],"product_tag":[3266],"class_list":{"0":"post-503109","1":"product","2":"type-product","3":"status-publish","4":"has-post-thumbnail","6":"product_brand-stihl-de","7":"product_cat-fuhrungsschienen","8":"product_cat-kettensagen","9":"product_cat-maschinen","10":"product_tag-import-stihl-de","11":"sws-gruppo-macchinari","12":"sws-conto-ricavi-merci-rivendita-macchinari","13":"sws-gruppo-iva-iva81","15":"first","16":"onbackorder","17":"purchasable","18":"product-type-simple"},"_links":{"self":[{"href":"https:\/\/lucacastelli.com\/de\/wp-json\/wp\/v2\/product\/503109","targetHints":{"allow":["GET"]}}],"collection":[{"href":"https:\/\/lucacastelli.com\/de\/wp-json\/wp\/v2\/product"}],"about":[{"href":"https:\/\/lucacastelli.com\/de\/wp-json\/wp\/v2\/types\/product"}],"wp:featuredmedia":[{"embeddable":true,"href":"https:\/\/lucacastelli.com\/de\/wp-json\/wp\/v2\/media\/429708"}],"wp:attachment":[{"href":"https:\/\/lucacastelli.com\/de\/wp-json\/wp\/v2\/media?parent=503109"}],"wp:term":[{"taxonomy":"product_brand","embeddable":true,"href":"https:\/\/lucacastelli.com\/de\/wp-json\/wp\/v2\/product_brand?post=503109"},{"taxonomy":"product_cat","embeddable":true,"href":"https:\/\/lucacastelli.com\/de\/wp-json\/wp\/v2\/product_cat?post=503109"},{"taxonomy":"product_tag","embeddable":true,"href":"https:\/\/lucacastelli.com\/de\/wp-json\/wp\/v2\/product_tag?post=503109"}],"curies":[{"name":"wp","href":"https:\/\/api.w.org\/{rel}","templated":true}]}}