{"id":503094,"date":"2025-06-01T00:07:25","date_gmt":"2025-05-31T22:07:25","guid":{"rendered":"https:\/\/lucacastelli.com\/prodotto\/diamant-kette-36-ggm-45-cm\/"},"modified":"2026-04-15T11:38:41","modified_gmt":"2026-04-15T09:38:41","slug":"diamant-kette-36-ggm-45-cm","status":"publish","type":"product","link":"https:\/\/lucacastelli.com\/de\/produkt\/diamant-kette-36-ggm-45-cm\/","title":{"rendered":"Diamant-Trennkette 36 GGM, 45 cm"},"content":{"rendered":"<p>Ideal f\u00fcr das ruhige, pr\u00e4zise und vibrationsarme Nassschneiden von duktilen Gusseisenrohren im Kanal- und Leitungsbau. Erm\u00f6glicht Schnitte auch in unbequemen Positionen und an schwer zug\u00e4nglichen Stellen. Die diamantbeschichteten Stahlsegmente garantieren eine hohe Schnittleistung f\u00fcr Vertikal- und Trennschnitte.<br \/>\n886661349739  <\/p>\n<p>Schienenl\u00e4nge 45 cm\/18&#8243;<br \/>\nKettenteilung Kettenteilung<\/p>\n<p>Treibglieddicke Treibglieddicke<br \/>\nAnzahl Z\u00e4hne Kettenrad 1 8<br \/>\nAnzahl Treibglieder 70 Tg<\/p>\n","protected":false},"excerpt":{"rendered":"<p>Diamant-Trennkette 36 GGM, 45 cm<\/p>\n","protected":false},"featured_media":482250,"template":"","meta":{"_seopress_robots_primary_cat":"none","_seopress_titles_title":"","_seopress_titles_desc":"","_seopress_robots_index":""},"product_brand":[3366],"product_cat":[29,268,504,495,511],"product_tag":[3265],"class_list":{"0":"post-503094","1":"product","2":"type-product","3":"status-publish","4":"has-post-thumbnail","6":"product_brand-stihl","7":"product_cat-macchinari","8":"product_cat-motoseghe","9":"product_cat-catene-e-rotoli","10":"product_cat-troncatrici-e-mototroncatrici","11":"product_cat-mototroncatrici","12":"product_tag-import-stihl","13":"sws-gruppo-macchinari-de","14":"sws-conto-ricavi-merci-rivendita-macchinari-de","15":"sws-gruppo-iva-iva81-de","17":"first","18":"onbackorder","19":"sale","20":"purchasable","21":"product-type-simple"},"_links":{"self":[{"href":"https:\/\/lucacastelli.com\/de\/wp-json\/wp\/v2\/product\/503094","targetHints":{"allow":["GET"]}}],"collection":[{"href":"https:\/\/lucacastelli.com\/de\/wp-json\/wp\/v2\/product"}],"about":[{"href":"https:\/\/lucacastelli.com\/de\/wp-json\/wp\/v2\/types\/product"}],"wp:featuredmedia":[{"embeddable":true,"href":"https:\/\/lucacastelli.com\/de\/wp-json\/wp\/v2\/media\/482250"}],"wp:attachment":[{"href":"https:\/\/lucacastelli.com\/de\/wp-json\/wp\/v2\/media?parent=503094"}],"wp:term":[{"taxonomy":"product_brand","embeddable":true,"href":"https:\/\/lucacastelli.com\/de\/wp-json\/wp\/v2\/product_brand?post=503094"},{"taxonomy":"product_cat","embeddable":true,"href":"https:\/\/lucacastelli.com\/de\/wp-json\/wp\/v2\/product_cat?post=503094"},{"taxonomy":"product_tag","embeddable":true,"href":"https:\/\/lucacastelli.com\/de\/wp-json\/wp\/v2\/product_tag?post=503094"}],"curies":[{"name":"wp","href":"https:\/\/api.w.org\/{rel}","templated":true}]}}