{"id":503089,"date":"2025-06-01T00:07:19","date_gmt":"2025-05-31T22:07:19","guid":{"rendered":"https:\/\/lucacastelli.com\/prodotto\/stihl-rollomatic-es-light-3-8-80cm\/"},"modified":"2025-07-23T00:27:08","modified_gmt":"2025-07-22T22:27:08","slug":"stihl-rollomatic-es-light-3-8-80cm","status":"publish","type":"product","link":"https:\/\/lucacastelli.com\/de\/produkt\/stihl-rollomatic-es-light-3-8-80cm\/","title":{"rendered":"STIHL Rollomatic ES Light, 3\/8&#8243;, 80cm"},"content":{"rendered":"<p>Die leichten STIHL E Light und ES Light Bars unterscheiden sich in der Art des Aufbaus. Beim E Light werden die elektrogeschwei\u00dften Metallplatten weitestgehend ausgeh\u00f6hlt und mit glasfaserverst\u00e4rktem Polyamid bespritzt. Dadurch werden die Stangen besonders stabil und gleichzeitig ihr Gewicht deutlich reduziert. Bei der ES Light werden die Hohlk\u00f6rper gefr\u00e4st und anschlie\u00dfend mit einem speziellen Laserverfahren verschwei\u00dft. Daraus ergibt sich ein sehr stabiler Hohlk\u00f6rper mit einer elastischen unteren und oberen Flexstruktur. Die beiden Strukturen sorgen f\u00fcr interessante Gewichtsreduzierungen und eine bessere Balance der Kettens\u00e4ge.<br \/>\n795711413903     <\/p>\n<p>Umlenkrolle Sternteilung 9,32 mm\/3\/8&#8243;<br \/>\n Rillenbreite Rillenbreite<\/p>\n<p>Anschlie\u00dfen der F\u00fchrungsschiene Anschlie\u00dfen der F\u00fchrungsschiene<br \/>\nLeitrolle Nummer 11<br \/>\nStangenl\u00e4nge 80cm\/32&#8243;<\/p>\n","protected":false},"excerpt":{"rendered":"<p>Rollomatic ES Light, 3\/8&#8243;, 80cm<\/p>\n","protected":false},"featured_media":429660,"template":"","meta":{"_seopress_robots_primary_cat":"","_seopress_titles_title":"","_seopress_titles_desc":"","_seopress_robots_index":""},"product_brand":[3554],"product_cat":[1618,1612,169],"product_tag":[3266],"class_list":{"0":"post-503089","1":"product","2":"type-product","3":"status-publish","4":"has-post-thumbnail","6":"product_brand-stihl-de","7":"product_cat-fuhrungsschienen","8":"product_cat-kettensagen","9":"product_cat-maschinen","10":"product_tag-import-stihl-de","11":"sws-gruppo-macchinari-de","12":"sws-conto-ricavi-merci-rivendita-macchinari-de","13":"sws-gruppo-iva-iva81-de","15":"first","16":"onbackorder","17":"purchasable","18":"product-type-simple"},"_links":{"self":[{"href":"https:\/\/lucacastelli.com\/de\/wp-json\/wp\/v2\/product\/503089","targetHints":{"allow":["GET"]}}],"collection":[{"href":"https:\/\/lucacastelli.com\/de\/wp-json\/wp\/v2\/product"}],"about":[{"href":"https:\/\/lucacastelli.com\/de\/wp-json\/wp\/v2\/types\/product"}],"wp:featuredmedia":[{"embeddable":true,"href":"https:\/\/lucacastelli.com\/de\/wp-json\/wp\/v2\/media\/429660"}],"wp:attachment":[{"href":"https:\/\/lucacastelli.com\/de\/wp-json\/wp\/v2\/media?parent=503089"}],"wp:term":[{"taxonomy":"product_brand","embeddable":true,"href":"https:\/\/lucacastelli.com\/de\/wp-json\/wp\/v2\/product_brand?post=503089"},{"taxonomy":"product_cat","embeddable":true,"href":"https:\/\/lucacastelli.com\/de\/wp-json\/wp\/v2\/product_cat?post=503089"},{"taxonomy":"product_tag","embeddable":true,"href":"https:\/\/lucacastelli.com\/de\/wp-json\/wp\/v2\/product_tag?post=503089"}],"curies":[{"name":"wp","href":"https:\/\/api.w.org\/{rel}","templated":true}]}}