{"id":503086,"date":"2025-06-01T00:04:51","date_gmt":"2025-05-31T22:04:51","guid":{"rendered":"https:\/\/lucacastelli.com\/prodotto\/rollomatic-g-40-cm-fuer-36-gbe-und-36-gbm\/"},"modified":"2025-12-01T14:45:57","modified_gmt":"2025-12-01T13:45:57","slug":"rollomatic-g-40-cm-fuer-36-gbe-und-36-gbm","status":"publish","type":"product","link":"https:\/\/lucacastelli.com\/de\/produkt\/rollomatic-g-40-cm-fuer-36-gbe-und-36-gbm\/","title":{"rendered":"Rollomatic G, 40 cm, f\u00fcr 36 GBE und 36 GBM"},"content":{"rendered":"<p>Ausgestattet mit einem Wasserversorgungssystem in der Stange und auch im Deflektor. Speziell f\u00fcr GS 461 entwickelt, Schiene mit zweiter Bohrung zur Verl\u00e4ngerung der Zugf\u00e4higkeit, geh\u00e4rtete Kettenf\u00fchrung.<br \/>\n886661325856 <\/p>\n<p>Stangenl\u00e4nge 40cm\/16&#8243;<br \/>\n Rillenbreite Rillenbreite<\/p>\n<p>Idler Stern Pitch Idler Star Pitch Idler<br \/>\nStern Nummer 14<\/p>\n","protected":false},"excerpt":{"rendered":"<p>Rollomatic G, 40 cm, f\u00fcr 36 GBE und 36 GBM<\/p>\n","protected":false},"featured_media":482251,"template":"","meta":{"_seopress_robots_primary_cat":"","_seopress_titles_title":"","_seopress_titles_desc":"","_seopress_robots_index":""},"product_brand":[3554],"product_cat":[1696,169,1698],"product_tag":[3266],"class_list":{"0":"post-503086","1":"product","2":"type-product","3":"status-publish","4":"has-post-thumbnail","6":"product_brand-stihl-de","7":"product_cat-mahmaschinen-und-trimmer","8":"product_cat-maschinen","9":"product_cat-motorsensen","10":"product_tag-import-stihl-de","11":"sws-gruppo-macchinari-en","12":"sws-conto-ricavi-merci-rivendita-macchinari","13":"sws-gruppo-iva-iva81","15":"first","16":"onbackorder","17":"purchasable","18":"product-type-simple"},"_links":{"self":[{"href":"https:\/\/lucacastelli.com\/de\/wp-json\/wp\/v2\/product\/503086","targetHints":{"allow":["GET"]}}],"collection":[{"href":"https:\/\/lucacastelli.com\/de\/wp-json\/wp\/v2\/product"}],"about":[{"href":"https:\/\/lucacastelli.com\/de\/wp-json\/wp\/v2\/types\/product"}],"wp:featuredmedia":[{"embeddable":true,"href":"https:\/\/lucacastelli.com\/de\/wp-json\/wp\/v2\/media\/482251"}],"wp:attachment":[{"href":"https:\/\/lucacastelli.com\/de\/wp-json\/wp\/v2\/media?parent=503086"}],"wp:term":[{"taxonomy":"product_brand","embeddable":true,"href":"https:\/\/lucacastelli.com\/de\/wp-json\/wp\/v2\/product_brand?post=503086"},{"taxonomy":"product_cat","embeddable":true,"href":"https:\/\/lucacastelli.com\/de\/wp-json\/wp\/v2\/product_cat?post=503086"},{"taxonomy":"product_tag","embeddable":true,"href":"https:\/\/lucacastelli.com\/de\/wp-json\/wp\/v2\/product_tag?post=503086"}],"curies":[{"name":"wp","href":"https:\/\/api.w.org\/{rel}","templated":true}]}}