{"id":503083,"date":"2025-06-01T03:58:11","date_gmt":"2025-06-01T01:58:11","guid":{"rendered":"https:\/\/lucacastelli.com\/prodotto\/stihl-sammlermodell-typ-blk\/"},"modified":"2025-07-23T00:51:40","modified_gmt":"2025-07-22T22:51:40","slug":"stihl-sammlermodell-typ-blk","status":"publish","type":"product","link":"https:\/\/lucacastelli.com\/de\/produkt\/stihl-sammlermodell-typ-blk\/","title":{"rendered":"STIHL Sammlermodell, Typ BLK"},"content":{"rendered":"<p>Sammlermodell, Ausf\u00fchrung Zinkdruckguss, in Originalfarben lackiert, Kunststofffu\u00df, transparente Schutzkappe, von Schuco, Gr\u00f6\u00dfe 1:12.<br \/>\n886661394234<\/p>\n","protected":false},"excerpt":{"rendered":"<p>Sammlermodell, Typ BLK<\/p>\n","protected":false},"featured_media":428569,"template":"","meta":{"_seopress_robots_primary_cat":"","_seopress_titles_title":"","_seopress_titles_desc":"","_seopress_robots_index":""},"product_brand":[3366],"product_cat":[1103],"product_tag":[3265],"class_list":{"0":"post-503083","1":"product","2":"type-product","3":"status-publish","4":"has-post-thumbnail","6":"product_brand-stihl","7":"product_cat-shops","8":"product_tag-import-stihl","9":"sws-gruppo-abb-libero-de","10":"sws-conto-ricavi-merci-rivendita-abbigliamento-de","11":"sws-gruppo-iva-iva81-de","13":"first","14":"onbackorder","15":"purchasable","16":"product-type-simple"},"_links":{"self":[{"href":"https:\/\/lucacastelli.com\/de\/wp-json\/wp\/v2\/product\/503083","targetHints":{"allow":["GET"]}}],"collection":[{"href":"https:\/\/lucacastelli.com\/de\/wp-json\/wp\/v2\/product"}],"about":[{"href":"https:\/\/lucacastelli.com\/de\/wp-json\/wp\/v2\/types\/product"}],"wp:featuredmedia":[{"embeddable":true,"href":"https:\/\/lucacastelli.com\/de\/wp-json\/wp\/v2\/media\/428569"}],"wp:attachment":[{"href":"https:\/\/lucacastelli.com\/de\/wp-json\/wp\/v2\/media?parent=503083"}],"wp:term":[{"taxonomy":"product_brand","embeddable":true,"href":"https:\/\/lucacastelli.com\/de\/wp-json\/wp\/v2\/product_brand?post=503083"},{"taxonomy":"product_cat","embeddable":true,"href":"https:\/\/lucacastelli.com\/de\/wp-json\/wp\/v2\/product_cat?post=503083"},{"taxonomy":"product_tag","embeddable":true,"href":"https:\/\/lucacastelli.com\/de\/wp-json\/wp\/v2\/product_tag?post=503083"}],"curies":[{"name":"wp","href":"https:\/\/api.w.org\/{rel}","templated":true}]}}