{"id":502935,"date":"2025-07-09T09:05:20","date_gmt":"2025-07-09T07:05:20","guid":{"rendered":"https:\/\/lucacastelli.com\/prodotto\/milwaukee-gerader-saegeblatt-110\/"},"modified":"2026-04-16T02:27:58","modified_gmt":"2026-04-16T00:27:58","slug":"milwaukee-gerader-saegeblatt-110","status":"publish","type":"product","link":"https:\/\/lucacastelli.com\/de\/produkt\/milwaukee-gerader-saegeblatt-110\/","title":{"rendered":"MILWAUKEE S\u00e4bels\u00e4geblatt"},"content":{"rendered":"<p>S\u00c4GEBLATT SD THIN KERF 150\/1,4 50 Stk.<br \/>\nGeeignet f\u00fcr: Metallrohre, Nichteisenmetalle, Stahl, Edelstahl; Optimierte Zahngeometrie f\u00fcr maximale Geschwindigkeit und Lebensdauer; Optimierte Zahngeometrie f\u00fcr maximale Geschwindigkeit und Lebensdauer. Bimetall-Konstruktion der Z\u00e4hne mit 8 % Kobalt verbessert die Leistung und Lebensdauer zus\u00e4tzlich; Verst\u00e4rkter Aufnahmebereich durch Pr\u00e4gung von Metallverst\u00e4rkungen, wodurch dieses S\u00e4geblatt 2x biegebest\u00e4ndiger ist als die Standardkonstruktion; Blattk\u00f6rper 0,90 mm Dicke optimiert f\u00fcr maximale Geschwindigkeit und Flexibilit\u00e4t<\/p>\n<p>Metall: THIN KERF S\u00e4gebl\u00e4tter<br \/>\n045242084739<\/p>\n","protected":false},"excerpt":{"rendered":"<p>S\u00c4GEBLATT SD THIN KERF 150\/1,4 50 Stk. Geeignet f\u00fcr: Metallrohre, Nichteisenmetalle, Stahl, Edelstahl; Optimierte Zahngeometrie f\u00fcr maximale Geschwindigkeit und Lebensdauer;<\/p>\n","protected":false},"featured_media":432614,"template":"","meta":{"_seopress_robots_primary_cat":"","_seopress_titles_title":"","_seopress_titles_desc":"","_seopress_robots_index":""},"product_brand":[3407],"product_cat":[29,558],"product_tag":[6834],"class_list":{"0":"post-502935","1":"product","2":"type-product","3":"status-publish","4":"has-post-thumbnail","6":"product_brand-milwaukee","7":"product_cat-macchinari","8":"product_cat-seghe-accessori-vari","9":"product_tag-imp-26-mw_update","10":"sws-gruppo-macchinari-de","11":"sws-conto-ricavi-merci-rivendita-macchinari-de","12":"sws-gruppo-iva-iva81-de","14":"first","15":"instock","16":"sale","17":"shipping-taxable","18":"purchasable","19":"product-type-simple"},"_links":{"self":[{"href":"https:\/\/lucacastelli.com\/de\/wp-json\/wp\/v2\/product\/502935","targetHints":{"allow":["GET"]}}],"collection":[{"href":"https:\/\/lucacastelli.com\/de\/wp-json\/wp\/v2\/product"}],"about":[{"href":"https:\/\/lucacastelli.com\/de\/wp-json\/wp\/v2\/types\/product"}],"wp:featuredmedia":[{"embeddable":true,"href":"https:\/\/lucacastelli.com\/de\/wp-json\/wp\/v2\/media\/432614"}],"wp:attachment":[{"href":"https:\/\/lucacastelli.com\/de\/wp-json\/wp\/v2\/media?parent=502935"}],"wp:term":[{"taxonomy":"product_brand","embeddable":true,"href":"https:\/\/lucacastelli.com\/de\/wp-json\/wp\/v2\/product_brand?post=502935"},{"taxonomy":"product_cat","embeddable":true,"href":"https:\/\/lucacastelli.com\/de\/wp-json\/wp\/v2\/product_cat?post=502935"},{"taxonomy":"product_tag","embeddable":true,"href":"https:\/\/lucacastelli.com\/de\/wp-json\/wp\/v2\/product_tag?post=502935"}],"curies":[{"name":"wp","href":"https:\/\/api.w.org\/{rel}","templated":true}]}}