{"id":502929,"date":"2025-07-09T09:05:19","date_gmt":"2025-07-09T07:05:19","guid":{"rendered":"https:\/\/lucacastelli.com\/prodotto\/milwaukee-gerader-saegeblatt-108\/"},"modified":"2025-07-09T09:05:19","modified_gmt":"2025-07-09T07:05:19","slug":"milwaukee-gerader-saegeblatt-108","status":"publish","type":"product","link":"https:\/\/lucacastelli.com\/de\/produkt\/milwaukee-gerader-saegeblatt-108\/","title":{"rendered":"MILWAUKEE Gerader S\u00e4geblatt"},"content":{"rendered":"<p>Optimierte Zahngeometrie f\u00fcr maximale Geschwindigkeit und Haltbarkeit; Optimierte Zahngeometrie f\u00fcr maximale Geschwindigkeit und Haltbarkeit. Die Bimetallkonstruktion der Z\u00e4hne mit 8% Kobalt verbessert die Leistung und Lebensdauer zus\u00e4tzlich; Verst\u00e4rkter Befestigungsbereich durch Formen von Metallverst\u00e4rkungen, um diese Klinge 2x biegesteifer zu machen als die Standardkonstruktion; Optimierter Klingenk\u00f6rper mit einer Dicke von 0,90 mm f\u00fcr maximale Geschwindigkeit und Flexibilit\u00e4t<\/p>\n","protected":false},"excerpt":{"rendered":"<p>Optimierte Zahngeometrie f\u00fcr maximale Geschwindigkeit und Haltbarkeit; Optimierte Zahngeometrie f\u00fcr maximale Geschwindigkeit und Haltbarkeit. Die Bimetallkonstruktion der Z\u00e4hne mit 8%<\/p>\n","protected":false},"featured_media":432623,"template":"","meta":{"_seopress_robots_primary_cat":"","_seopress_titles_title":"","_seopress_titles_desc":"","_seopress_robots_index":""},"product_brand":[3656],"product_cat":[169,1535],"product_tag":[6837],"class_list":{"0":"post-502929","1":"product","2":"type-product","3":"status-publish","4":"has-post-thumbnail","6":"product_brand-milwaukee-de","7":"product_cat-maschinen","8":"product_cat-sagen","9":"product_tag-imp-26-mw_update","10":"sws-gruppo-macchinari-de","11":"sws-conto-ricavi-merci-rivendita-macchinari-de","12":"sws-gruppo-iva-iva81-de","14":"first","15":"instock","16":"sale","17":"shipping-taxable","18":"purchasable","19":"product-type-simple"},"_links":{"self":[{"href":"https:\/\/lucacastelli.com\/de\/wp-json\/wp\/v2\/product\/502929","targetHints":{"allow":["GET"]}}],"collection":[{"href":"https:\/\/lucacastelli.com\/de\/wp-json\/wp\/v2\/product"}],"about":[{"href":"https:\/\/lucacastelli.com\/de\/wp-json\/wp\/v2\/types\/product"}],"wp:featuredmedia":[{"embeddable":true,"href":"https:\/\/lucacastelli.com\/de\/wp-json\/wp\/v2\/media\/432623"}],"wp:attachment":[{"href":"https:\/\/lucacastelli.com\/de\/wp-json\/wp\/v2\/media?parent=502929"}],"wp:term":[{"taxonomy":"product_brand","embeddable":true,"href":"https:\/\/lucacastelli.com\/de\/wp-json\/wp\/v2\/product_brand?post=502929"},{"taxonomy":"product_cat","embeddable":true,"href":"https:\/\/lucacastelli.com\/de\/wp-json\/wp\/v2\/product_cat?post=502929"},{"taxonomy":"product_tag","embeddable":true,"href":"https:\/\/lucacastelli.com\/de\/wp-json\/wp\/v2\/product_tag?post=502929"}],"curies":[{"name":"wp","href":"https:\/\/api.w.org\/{rel}","templated":true}]}}