{"id":502922,"date":"2025-07-09T09:05:15","date_gmt":"2025-07-09T07:05:15","guid":{"rendered":"https:\/\/lucacastelli.com\/prodotto\/milwaukee-gerader-saegeblatt-105\/"},"modified":"2026-04-16T02:28:47","modified_gmt":"2026-04-16T00:28:47","slug":"milwaukee-gerader-saegeblatt-105","status":"publish","type":"product","link":"https:\/\/lucacastelli.com\/de\/produkt\/milwaukee-gerader-saegeblatt-105\/","title":{"rendered":"MILWAUKEE S\u00e4bels\u00e4geblatt"},"content":{"rendered":"<p>UNIVERSAL-S\u00c4GEBL\u00c4TTER SD 150\/2,5-1,8 50 Stk.<br \/>\nGeeignet f\u00fcr: Holz mit N\u00e4geln, Kunststoffrohre, Nichteisenmetalle, Stahl, Palettenreparatur; Matrix II HSS-Z\u00e4hne mit 8 % Kobalt. Bi-Metall-Design f\u00fcr schnelles Schneiden und maximale Standzeit. F\u00fcr vielf\u00e4ltige Anwendungen  <\/p>\n<p>Universals\u00e4gebl\u00e4tter: Holz \/ Metall \/ Kunststoff<br \/>\n045242084081<\/p>\n","protected":false},"excerpt":{"rendered":"<p>UNIVERSAL-S\u00c4GEBL\u00c4TTER SD 150\/2,5-1,8 50 Stk. Geeignet f\u00fcr: Holz mit N\u00e4geln, Kunststoffrohre, Nichteisenmetalle, Stahl, Palettenreparatur; Matrix II HSS-Z\u00e4hne mit 8 %<\/p>\n","protected":false},"featured_media":432650,"template":"","meta":{"_seopress_robots_primary_cat":"","_seopress_titles_title":"","_seopress_titles_desc":"","_seopress_robots_index":""},"product_brand":[3407],"product_cat":[29,558],"product_tag":[6834],"class_list":{"0":"post-502922","1":"product","2":"type-product","3":"status-publish","4":"has-post-thumbnail","6":"product_brand-milwaukee","7":"product_cat-macchinari","8":"product_cat-seghe-accessori-vari","9":"product_tag-imp-26-mw_update","10":"sws-gruppo-macchinari-de","11":"sws-conto-ricavi-merci-rivendita-macchinari-de","12":"sws-gruppo-iva-iva81-de","14":"first","15":"instock","16":"sale","17":"shipping-taxable","18":"purchasable","19":"product-type-simple"},"_links":{"self":[{"href":"https:\/\/lucacastelli.com\/de\/wp-json\/wp\/v2\/product\/502922","targetHints":{"allow":["GET"]}}],"collection":[{"href":"https:\/\/lucacastelli.com\/de\/wp-json\/wp\/v2\/product"}],"about":[{"href":"https:\/\/lucacastelli.com\/de\/wp-json\/wp\/v2\/types\/product"}],"wp:featuredmedia":[{"embeddable":true,"href":"https:\/\/lucacastelli.com\/de\/wp-json\/wp\/v2\/media\/432650"}],"wp:attachment":[{"href":"https:\/\/lucacastelli.com\/de\/wp-json\/wp\/v2\/media?parent=502922"}],"wp:term":[{"taxonomy":"product_brand","embeddable":true,"href":"https:\/\/lucacastelli.com\/de\/wp-json\/wp\/v2\/product_brand?post=502922"},{"taxonomy":"product_cat","embeddable":true,"href":"https:\/\/lucacastelli.com\/de\/wp-json\/wp\/v2\/product_cat?post=502922"},{"taxonomy":"product_tag","embeddable":true,"href":"https:\/\/lucacastelli.com\/de\/wp-json\/wp\/v2\/product_tag?post=502922"}],"curies":[{"name":"wp","href":"https:\/\/api.w.org\/{rel}","templated":true}]}}