{"id":502919,"date":"2025-07-09T09:00:46","date_gmt":"2025-07-09T07:00:46","guid":{"rendered":"https:\/\/lucacastelli.com\/prodotto\/milwaukee-stichsaegeblatt-16\/"},"modified":"2025-07-09T09:00:46","modified_gmt":"2025-07-09T07:00:46","slug":"milwaukee-stichsaegeblatt-16","status":"publish","type":"product","link":"https:\/\/lucacastelli.com\/de\/produkt\/milwaukee-stichsaegeblatt-16\/","title":{"rendered":"MILWAUKEE Stichs\u00e4geblatt"},"content":{"rendered":"<p>Alle unsere gebogenen Klingen verf\u00fcgen \u00fcber einen schmalen Klingenk\u00f6rper f\u00fcr eine bessere Man\u00f6vrierf\u00e4higkeit. Z\u00e4hne auf beiden Seiten; Mit den Z\u00e4hnen auf der R\u00fcckseite der Klinge k\u00f6nnen Sie enge Kurven mit Leichtigkeit schneiden. Um das beste Ergebnis bei gebogenen Schnitten zu erzielen, wird empfohlen, die Klingen ohne Pendelwirkung zu verwenden<\/p>\n","protected":false},"excerpt":{"rendered":"<p>Alle unsere gebogenen Klingen verf\u00fcgen \u00fcber einen schmalen Klingenk\u00f6rper f\u00fcr eine bessere Man\u00f6vrierf\u00e4higkeit. Z\u00e4hne auf beiden Seiten; Mit den Z\u00e4hnen<\/p>\n","protected":false},"featured_media":485894,"template":"","meta":{"_seopress_robots_primary_cat":"","_seopress_titles_title":"","_seopress_titles_desc":"","_seopress_robots_index":""},"product_brand":[3656],"product_cat":[169,1535],"product_tag":[3272],"class_list":{"0":"post-502919","1":"product","2":"type-product","3":"status-publish","4":"has-post-thumbnail","6":"product_brand-milwaukee-de","7":"product_cat-maschinen","8":"product_cat-sagen","9":"product_tag-import-milwau-de","10":"sws-gruppo-macchinari-de","11":"sws-conto-ricavi-merci-rivendita-macchinari-de","12":"sws-gruppo-iva-iva81-de","14":"first","15":"instock","16":"sale","17":"shipping-taxable","18":"purchasable","19":"product-type-simple"},"_links":{"self":[{"href":"https:\/\/lucacastelli.com\/de\/wp-json\/wp\/v2\/product\/502919","targetHints":{"allow":["GET"]}}],"collection":[{"href":"https:\/\/lucacastelli.com\/de\/wp-json\/wp\/v2\/product"}],"about":[{"href":"https:\/\/lucacastelli.com\/de\/wp-json\/wp\/v2\/types\/product"}],"wp:featuredmedia":[{"embeddable":true,"href":"https:\/\/lucacastelli.com\/de\/wp-json\/wp\/v2\/media\/485894"}],"wp:attachment":[{"href":"https:\/\/lucacastelli.com\/de\/wp-json\/wp\/v2\/media?parent=502919"}],"wp:term":[{"taxonomy":"product_brand","embeddable":true,"href":"https:\/\/lucacastelli.com\/de\/wp-json\/wp\/v2\/product_brand?post=502919"},{"taxonomy":"product_cat","embeddable":true,"href":"https:\/\/lucacastelli.com\/de\/wp-json\/wp\/v2\/product_cat?post=502919"},{"taxonomy":"product_tag","embeddable":true,"href":"https:\/\/lucacastelli.com\/de\/wp-json\/wp\/v2\/product_tag?post=502919"}],"curies":[{"name":"wp","href":"https:\/\/api.w.org\/{rel}","templated":true}]}}