{"id":502908,"date":"2025-07-08T17:52:47","date_gmt":"2025-07-08T15:52:47","guid":{"rendered":"https:\/\/lucacastelli.com\/prodotto\/milwaukee-hss-g-tin-spitze-aus-metall-19\/"},"modified":"2025-07-08T17:52:47","modified_gmt":"2025-07-08T15:52:47","slug":"milwaukee-hss-g-tin-spitze-aus-metall-19","status":"publish","type":"product","link":"https:\/\/lucacastelli.com\/de\/produkt\/milwaukee-hss-g-tin-spitze-aus-metall-19\/","title":{"rendered":"MILWAUKEE HSS-G TiN Spitze aus Metall"},"content":{"rendered":"<p>1\/4 Zoll Sechskant-Bits optimiert f\u00fcr Schlagschrauber; Die Titannitrid-Beschichtung hilft bei der K\u00fchlung der Spitze und erm\u00f6glicht den Einsatz auch bei hohen Geschwindigkeiten; Die Geometrie des Bohrers mit einem Winkel von 135\u00b0 reduziert den Schlupf des Bohrers und erm\u00f6glicht maximale Bohrpr\u00e4zision, ohne diese zu \u00fcberhitzen; Nut mit variablem Design. Dies erm\u00f6glicht einen schnelleren Materialauswurf und reduziert die aufgestaute W\u00e4rme, was zu einer h\u00f6heren Effizienz f\u00fchrt. St\u00e4rkeres Design f\u00fcr l\u00e4ngere Haltbarkeit und Lebensdauer der Spitze; H\u00f6here Vielseitigkeit dank des 1\/4 Zoll Sechskantantriebs, der den Einsatz an Bohrmaschinen und Schlagschraubern erm\u00f6glicht <\/p>\n","protected":false},"excerpt":{"rendered":"<p>1\/4 Zoll Sechskant-Bits optimiert f\u00fcr Schlagschrauber; Die Titannitrid-Beschichtung hilft bei der K\u00fchlung der Spitze und erm\u00f6glicht den Einsatz auch bei<\/p>\n","protected":false},"featured_media":484880,"template":"","meta":{"_seopress_robots_primary_cat":"","_seopress_titles_title":"","_seopress_titles_desc":"","_seopress_robots_index":""},"product_brand":[3656],"product_cat":[1553,169,1554],"product_tag":[3272],"class_list":{"0":"post-502908","1":"product","2":"type-product","3":"status-publish","4":"has-post-thumbnail","6":"product_brand-milwaukee-de","7":"product_cat-bohrer-und-schraubendreher","8":"product_cat-maschinen","9":"product_cat-zubehor-fur-bohrmaschinen-und-schraubendreher","10":"product_tag-import-milwau-de","11":"sws-gruppo-macchinari-de","12":"sws-conto-ricavi-merci-rivendita-macchinari-de","13":"sws-gruppo-iva-iva81-de","15":"first","16":"instock","17":"sale","18":"shipping-taxable","19":"purchasable","20":"product-type-simple"},"_links":{"self":[{"href":"https:\/\/lucacastelli.com\/de\/wp-json\/wp\/v2\/product\/502908","targetHints":{"allow":["GET"]}}],"collection":[{"href":"https:\/\/lucacastelli.com\/de\/wp-json\/wp\/v2\/product"}],"about":[{"href":"https:\/\/lucacastelli.com\/de\/wp-json\/wp\/v2\/types\/product"}],"wp:featuredmedia":[{"embeddable":true,"href":"https:\/\/lucacastelli.com\/de\/wp-json\/wp\/v2\/media\/484880"}],"wp:attachment":[{"href":"https:\/\/lucacastelli.com\/de\/wp-json\/wp\/v2\/media?parent=502908"}],"wp:term":[{"taxonomy":"product_brand","embeddable":true,"href":"https:\/\/lucacastelli.com\/de\/wp-json\/wp\/v2\/product_brand?post=502908"},{"taxonomy":"product_cat","embeddable":true,"href":"https:\/\/lucacastelli.com\/de\/wp-json\/wp\/v2\/product_cat?post=502908"},{"taxonomy":"product_tag","embeddable":true,"href":"https:\/\/lucacastelli.com\/de\/wp-json\/wp\/v2\/product_tag?post=502908"}],"curies":[{"name":"wp","href":"https:\/\/api.w.org\/{rel}","templated":true}]}}