{"id":502899,"date":"2025-07-08T17:52:48","date_gmt":"2025-07-08T15:52:48","guid":{"rendered":"https:\/\/lucacastelli.com\/prodotto\/milwaukee-spannfutter-schraubenschluessel-7\/"},"modified":"2025-07-08T17:52:48","modified_gmt":"2025-07-08T15:52:48","slug":"milwaukee-spannfutter-schraubenschluessel-7","status":"publish","type":"product","link":"https:\/\/lucacastelli.com\/de\/produkt\/milwaukee-spannfutter-schraubenschluessel-7\/","title":{"rendered":"MILWAUKEE Spannfutter Schraubenschl\u00fcssel"},"content":{"rendered":"<p>Futterschl\u00fcssel H zum Anziehen und L\u00f6sen der Bits im Bohrfutter f\u00fcr Ringbohrer<\/p>\n","protected":false},"excerpt":{"rendered":"<p>Futterschl\u00fcssel H zum Anziehen und L\u00f6sen der Bits im Bohrfutter f\u00fcr Ringbohrer<\/p>\n","protected":false},"featured_media":484834,"template":"","meta":{"_seopress_robots_primary_cat":"","_seopress_titles_title":"","_seopress_titles_desc":"","_seopress_robots_index":""},"product_brand":[3656],"product_cat":[1553,169,1554],"product_tag":[3272],"class_list":{"0":"post-502899","1":"product","2":"type-product","3":"status-publish","4":"has-post-thumbnail","6":"product_brand-milwaukee-de","7":"product_cat-bohrer-und-schraubendreher","8":"product_cat-maschinen","9":"product_cat-zubehor-fur-bohrmaschinen-und-schraubendreher","10":"product_tag-import-milwau-de","11":"sws-gruppo-macchinari-de","12":"sws-conto-ricavi-merci-rivendita-macchinari-de","13":"sws-gruppo-iva-iva81-de","15":"first","16":"instock","17":"sale","18":"shipping-taxable","19":"purchasable","20":"product-type-simple"},"_links":{"self":[{"href":"https:\/\/lucacastelli.com\/de\/wp-json\/wp\/v2\/product\/502899","targetHints":{"allow":["GET"]}}],"collection":[{"href":"https:\/\/lucacastelli.com\/de\/wp-json\/wp\/v2\/product"}],"about":[{"href":"https:\/\/lucacastelli.com\/de\/wp-json\/wp\/v2\/types\/product"}],"wp:featuredmedia":[{"embeddable":true,"href":"https:\/\/lucacastelli.com\/de\/wp-json\/wp\/v2\/media\/484834"}],"wp:attachment":[{"href":"https:\/\/lucacastelli.com\/de\/wp-json\/wp\/v2\/media?parent=502899"}],"wp:term":[{"taxonomy":"product_brand","embeddable":true,"href":"https:\/\/lucacastelli.com\/de\/wp-json\/wp\/v2\/product_brand?post=502899"},{"taxonomy":"product_cat","embeddable":true,"href":"https:\/\/lucacastelli.com\/de\/wp-json\/wp\/v2\/product_cat?post=502899"},{"taxonomy":"product_tag","embeddable":true,"href":"https:\/\/lucacastelli.com\/de\/wp-json\/wp\/v2\/product_tag?post=502899"}],"curies":[{"name":"wp","href":"https:\/\/api.w.org\/{rel}","templated":true}]}}