{"id":502871,"date":"2025-07-08T17:52:20","date_gmt":"2025-07-08T15:52:20","guid":{"rendered":"https:\/\/lucacastelli.com\/prodotto\/milwaukee-hss-g-tin-spitze-aus-metall-8\/"},"modified":"2026-04-16T02:30:01","modified_gmt":"2026-04-16T00:30:01","slug":"milwaukee-hss-g-tin-spitze-aus-metall-8","status":"publish","type":"product","link":"https:\/\/lucacastelli.com\/de\/produkt\/milwaukee-hss-g-tin-spitze-aus-metall-8\/","title":{"rendered":"MILWAUKEE Metallbohrer HSS-G TiN"},"content":{"rendered":"<p>REDHEX HSS-G BOHRER 10,5 X 122 mm \u2013 1 Stk.<br \/>\nBohrer mit 1\/4&#8243;-Sechskantaufnahme, optimiert f\u00fcr Schlagschrauber; Titannitrid-Beschichtung unterst\u00fctzt die K\u00fchlung und erm\u00f6glicht hohe Geschwindigkeiten; 135\u00b0-Spitzengeometrie reduziert das Wandern und sorgt f\u00fcr maximale Pr\u00e4zision ohne \u00dcberhitzung; Variables Nutdesign f\u00fcr schnelleren Materialabtransport und weniger Hitzeentwicklung; Robusteres Design f\u00fcr l\u00e4ngere Lebensdauer; Vielseitig einsetzbar in Bohrmaschinen und Schlagschraubern dank 1\/4&#8243;-Sechskantaufnahme <\/p>\n<p>Metallbohrer HSS-G TITAN SHOCKWAVE<br \/>\n045242501748<\/p>\n","protected":false},"excerpt":{"rendered":"<p>REDHEX HSS-G BOHRER 10,5 X 122 mm \u2013 1 Stk. Bohrer mit 1\/4&#8243;-Sechskantaufnahme, optimiert f\u00fcr Schlagschrauber; Titannitrid-Beschichtung unterst\u00fctzt die K\u00fchlung<\/p>\n","protected":false},"featured_media":484982,"template":"","meta":{"_seopress_robots_primary_cat":"","_seopress_titles_title":"","_seopress_titles_desc":"","_seopress_robots_index":""},"product_brand":[3407],"product_cat":[29,549,550],"product_tag":[6834],"class_list":{"0":"post-502871","1":"product","2":"type-product","3":"status-publish","4":"has-post-thumbnail","6":"product_brand-milwaukee","7":"product_cat-macchinari","8":"product_cat-trapani-e-avvitatori","9":"product_cat-accessori-per-trapani-ed-avvitatori","10":"product_tag-imp-26-mw_update","11":"sws-gruppo-macchinari-de","12":"sws-conto-ricavi-merci-rivendita-macchinari-de","13":"sws-gruppo-iva-iva81-de","15":"first","16":"instock","17":"sale","18":"shipping-taxable","19":"purchasable","20":"product-type-simple"},"_links":{"self":[{"href":"https:\/\/lucacastelli.com\/de\/wp-json\/wp\/v2\/product\/502871","targetHints":{"allow":["GET"]}}],"collection":[{"href":"https:\/\/lucacastelli.com\/de\/wp-json\/wp\/v2\/product"}],"about":[{"href":"https:\/\/lucacastelli.com\/de\/wp-json\/wp\/v2\/types\/product"}],"wp:featuredmedia":[{"embeddable":true,"href":"https:\/\/lucacastelli.com\/de\/wp-json\/wp\/v2\/media\/484982"}],"wp:attachment":[{"href":"https:\/\/lucacastelli.com\/de\/wp-json\/wp\/v2\/media?parent=502871"}],"wp:term":[{"taxonomy":"product_brand","embeddable":true,"href":"https:\/\/lucacastelli.com\/de\/wp-json\/wp\/v2\/product_brand?post=502871"},{"taxonomy":"product_cat","embeddable":true,"href":"https:\/\/lucacastelli.com\/de\/wp-json\/wp\/v2\/product_cat?post=502871"},{"taxonomy":"product_tag","embeddable":true,"href":"https:\/\/lucacastelli.com\/de\/wp-json\/wp\/v2\/product_tag?post=502871"}],"curies":[{"name":"wp","href":"https:\/\/api.w.org\/{rel}","templated":true}]}}