{"id":502861,"date":"2025-07-08T17:52:14","date_gmt":"2025-07-08T15:52:14","guid":{"rendered":"https:\/\/lucacastelli.com\/prodotto\/milwaukee-hss-g-tin-spitze-aus-metall-4\/"},"modified":"2026-04-16T02:29:37","modified_gmt":"2026-04-16T00:29:37","slug":"milwaukee-hss-g-tin-spitze-aus-metall-4","status":"publish","type":"product","link":"https:\/\/lucacastelli.com\/de\/produkt\/milwaukee-hss-g-tin-spitze-aus-metall-4\/","title":{"rendered":"MILWAUKEE HSS-G TiN Metallbohrer"},"content":{"rendered":"<p>REDHEX HSS-G BOHRER 3,0 X 65 mm \u2013 2 Stk.<br \/>\nBohrer mit 1\/4&#8243;-Sechskantaufnahme, optimiert f\u00fcr Schlagschrauber; Titan-Nitrid-Beschichtung unterst\u00fctzt die K\u00fchlung und erm\u00f6glicht hohe Geschwindigkeiten; 135\u00b0-Spitzengeometrie reduziert das Wandern und sorgt f\u00fcr maximale Pr\u00e4zision ohne \u00dcberhitzung; Variables Nutendesign f\u00fcr schnelleren Materialabtrag und weniger W\u00e4rmeentwicklung; Robusteres Design f\u00fcr l\u00e4ngere Lebensdauer; Vielseitig einsetzbar in Bohrmaschinen und Schlagschraubern dank 1\/4&#8243;-Sechskantaufnahme. <\/p>\n<p>HSS-G TITAN Metallbohrer SHOCKWAVE<br \/>\n045242506866<\/p>\n","protected":false},"excerpt":{"rendered":"<p>REDHEX HSS-G BOHRER 3,0 X 65 mm \u2013 2 Stk. Bohrer mit 1\/4&#8243;-Sechskantaufnahme, optimiert f\u00fcr Schlagschrauber; Titan-Nitrid-Beschichtung unterst\u00fctzt die K\u00fchlung<\/p>\n","protected":false},"featured_media":485012,"template":"","meta":{"_seopress_robots_primary_cat":"","_seopress_titles_title":"","_seopress_titles_desc":"","_seopress_robots_index":""},"product_brand":[3407],"product_cat":[29,549,550],"product_tag":[6834],"class_list":{"0":"post-502861","1":"product","2":"type-product","3":"status-publish","4":"has-post-thumbnail","6":"product_brand-milwaukee","7":"product_cat-macchinari","8":"product_cat-trapani-e-avvitatori","9":"product_cat-accessori-per-trapani-ed-avvitatori","10":"product_tag-imp-26-mw_update","11":"sws-gruppo-macchinari-de","12":"sws-conto-ricavi-merci-rivendita-macchinari-de","13":"sws-gruppo-iva-iva81-de","15":"first","16":"instock","17":"sale","18":"shipping-taxable","19":"purchasable","20":"product-type-simple"},"_links":{"self":[{"href":"https:\/\/lucacastelli.com\/de\/wp-json\/wp\/v2\/product\/502861","targetHints":{"allow":["GET"]}}],"collection":[{"href":"https:\/\/lucacastelli.com\/de\/wp-json\/wp\/v2\/product"}],"about":[{"href":"https:\/\/lucacastelli.com\/de\/wp-json\/wp\/v2\/types\/product"}],"wp:featuredmedia":[{"embeddable":true,"href":"https:\/\/lucacastelli.com\/de\/wp-json\/wp\/v2\/media\/485012"}],"wp:attachment":[{"href":"https:\/\/lucacastelli.com\/de\/wp-json\/wp\/v2\/media?parent=502861"}],"wp:term":[{"taxonomy":"product_brand","embeddable":true,"href":"https:\/\/lucacastelli.com\/de\/wp-json\/wp\/v2\/product_brand?post=502861"},{"taxonomy":"product_cat","embeddable":true,"href":"https:\/\/lucacastelli.com\/de\/wp-json\/wp\/v2\/product_cat?post=502861"},{"taxonomy":"product_tag","embeddable":true,"href":"https:\/\/lucacastelli.com\/de\/wp-json\/wp\/v2\/product_tag?post=502861"}],"curies":[{"name":"wp","href":"https:\/\/api.w.org\/{rel}","templated":true}]}}