{"id":502841,"date":"2025-07-08T17:52:09","date_gmt":"2025-07-08T15:52:09","guid":{"rendered":"https:\/\/lucacastelli.com\/prodotto\/milwaukee-stufenschneider-7\/"},"modified":"2025-07-08T17:52:09","modified_gmt":"2025-07-08T15:52:09","slug":"milwaukee-stufenschneider-7","status":"publish","type":"product","link":"https:\/\/lucacastelli.com\/de\/produkt\/milwaukee-stufenschneider-7\/","title":{"rendered":"MILWAUKEE Stufenschneider"},"content":{"rendered":"<p>SHOCKWAVE-Stufenschneider\u2122 wurden f\u00fcr den Einsatz auf Schlagschraubern entwickelt und entwickelt. Der 1\/4 Zoll Sechskantschaft mit SHOCKZONE\u2122 erm\u00f6glicht maximale Haltbarkeit und vorzeitigen Bruch der Bindung; Aluminium- und Titannitrid-Beschichtung f\u00fcr bis zu 5-mal l\u00e4ngere Lebensdauer; Doppelte Spiralnut: optimiert f\u00fcr Schlagschrauber; RAPID STRIKE TIP\u2122:p Zentrierfett f\u00fcr eine bessere Zentrierung, ohne dass eine Vorbohrung gemacht werden muss; Lasergravierte Durchmesser f\u00fcr bessere Sichtbarkeit auch auf lange Sicht <\/p>\n","protected":false},"excerpt":{"rendered":"<p>SHOCKWAVE-Stufenschneider\u2122 wurden f\u00fcr den Einsatz auf Schlagschraubern entwickelt und entwickelt. Der 1\/4 Zoll Sechskantschaft mit SHOCKZONE\u2122 erm\u00f6glicht maximale Haltbarkeit und<\/p>\n","protected":false},"featured_media":485036,"template":"","meta":{"_seopress_robots_primary_cat":"","_seopress_titles_title":"","_seopress_titles_desc":"","_seopress_robots_index":""},"product_brand":[3407],"product_cat":[29,549,550],"product_tag":[3270],"class_list":{"0":"post-502841","1":"product","2":"type-product","3":"status-publish","4":"has-post-thumbnail","6":"product_brand-milwaukee","7":"product_cat-macchinari","8":"product_cat-trapani-e-avvitatori","9":"product_cat-accessori-per-trapani-ed-avvitatori","10":"product_tag-import-milwau","11":"sws-gruppo-macchinari-de","12":"sws-conto-ricavi-merci-rivendita-macchinari-de","13":"sws-gruppo-iva-iva81-de","15":"first","16":"instock","17":"sale","18":"shipping-taxable","19":"purchasable","20":"product-type-simple"},"_links":{"self":[{"href":"https:\/\/lucacastelli.com\/de\/wp-json\/wp\/v2\/product\/502841","targetHints":{"allow":["GET"]}}],"collection":[{"href":"https:\/\/lucacastelli.com\/de\/wp-json\/wp\/v2\/product"}],"about":[{"href":"https:\/\/lucacastelli.com\/de\/wp-json\/wp\/v2\/types\/product"}],"wp:featuredmedia":[{"embeddable":true,"href":"https:\/\/lucacastelli.com\/de\/wp-json\/wp\/v2\/media\/485036"}],"wp:attachment":[{"href":"https:\/\/lucacastelli.com\/de\/wp-json\/wp\/v2\/media?parent=502841"}],"wp:term":[{"taxonomy":"product_brand","embeddable":true,"href":"https:\/\/lucacastelli.com\/de\/wp-json\/wp\/v2\/product_brand?post=502841"},{"taxonomy":"product_cat","embeddable":true,"href":"https:\/\/lucacastelli.com\/de\/wp-json\/wp\/v2\/product_cat?post=502841"},{"taxonomy":"product_tag","embeddable":true,"href":"https:\/\/lucacastelli.com\/de\/wp-json\/wp\/v2\/product_tag?post=502841"}],"curies":[{"name":"wp","href":"https:\/\/api.w.org\/{rel}","templated":true}]}}