{"id":502818,"date":"2025-07-08T17:52:00","date_gmt":"2025-07-08T15:52:00","guid":{"rendered":"https:\/\/lucacastelli.com\/prodotto\/milwaukee-stufenschneider-eisenbohrer-set\/"},"modified":"2025-07-08T17:52:00","modified_gmt":"2025-07-08T15:52:00","slug":"milwaukee-stufenschneider-eisenbohrer-set","status":"publish","type":"product","link":"https:\/\/lucacastelli.com\/de\/produkt\/milwaukee-stufenschneider-eisenbohrer-set\/","title":{"rendered":"MILWAUKEE Stufenschneider  Eisenbohrer-Set"},"content":{"rendered":"<p>Stufenbohrer sind ideal zum Bohren der folgenden Materialien: &#8211; legierte und unlegierte Bleche, Profile und Rohre;- Kupfer, Messing und Aluminium;- Edelstahl;- Kunststoff;- Maximale Materialst\u00e4rke 4 mm;- Um die Best\u00e4ndigkeit zu erh\u00f6hen, wird die Verwendung von K\u00fchlmitteln empfohlen; Berufe: -Elektriker: Bohren von Platten und Schaltschr\u00e4nken f\u00fcr Kabelinstallationen;- Mechaniker von Anlagen f\u00fcr die Sanit\u00e4r-, Heizungs- und Klimatechnik: Zugangsl\u00f6cher f\u00fcr Rohre und Kabel;- Metallbauer: Bohren von verschiedenen Durchmessern und Vergr\u00f6\u00dferung von L\u00f6chern;- Automobilindustrie: L\u00f6cher f\u00fcr Kabelinstallationen (Mobiltelefone, Antennen, Kabelverlegung);- Wartung: verschiedene Anwendungen, Gr\u00f6\u00dfen und Vergr\u00f6\u00dferungen von Bohrungen; Vorteile von Stufenbohrern gegen\u00fcber herk\u00f6mmlichen Bohrern: &#8211; Ein Bohrer f\u00fcr unterschiedliche Durchmesser;- Optimale L\u00f6sung zum Vergr\u00f6\u00dfern von Bohrungen;- H\u00f6here Bruchfestigkeit als Metallbohrer;- Einfaches Zentrieren;- Sauberere und gratfreie L\u00f6cher; Keine Fragmente in der Kunststoffbohrung; Stanzen, Bohren und Entgraten in einem Arbeitsgang; Rapid Strike Bohrer f\u00fcr einfaches Zentrieren; Keine SodDrill-Oszillation und schneller Bohrfortschritt, kein Vorbohren; Die Geometrie des Bohrers erm\u00f6glicht es Ihnen, \u00e4u\u00dferst pr\u00e4zise zu bohren, ohne Grate zu hinterlassen und Spr\u00fcnge zu vermeiden, die das Material ruinieren k\u00f6nnten. Verringerung des Risikos einer Besch\u00e4digung oder Verformung des zu bohrenden Materials bei hohen Drehzahlen; Optimierte 2-schneidige Geometrie mit sehr scharfer Kante, die einen 2-mal schnelleren Bohrvorschub erm\u00f6glicht; Hergestellt aus speziell entwickeltem Stahl mit schwarzer Obsidianbeschichtung f\u00fcr eine bis zu 4x l\u00e4ngere Lebensdauer; Optimiert f\u00fcr die Verwendung mit Akku-Werkzeugen; Laser-Durchmessermarkierung f\u00fcr lange Ablesbarkeit<\/p>\n","protected":false},"excerpt":{"rendered":"<p>Stufenbohrer sind ideal zum Bohren der folgenden Materialien: &#8211; legierte und unlegierte Bleche, Profile und Rohre;- Kupfer, Messing und Aluminium;-<\/p>\n","protected":false},"featured_media":485097,"template":"","meta":{"_seopress_robots_primary_cat":"","_seopress_titles_title":"","_seopress_titles_desc":"","_seopress_robots_index":""},"product_brand":[3407],"product_cat":[29,549,550],"product_tag":[3270],"class_list":{"0":"post-502818","1":"product","2":"type-product","3":"status-publish","4":"has-post-thumbnail","6":"product_brand-milwaukee","7":"product_cat-macchinari","8":"product_cat-trapani-e-avvitatori","9":"product_cat-accessori-per-trapani-ed-avvitatori","10":"product_tag-import-milwau","11":"sws-gruppo-macchinari-de","12":"sws-conto-ricavi-merci-rivendita-macchinari-de","13":"sws-gruppo-iva-iva81-de","15":"first","16":"instock","17":"sale","18":"shipping-taxable","19":"purchasable","20":"product-type-simple"},"_links":{"self":[{"href":"https:\/\/lucacastelli.com\/de\/wp-json\/wp\/v2\/product\/502818","targetHints":{"allow":["GET"]}}],"collection":[{"href":"https:\/\/lucacastelli.com\/de\/wp-json\/wp\/v2\/product"}],"about":[{"href":"https:\/\/lucacastelli.com\/de\/wp-json\/wp\/v2\/types\/product"}],"wp:featuredmedia":[{"embeddable":true,"href":"https:\/\/lucacastelli.com\/de\/wp-json\/wp\/v2\/media\/485097"}],"wp:attachment":[{"href":"https:\/\/lucacastelli.com\/de\/wp-json\/wp\/v2\/media?parent=502818"}],"wp:term":[{"taxonomy":"product_brand","embeddable":true,"href":"https:\/\/lucacastelli.com\/de\/wp-json\/wp\/v2\/product_brand?post=502818"},{"taxonomy":"product_cat","embeddable":true,"href":"https:\/\/lucacastelli.com\/de\/wp-json\/wp\/v2\/product_cat?post=502818"},{"taxonomy":"product_tag","embeddable":true,"href":"https:\/\/lucacastelli.com\/de\/wp-json\/wp\/v2\/product_tag?post=502818"}],"curies":[{"name":"wp","href":"https:\/\/api.w.org\/{rel}","templated":true}]}}