{"id":502812,"date":"2025-07-08T17:51:59","date_gmt":"2025-07-08T15:51:59","guid":{"rendered":"https:\/\/lucacastelli.com\/prodotto\/milwaukee-stufenschneider-kobalt-3\/"},"modified":"2025-07-08T17:51:59","modified_gmt":"2025-07-08T15:51:59","slug":"milwaukee-stufenschneider-kobalt-3","status":"publish","type":"product","link":"https:\/\/lucacastelli.com\/de\/produkt\/milwaukee-stufenschneider-kobalt-3\/","title":{"rendered":"MILWAUKEE Stufenschneider Kobalt"},"content":{"rendered":"<p>Neue Aluminium-Chromnitrid-Beschichtung (AlCrN) f\u00fcr eine 10-mal l\u00e4ngere Lebensdauer als der Standard-MILWAUKEE-Stufenfr\u00e4ser\u00ae; Ideal f\u00fcr Stahl und Edelstahl; RAPID STRIKE TIP\u2122:p Zentrierfett f\u00fcr eine bessere Zentrierung, ohne dass eine Vorbohrung gemacht werden muss; Spezieller Fr\u00e4ser und &#8220;Stufen&#8221;-Geometrie f\u00fcr staufreie Leistung: reduziert das mechanische Risiko und verhindert auch Materialverformungen beim Vorbohren; Optimierte 2-schneidige Geometrie mit sehr scharfer Kante, die es bis zu 2x schneller macht; 3-seitiger Schaft f\u00fcr maximalen Schafthalt an der Spindel, um eine maximale Drehmoment\u00fcbertragung zu gew\u00e4hrleisten; Lasergravierte Durchmesser f\u00fcr bessere Sichtbarkeit auch auf lange Sicht<\/p>\n","protected":false},"excerpt":{"rendered":"<p>Neue Aluminium-Chromnitrid-Beschichtung (AlCrN) f\u00fcr eine 10-mal l\u00e4ngere Lebensdauer als der Standard-MILWAUKEE-Stufenfr\u00e4ser\u00ae; Ideal f\u00fcr Stahl und Edelstahl; RAPID STRIKE TIP\u2122:p Zentrierfett<\/p>\n","protected":false},"featured_media":485110,"template":"","meta":{"_seopress_robots_primary_cat":"","_seopress_titles_title":"","_seopress_titles_desc":"","_seopress_robots_index":""},"product_brand":[3407],"product_cat":[29,549,550],"product_tag":[3270],"class_list":{"0":"post-502812","1":"product","2":"type-product","3":"status-publish","4":"has-post-thumbnail","6":"product_brand-milwaukee","7":"product_cat-macchinari","8":"product_cat-trapani-e-avvitatori","9":"product_cat-accessori-per-trapani-ed-avvitatori","10":"product_tag-import-milwau","11":"sws-gruppo-macchinari-de","12":"sws-conto-ricavi-merci-rivendita-macchinari-de","13":"sws-gruppo-iva-iva81-de","15":"first","16":"instock","17":"sale","18":"shipping-taxable","19":"purchasable","20":"product-type-simple"},"_links":{"self":[{"href":"https:\/\/lucacastelli.com\/de\/wp-json\/wp\/v2\/product\/502812","targetHints":{"allow":["GET"]}}],"collection":[{"href":"https:\/\/lucacastelli.com\/de\/wp-json\/wp\/v2\/product"}],"about":[{"href":"https:\/\/lucacastelli.com\/de\/wp-json\/wp\/v2\/types\/product"}],"wp:featuredmedia":[{"embeddable":true,"href":"https:\/\/lucacastelli.com\/de\/wp-json\/wp\/v2\/media\/485110"}],"wp:attachment":[{"href":"https:\/\/lucacastelli.com\/de\/wp-json\/wp\/v2\/media?parent=502812"}],"wp:term":[{"taxonomy":"product_brand","embeddable":true,"href":"https:\/\/lucacastelli.com\/de\/wp-json\/wp\/v2\/product_brand?post=502812"},{"taxonomy":"product_cat","embeddable":true,"href":"https:\/\/lucacastelli.com\/de\/wp-json\/wp\/v2\/product_cat?post=502812"},{"taxonomy":"product_tag","embeddable":true,"href":"https:\/\/lucacastelli.com\/de\/wp-json\/wp\/v2\/product_tag?post=502812"}],"curies":[{"name":"wp","href":"https:\/\/api.w.org\/{rel}","templated":true}]}}