{"id":502808,"date":"2025-07-08T17:51:53","date_gmt":"2025-07-08T15:51:53","guid":{"rendered":"https:\/\/lucacastelli.com\/prodotto\/milwaukee-stufenschneider-set\/"},"modified":"2025-07-08T17:51:53","modified_gmt":"2025-07-08T15:51:53","slug":"milwaukee-stufenschneider-set","status":"publish","type":"product","link":"https:\/\/lucacastelli.com\/de\/produkt\/milwaukee-stufenschneider-set\/","title":{"rendered":"MILWAUKEE Stufenschneider-Set"},"content":{"rendered":"<p>Stufenbohrer eignen sich ideal zum Bohren folgender Materialien: &#8211; Eisen- und Nichteisenbleche, Profile und Rohre. &#8211; Kupfer, Messing und Aluminium. -Edelstahl. -Plastik. &#8211; Die maximale Dicke des Materials betr\u00e4gt 4 mm. &#8211; Um eine optimale Lebensdauer zu gew\u00e4hrleisten, empfehlen wir die Verwendung eines K\u00fchl-\/Schmiermittels; Elektriker: Bohren von Paneelen und K\u00e4sten f\u00fcr die Installation von Kabelverschraubungen. &#8211; Sanit\u00e4r\/HLK: Zugangsl\u00f6cher f\u00fcr Rohrleitungen und Installationen. &#8211; Metallschreiner: verschiedene Gr\u00f6\u00dfen und Vergr\u00f6\u00dferungen der L\u00f6cher. &#8211; Automobilindustrie: L\u00f6cher f\u00fcr die Kabelinstallation (Mobiltelefone, Antennen, Verlegung von Elektrokabeln). &#8211; Wartungstechniker: verschiedene Anwendungen mit unterschiedlichen Durchmessern und Lochvergr\u00f6\u00dferungen; Die gr\u00f6\u00dften Vorteile gegen\u00fcber dem Bohren mit herk\u00f6mmlichen Bohrern sind: Mit einem Fr\u00e4ser k\u00f6nnen mehrere Gr\u00f6\u00dfen gebohrt werden &#8211; Besser zum Vergr\u00f6\u00dfern vorhandener L\u00f6cher. &#8211; Haltbarer als Spiralbohrer. &#8211; Pr\u00e4ziser. &#8211; Sauberere L\u00f6cher. &#8211; Bohren in verschiedene Arten von Kunststoffen, um Bruch zu vermeiden; Milwaukee-Vorteile; Kr\u00e4useln der Oberfl\u00e4che, Bohren und Entfernen von Graten \u2013 alles in einer einzigen Geste; Zentrierbohrer f\u00fcr eine bessere Zentrierung, ohne dass eine Vorbohrung vorgenommen werden muss; Die Geometrie des Bohrers erm\u00f6glicht es Ihnen, \u00e4u\u00dferst pr\u00e4zise zu bohren, ohne Grate zu hinterlassen und Spr\u00fcnge zu vermeiden, die das Material ruinieren k\u00f6nnten. Optimierte 2-schneidige Geometrie mit sehr scharfer Kante, die es bis zu 2x schneller macht; Speziell entwickeltes Stahlprodukt mit schwarzer Obsidianbeschichtung f\u00fcr eine l\u00e4ngere Lebensdauer, bis zu 4-mal l\u00e4nger als bei klassischen Stufenschneidern; Optimiert f\u00fcr den Einsatz mit hohen Geschwindigkeiten von Akku-Werkzeugen; Lasergravierte Durchmesser f\u00fcr bessere Sichtbarkeit auch auf lange Sicht; Beseitigt Flecken automatisch; Maximaler Schafthalt an der Spindel, um eine maximale Drehmoment\u00fcbertragung zu gew\u00e4hrleisten            <\/p>\n","protected":false},"excerpt":{"rendered":"<p>Stufenbohrer eignen sich ideal zum Bohren folgender Materialien: &#8211; Eisen- und Nichteisenbleche, Profile und Rohre. &#8211; Kupfer, Messing und Aluminium.<\/p>\n","protected":false},"featured_media":485130,"template":"","meta":{"_seopress_robots_primary_cat":"","_seopress_titles_title":"","_seopress_titles_desc":"","_seopress_robots_index":""},"product_brand":[3656],"product_cat":[1553,169,1554],"product_tag":[3272],"class_list":{"0":"post-502808","1":"product","2":"type-product","3":"status-publish","4":"has-post-thumbnail","6":"product_brand-milwaukee-de","7":"product_cat-bohrer-und-schraubendreher","8":"product_cat-maschinen","9":"product_cat-zubehor-fur-bohrmaschinen-und-schraubendreher","10":"product_tag-import-milwau-de","11":"sws-gruppo-macchinari-de","12":"sws-conto-ricavi-merci-rivendita-macchinari-de","13":"sws-gruppo-iva-iva81-de","15":"first","16":"instock","17":"sale","18":"shipping-taxable","19":"purchasable","20":"product-type-simple"},"_links":{"self":[{"href":"https:\/\/lucacastelli.com\/de\/wp-json\/wp\/v2\/product\/502808","targetHints":{"allow":["GET"]}}],"collection":[{"href":"https:\/\/lucacastelli.com\/de\/wp-json\/wp\/v2\/product"}],"about":[{"href":"https:\/\/lucacastelli.com\/de\/wp-json\/wp\/v2\/types\/product"}],"wp:featuredmedia":[{"embeddable":true,"href":"https:\/\/lucacastelli.com\/de\/wp-json\/wp\/v2\/media\/485130"}],"wp:attachment":[{"href":"https:\/\/lucacastelli.com\/de\/wp-json\/wp\/v2\/media?parent=502808"}],"wp:term":[{"taxonomy":"product_brand","embeddable":true,"href":"https:\/\/lucacastelli.com\/de\/wp-json\/wp\/v2\/product_brand?post=502808"},{"taxonomy":"product_cat","embeddable":true,"href":"https:\/\/lucacastelli.com\/de\/wp-json\/wp\/v2\/product_cat?post=502808"},{"taxonomy":"product_tag","embeddable":true,"href":"https:\/\/lucacastelli.com\/de\/wp-json\/wp\/v2\/product_tag?post=502808"}],"curies":[{"name":"wp","href":"https:\/\/api.w.org\/{rel}","templated":true}]}}