{"id":502761,"date":"2025-07-08T17:19:33","date_gmt":"2025-07-08T15:19:33","guid":{"rendered":"https:\/\/lucacastelli.com\/prodotto\/milwaukee-pilotbohrmaschine-fuer-kettenblaetter\/"},"modified":"2025-07-08T17:19:33","modified_gmt":"2025-07-08T15:19:33","slug":"milwaukee-pilotbohrmaschine-fuer-kettenblaetter","status":"publish","type":"product","link":"https:\/\/lucacastelli.com\/de\/produkt\/milwaukee-pilotbohrmaschine-fuer-kettenblaetter\/","title":{"rendered":"MILWAUKEE Pilotbohrmaschine f\u00fcr Kettenbl\u00e4tter"},"content":{"rendered":"<p>Extrem flexibles System, das verschiedene Kombinationen von L\u00e4ngen und Durchmessern erm\u00f6glicht. F\u00fcr Kronen- und Tunnelbohrer. Es wird empfohlen, maximal 3 Verl\u00e4ngerungskabel zu verwenden. Kosteneffizienz. Mehr Vielseitigkeit bedeutet weniger Bits = weniger Gewicht in der Tasche des Benutzers; Kann f\u00fcr H\u00e4mmer bis zu 8 kg verwendet werden; Tunnelbohrer (mit Gewindestift geliefert); Nicht verwendbar in Stahlbeton   <\/p>\n","protected":false},"excerpt":{"rendered":"<p>Extrem flexibles System, das verschiedene Kombinationen von L\u00e4ngen und Durchmessern erm\u00f6glicht. F\u00fcr Kronen- und Tunnelbohrer. Es wird empfohlen, maximal 3<\/p>\n","protected":false},"featured_media":485857,"template":"","meta":{"_seopress_robots_primary_cat":"","_seopress_titles_title":"","_seopress_titles_desc":"","_seopress_robots_index":""},"product_brand":[3656],"product_cat":[169,1553,1554],"product_tag":[3272],"class_list":{"0":"post-502761","1":"product","2":"type-product","3":"status-publish","4":"has-post-thumbnail","6":"product_brand-milwaukee-de","7":"product_cat-maschinen","8":"product_cat-bohrer-und-schraubendreher","9":"product_cat-zubehor-fur-bohrmaschinen-und-schraubendreher","10":"product_tag-import-milwau-de","11":"sws-gruppo-macchinari-de","12":"sws-conto-ricavi-merci-rivendita-macchinari-de","13":"sws-gruppo-iva-iva81-de","15":"first","16":"instock","17":"sale","18":"shipping-taxable","19":"purchasable","20":"product-type-simple"},"_links":{"self":[{"href":"https:\/\/lucacastelli.com\/de\/wp-json\/wp\/v2\/product\/502761","targetHints":{"allow":["GET"]}}],"collection":[{"href":"https:\/\/lucacastelli.com\/de\/wp-json\/wp\/v2\/product"}],"about":[{"href":"https:\/\/lucacastelli.com\/de\/wp-json\/wp\/v2\/types\/product"}],"wp:featuredmedia":[{"embeddable":true,"href":"https:\/\/lucacastelli.com\/de\/wp-json\/wp\/v2\/media\/485857"}],"wp:attachment":[{"href":"https:\/\/lucacastelli.com\/de\/wp-json\/wp\/v2\/media?parent=502761"}],"wp:term":[{"taxonomy":"product_brand","embeddable":true,"href":"https:\/\/lucacastelli.com\/de\/wp-json\/wp\/v2\/product_brand?post=502761"},{"taxonomy":"product_cat","embeddable":true,"href":"https:\/\/lucacastelli.com\/de\/wp-json\/wp\/v2\/product_cat?post=502761"},{"taxonomy":"product_tag","embeddable":true,"href":"https:\/\/lucacastelli.com\/de\/wp-json\/wp\/v2\/product_tag?post=502761"}],"curies":[{"name":"wp","href":"https:\/\/api.w.org\/{rel}","templated":true}]}}