{"id":502714,"date":"2025-07-08T17:18:57","date_gmt":"2025-07-08T15:18:57","guid":{"rendered":"https:\/\/lucacastelli.com\/prodotto\/milwaukee-tipp-8\/"},"modified":"2025-07-08T17:18:57","modified_gmt":"2025-07-08T15:18:57","slug":"milwaukee-tipp-8","status":"publish","type":"product","link":"https:\/\/lucacastelli.com\/de\/produkt\/milwaukee-tipp-8\/","title":{"rendered":"MILWAUKEE Tipp"},"content":{"rendered":"<p>Abbruchz\u00e4hne: 3 sehr aggressive Abbruchz\u00e4hne. Diese erzeugen einen Zolldemolition-Effekt, der Mikrobr\u00fcche im Material erzeugt, die das Bohren extrem schnell machen. BIS ZU 25 % SCHNELLER; Der Zentrierbohrer sorgt f\u00fcr schnelle Bohrzeiten und h\u00f6chste Pr\u00e4zision. Dar\u00fcber hinaus verhindert es ein Verrutschen auf glatten Oberfl\u00e4chen; Anfasen von Schneidkanten. Verhindert Besch\u00e4digung und Verklemmen des Bohrers in Gegenwart von Stangen oder anderen harten Materialien. Reduziert die Reibung beim Bohren f\u00fcr eine h\u00f6here Geschwindigkeit; Rillen-Design. Die Schulter der Nut verj\u00fcngt sich, wenn Sie sich der Schneide n\u00e4hern, was den Bohrer extrem schnell beim Bohren macht, da es die Reibung mit dem Material reduziert. Dies erm\u00f6glicht eine geringere Energieaufnahme und damit eine gr\u00f6\u00dfere Arbeitsautonomie, folglich eine gr\u00f6\u00dfere Anzahl von L\u00f6chern pro Ladung. Damit sind sie ideal f\u00fcr Akku-H\u00e4mmer; Verst\u00e4rkte Rille. Optimierte tiefe Rille f\u00fcr erh\u00f6hte Staubabsaugung. Das verst\u00e4rkte Rillendesign erm\u00f6glicht: volle Energie\u00fcbertragung auf die Spitze, weniger Vibrationen, au\u00dfergew\u00f6hnliche Bruchfestigkeit und maximale Haltbarkeit; Hergestellt in Deutschland; Maximale Bohrgeschwindigkeit: Die besondere Form des Kopfes erm\u00f6glicht ein schnelles Bohren und einen hervorragenden Materialabtrag; Maximale Haltbarkeit: Die Lebensdauer des Bohrers wird durch Hartmetall-Schneidkanten mit optimiertem Design und extrem starker Verschwei\u00dfung gew\u00e4hrleistet          <\/p>\n","protected":false},"excerpt":{"rendered":"<p>Abbruchz\u00e4hne: 3 sehr aggressive Abbruchz\u00e4hne. Diese erzeugen einen Zolldemolition-Effekt, der Mikrobr\u00fcche im Material erzeugt, die das Bohren extrem schnell machen.<\/p>\n","protected":false},"featured_media":486042,"template":"","meta":{"_seopress_robots_primary_cat":"","_seopress_titles_title":"","_seopress_titles_desc":"","_seopress_robots_index":""},"product_brand":[3656],"product_cat":[1553,169,1554],"product_tag":[3272],"class_list":{"0":"post-502714","1":"product","2":"type-product","3":"status-publish","4":"has-post-thumbnail","6":"product_brand-milwaukee-de","7":"product_cat-bohrer-und-schraubendreher","8":"product_cat-maschinen","9":"product_cat-zubehor-fur-bohrmaschinen-und-schraubendreher","10":"product_tag-import-milwau-de","11":"sws-gruppo-macchinari-de","12":"sws-conto-ricavi-merci-rivendita-macchinari-de","13":"sws-gruppo-iva-iva81-de","15":"first","16":"instock","17":"sale","18":"shipping-taxable","19":"purchasable","20":"product-type-simple"},"_links":{"self":[{"href":"https:\/\/lucacastelli.com\/de\/wp-json\/wp\/v2\/product\/502714","targetHints":{"allow":["GET"]}}],"collection":[{"href":"https:\/\/lucacastelli.com\/de\/wp-json\/wp\/v2\/product"}],"about":[{"href":"https:\/\/lucacastelli.com\/de\/wp-json\/wp\/v2\/types\/product"}],"wp:featuredmedia":[{"embeddable":true,"href":"https:\/\/lucacastelli.com\/de\/wp-json\/wp\/v2\/media\/486042"}],"wp:attachment":[{"href":"https:\/\/lucacastelli.com\/de\/wp-json\/wp\/v2\/media?parent=502714"}],"wp:term":[{"taxonomy":"product_brand","embeddable":true,"href":"https:\/\/lucacastelli.com\/de\/wp-json\/wp\/v2\/product_brand?post=502714"},{"taxonomy":"product_cat","embeddable":true,"href":"https:\/\/lucacastelli.com\/de\/wp-json\/wp\/v2\/product_cat?post=502714"},{"taxonomy":"product_tag","embeddable":true,"href":"https:\/\/lucacastelli.com\/de\/wp-json\/wp\/v2\/product_tag?post=502714"}],"curies":[{"name":"wp","href":"https:\/\/api.w.org\/{rel}","templated":true}]}}